{"id":77917,"date":"2025-08-27T11:06:44","date_gmt":"2025-08-27T11:06:44","guid":{"rendered":"https:\/\/e.kosmolat.eu\/product\/balzams-zelta-zvaigzne-aromatiskais-zimulis-1-3-g\/"},"modified":"2026-04-23T05:48:08","modified_gmt":"2026-04-23T05:48:08","slug":"balzams-zelta-zvaigzne-aromatiskais-zimulis-1-3-g","status":"publish","type":"product","link":"https:\/\/e.kosmolat.eu\/lv\/product\/balzams-zelta-zvaigzne-aromatiskais-zimulis-1-3-g\/","title":{"rendered":"Balz\u0101ms Zelta Zvaigzne Arom\u0101tiskais z\u012bmulis, 1.3 g"},"content":{"rendered":"<p>\u0112terisko e\u013c\u013cu kompoz\u012bcija. Ar klasisk\u0101s &#8220;zvaigzn\u012btes&#8221; arom\u0101tu. \u013bauj jums elpot daudz viegl\u0101k! Sniedz pat\u012bkamu, atsvaidzino\u0161u saj\u016btu degun\u0101. 1\u20132 inhal\u0101cijas katr\u0101 n\u0101s\u012b p\u0113c nepiecie\u0161am\u012bbas.<\/p>\n<p>Nav ieteicams lietot paaugstin\u0101tas jut\u012bbas gad\u012bjumos un b\u0113rniem l\u012bdz 2 g.v. Produkts neatjauno, nekori\u0123\u0113 un nemodific\u0113 fiziolo\u0123isk\u0101s funkcijas.<\/p>\n<p>Uzglab\u0101\u0161ana: b\u0113rniem nepieejam\u0101, saus\u0101, tum\u0161\u0101 viet\u0101, temperat\u016br\u0101 no +15\u00b0C l\u012bdz +25\u00b0C.<\/p>\n","protected":false},"excerpt":{"rendered":"<p>\u0112terisko e\u013c\u013cu kompoz\u012bcija. Ar klasisk\u0101s &#8220;zvaigzn\u012btes&#8221; arom\u0101tu. \u013bauj jums elpot daudz viegl\u0101k! Sniedz pat\u012bkamu, atsvaidzino\u0161u saj\u016btu degun\u0101. 1\u20132 inhal\u0101cijas katr\u0101 n\u0101s\u012b p\u0113c nepiecie\u0161am\u012bbas. Nav ieteicams lietot paaugstin\u0101tas jut\u012bbas gad\u012bjumos un b\u0113rniem l\u012bdz 2 g.v. Produkts neatjauno, nekori\u0123\u0113 un nemodific\u0113 fiziolo\u0123isk\u0101s funkcijas. Uzglab\u0101\u0161ana: b\u0113rniem nepieejam\u0101, saus\u0101, tum\u0161\u0101 viet\u0101, temperat\u016br\u0101 no +15\u00b0C l\u012bdz +25\u00b0C.<\/p>\n","protected":false},"featured_media":96310,"template":"","meta":[],"product_cat":[1599],"product_tag":[],"class_list":{"0":"post-77917","1":"product","2":"type-product","3":"status-publish","4":"has-post-thumbnail","6":"product_brand-danhson_bg","7":"product_cat-aliejai-ir-kitos-specifines-priemones","9":"first","10":"instock","11":"taxable","12":"shipping-taxable","13":"product-type-simple"},"_links":{"self":[{"href":"https:\/\/e.kosmolat.eu\/lv\/wp-json\/wp\/v2\/product\/77917","targetHints":{"allow":["GET"]}}],"collection":[{"href":"https:\/\/e.kosmolat.eu\/lv\/wp-json\/wp\/v2\/product"}],"about":[{"href":"https:\/\/e.kosmolat.eu\/lv\/wp-json\/wp\/v2\/types\/product"}],"wp:featuredmedia":[{"embeddable":true,"href":"https:\/\/e.kosmolat.eu\/lv\/wp-json\/wp\/v2\/media\/96310"}],"wp:attachment":[{"href":"https:\/\/e.kosmolat.eu\/lv\/wp-json\/wp\/v2\/media?parent=77917"}],"wp:term":[{"taxonomy":"product_cat","embeddable":true,"href":"https:\/\/e.kosmolat.eu\/lv\/wp-json\/wp\/v2\/product_cat?post=77917"},{"taxonomy":"product_tag","embeddable":true,"href":"https:\/\/e.kosmolat.eu\/lv\/wp-json\/wp\/v2\/product_tag?post=77917"}],"curies":[{"name":"wp","href":"https:\/\/api.w.org\/{rel}","templated":true}]}}