{"id":77913,"date":"2025-08-27T10:50:45","date_gmt":"2025-08-27T10:50:45","guid":{"rendered":"https:\/\/e.kosmolat.eu\/product\/zelta-zvaigzne-balzams-4-g\/"},"modified":"2026-04-18T11:22:04","modified_gmt":"2026-04-18T11:22:04","slug":"balzams-zelta-zvaigzne-4-g","status":"publish","type":"product","link":"https:\/\/e.kosmolat.eu\/lv\/product\/balzams-zelta-zvaigzne-4-g\/","title":{"rendered":"Balz\u0101ms Zelta Zvaigzne, 4 g"},"content":{"rendered":"<p>Lok\u0101li lietojams l\u012bdzeklis. Var izmantot mikromas\u0101\u017eai vai k\u0101 atv\u0113sino\u0161u l\u012bdzekli. Iedarb\u012bgs kukai\u0146u kodumu gad\u012bjumos \u2013 no\u0146em niezi, piet\u016bkumu.<\/p>\n<p>Lieto\u0161anas veids: \u0101r\u012bgai lieto\u0161anai. Nepiecie\u0161amo balz\u0101ma daudzumu uzkl\u0101t uz \u0101das ar mas\u0113jo\u0161\u0101m kust\u012bb\u0101m pl\u0101n\u0101 k\u0101rt\u0101; kukai\u0146u kodumu gad\u012bjumos uzkl\u0101t uz koduma vietas.<\/p>\n<p>Br\u012bdin\u0101jumi: ja rodas aler\u0123iskas reakcijas balz\u0101ma lieto\u0161anu atce\u013c un balz\u0101ma atliekas noskalo no \u0101das ar siltu \u016bdeni.<\/p>\n<p>Lietojot balz\u0101mu, j\u0101seko, lai tas nenok\u013c\u016btu uz acu, deguna g\u013cot\u0101d\u0101m. Nav ieteicams lietot paaugstin\u0101tas j\u016bt\u012bbas, \u0101das slim\u012bbu vai atkl\u0101tu br\u016b\u010du gad\u012bjumos, b\u0113rniem l\u012bdz 2 g.v.<\/p>\n<p>Uzglab\u0101\u0161ana: b\u0113rniem nepieejam\u0101 viet\u0101, saus\u0101, tum\u0161\u0101 viet\u0101 temperat\u016br\u0101 no +15\u00b0C l\u012bdz +25\u00b0C.<\/p>\n","protected":false},"excerpt":{"rendered":"<p>Lok\u0101li lietojams l\u012bdzeklis. Var izmantot mikromas\u0101\u017eai vai k\u0101 atv\u0113sino\u0161u l\u012bdzekli. Iedarb\u012bgs kukai\u0146u kodumu gad\u012bjumos \u2013 no\u0146em niezi, piet\u016bkumu. Lieto\u0161anas veids: \u0101r\u012bgai lieto\u0161anai. Nepiecie\u0161amo balz\u0101ma daudzumu uzkl\u0101t uz \u0101das ar mas\u0113jo\u0161\u0101m kust\u012bb\u0101m pl\u0101n\u0101 k\u0101rt\u0101; kukai\u0146u kodumu gad\u012bjumos uzkl\u0101t uz koduma vietas. Br\u012bdin\u0101jumi: ja rodas aler\u0123iskas reakcijas balz\u0101ma lieto\u0161anu atce\u013c un balz\u0101ma atliekas noskalo no \u0101das ar [&#8230;]\n","protected":false},"featured_media":96306,"template":"","meta":[],"product_cat":[1390],"product_tag":[],"class_list":{"0":"post-77913","1":"product","2":"type-product","3":"status-publish","4":"has-post-thumbnail","6":"product_brand-danhson_bg","7":"product_cat-kremai-aliejai-kuno-pienelis","9":"first","10":"instock","11":"taxable","12":"shipping-taxable","13":"product-type-simple"},"_links":{"self":[{"href":"https:\/\/e.kosmolat.eu\/lv\/wp-json\/wp\/v2\/product\/77913","targetHints":{"allow":["GET"]}}],"collection":[{"href":"https:\/\/e.kosmolat.eu\/lv\/wp-json\/wp\/v2\/product"}],"about":[{"href":"https:\/\/e.kosmolat.eu\/lv\/wp-json\/wp\/v2\/types\/product"}],"wp:featuredmedia":[{"embeddable":true,"href":"https:\/\/e.kosmolat.eu\/lv\/wp-json\/wp\/v2\/media\/96306"}],"wp:attachment":[{"href":"https:\/\/e.kosmolat.eu\/lv\/wp-json\/wp\/v2\/media?parent=77913"}],"wp:term":[{"taxonomy":"product_cat","embeddable":true,"href":"https:\/\/e.kosmolat.eu\/lv\/wp-json\/wp\/v2\/product_cat?post=77913"},{"taxonomy":"product_tag","embeddable":true,"href":"https:\/\/e.kosmolat.eu\/lv\/wp-json\/wp\/v2\/product_tag?post=77913"}],"curies":[{"name":"wp","href":"https:\/\/api.w.org\/{rel}","templated":true}]}}