{"id":77887,"date":"2025-08-27T04:01:16","date_gmt":"2025-08-27T04:01:16","guid":{"rendered":"https:\/\/e.kosmolat.eu\/product\/topface-slipa-uzacu-ota-f15\/"},"modified":"2026-04-01T09:15:28","modified_gmt":"2026-04-01T09:15:28","slug":"topface-slipa-uzacu-ota-f15","status":"publish","type":"product","link":"https:\/\/e.kosmolat.eu\/lv\/product\/topface-slipa-uzacu-ota-f15\/","title":{"rendered":"Topface Sl\u012bpa uzacu ota F15"},"content":{"rendered":"<p>Pateicoties savam izm\u0113ram un sl\u012bpajai formai, \u0161\u012b ota ir \u013coti noder\u012bga acu \u0113nu un uzacu \u017eelejas ide\u0101lai uzkl\u0101\u0161anai. Sl\u012bpais, smalkais gals \u013cauj prec\u012bzi iekr\u0101sot mati\u0146us. Samitriniet otu ar siltu \u016bdeni. Att\u012briet sari\u0146us ar j\u016bsu izv\u0113l\u0113to att\u012bro\u0161o l\u012bdzekli. R\u016bp\u012bgi izskalojiet. Nosusiniet lieko mitrumu ar t\u012bru pap\u012bra dvieli.<\/p>\n","protected":false},"excerpt":{"rendered":"<p>Pateicoties savam izm\u0113ram un sl\u012bpajai formai, \u0161\u012b ota ir \u013coti noder\u012bga acu \u0113nu un uzacu \u017eelejas ide\u0101lai uzkl\u0101\u0161anai. Sl\u012bpais, smalkais gals \u013cauj prec\u012bzi iekr\u0101sot mati\u0146us. Samitriniet otu ar siltu \u016bdeni. Att\u012briet sari\u0146us ar j\u016bsu izv\u0113l\u0113to att\u012bro\u0161o l\u012bdzekli. R\u016bp\u012bgi izskalojiet. Nosusiniet lieko mitrumu ar t\u012bru pap\u012bra dvieli.<\/p>\n","protected":false},"featured_media":95634,"template":"","meta":[],"product_cat":[1546],"product_tag":[],"class_list":{"0":"post-77887","1":"product","2":"type-product","3":"status-publish","4":"has-post-thumbnail","6":"product_brand-top-face-tr","7":"product_cat-otinas","9":"first","10":"instock","11":"taxable","12":"shipping-taxable","13":"product-type-simple"},"_links":{"self":[{"href":"https:\/\/e.kosmolat.eu\/lv\/wp-json\/wp\/v2\/product\/77887","targetHints":{"allow":["GET"]}}],"collection":[{"href":"https:\/\/e.kosmolat.eu\/lv\/wp-json\/wp\/v2\/product"}],"about":[{"href":"https:\/\/e.kosmolat.eu\/lv\/wp-json\/wp\/v2\/types\/product"}],"wp:featuredmedia":[{"embeddable":true,"href":"https:\/\/e.kosmolat.eu\/lv\/wp-json\/wp\/v2\/media\/95634"}],"wp:attachment":[{"href":"https:\/\/e.kosmolat.eu\/lv\/wp-json\/wp\/v2\/media?parent=77887"}],"wp:term":[{"taxonomy":"product_cat","embeddable":true,"href":"https:\/\/e.kosmolat.eu\/lv\/wp-json\/wp\/v2\/product_cat?post=77887"},{"taxonomy":"product_tag","embeddable":true,"href":"https:\/\/e.kosmolat.eu\/lv\/wp-json\/wp\/v2\/product_tag?post=77887"}],"curies":[{"name":"wp","href":"https:\/\/api.w.org\/{rel}","templated":true}]}}