{"id":77871,"date":"2025-08-27T04:00:42","date_gmt":"2025-08-27T04:00:42","guid":{"rendered":"https:\/\/e.kosmolat.eu\/product\/topface-fix-quickly-grima-fiksejosais-aerosols-vis-ad-tip-100-ml\/"},"modified":"2026-04-21T05:52:00","modified_gmt":"2026-04-21T05:52:00","slug":"topface-fix-quickly-grima-fiksejosais-aerosols-vis-ad-tip-100-ml","status":"publish","type":"product","link":"https:\/\/e.kosmolat.eu\/lv\/product\/topface-fix-quickly-grima-fiksejosais-aerosols-vis-ad-tip-100-ml\/","title":{"rendered":"Topface Fix Quickly Grima fiks\u0113jo\u0161ais aerosols vis. \u0101d. tip., 100 ml"},"content":{"rendered":"<p>Lai izveidotu ide\u0101lu pamatu grimam vai nostiprin\u0101tu grimu, izsmidziniet spreju 3\u20134 reizes, turot pudel\u012bti 20\u201325 cm att\u0101lum\u0101 no sejas. Uzglab\u0101t b\u0113rniem nepieejam\u0101 viet\u0101.<\/p>\n","protected":false},"excerpt":{"rendered":"<p>Lai izveidotu ide\u0101lu pamatu grimam vai nostiprin\u0101tu grimu, izsmidziniet spreju 3\u20134 reizes, turot pudel\u012bti 20\u201325 cm att\u0101lum\u0101 no sejas. Uzglab\u0101t b\u0113rniem nepieejam\u0101 viet\u0101.<\/p>\n","protected":false},"featured_media":95458,"template":"","meta":[],"product_cat":[1599],"product_tag":[],"class_list":{"0":"post-77871","1":"product","2":"type-product","3":"status-publish","4":"has-post-thumbnail","6":"product_brand-top-face-tr","7":"product_cat-aliejai-ir-kitos-specifines-priemones","9":"first","10":"outofstock","11":"taxable","12":"shipping-taxable","13":"product-type-simple"},"_links":{"self":[{"href":"https:\/\/e.kosmolat.eu\/lv\/wp-json\/wp\/v2\/product\/77871","targetHints":{"allow":["GET"]}}],"collection":[{"href":"https:\/\/e.kosmolat.eu\/lv\/wp-json\/wp\/v2\/product"}],"about":[{"href":"https:\/\/e.kosmolat.eu\/lv\/wp-json\/wp\/v2\/types\/product"}],"wp:featuredmedia":[{"embeddable":true,"href":"https:\/\/e.kosmolat.eu\/lv\/wp-json\/wp\/v2\/media\/95458"}],"wp:attachment":[{"href":"https:\/\/e.kosmolat.eu\/lv\/wp-json\/wp\/v2\/media?parent=77871"}],"wp:term":[{"taxonomy":"product_cat","embeddable":true,"href":"https:\/\/e.kosmolat.eu\/lv\/wp-json\/wp\/v2\/product_cat?post=77871"},{"taxonomy":"product_tag","embeddable":true,"href":"https:\/\/e.kosmolat.eu\/lv\/wp-json\/wp\/v2\/product_tag?post=77871"}],"curies":[{"name":"wp","href":"https:\/\/api.w.org\/{rel}","templated":true}]}}