{"id":77863,"date":"2025-08-27T04:00:26","date_gmt":"2025-08-27T04:00:26","guid":{"rendered":"https:\/\/e.kosmolat.eu\/product\/topface-skin-editor-001-matejoss-bb-krems-spf-15-30-ml\/"},"modified":"2026-04-11T19:00:27","modified_gmt":"2026-04-11T19:00:27","slug":"topface-skin-editor-001-matejoss-bb-krems-spf-15-30-ml","status":"publish","type":"product","link":"https:\/\/e.kosmolat.eu\/lv\/product\/topface-skin-editor-001-matejoss-bb-krems-spf-15-30-ml\/","title":{"rendered":"Topface Skin Editor 001 Mat\u0113jo\u0161s BB kr\u0113ms, SPF 15, 30 ml"},"content":{"rendered":"<p>BB kr\u0113ms pied\u0101v\u0101 daudz priek\u0161roc\u012bbu, pateicoties t\u0101 unik\u0101lajai formulai ar augu izcelsmes taur\u012bnu \u2013 tas samazina noveco\u0161an\u0101s paz\u012bmes, atsvaidzina \u0101du, izl\u012bdzina toni, pie\u0161\u0137ir ener\u0123iju, samazina poras, aizsarg\u0101 pret kait\u012bgajiem UV stariem un nodro\u0161ina mat\u0113tu fini\u0161u. Noturas uz \u0101das l\u012bdz pat 12 stund\u0101m. Satur Benzophenone-3.<\/p>\n<p>K\u0101rt\u012bgi sakrat\u012bt pirms lieto\u0161anas. P\u0113c katras lieto\u0161anas cie\u0161i aizveriet v\u0101ci\u0146u. Ja main\u0101s smar\u017ea vai izskats, p\u0101rtrauciet lieto\u0161anu. Tikai \u0101r\u012bgai lieto\u0161anai. Uzglab\u0101t temperat\u016br\u0101 no 20 l\u012bdz 25\u202f\u00b0C, sarg\u0101jot no tie\u0161iem saules stariem. Uzglab\u0101t b\u0113rniem nepieejam\u0101 viet\u0101.<\/p>\n","protected":false},"excerpt":{"rendered":"<p>BB kr\u0113ms pied\u0101v\u0101 daudz priek\u0161roc\u012bbu, pateicoties t\u0101 unik\u0101lajai formulai ar augu izcelsmes taur\u012bnu \u2013 tas samazina noveco\u0161an\u0101s paz\u012bmes, atsvaidzina \u0101du, izl\u012bdzina toni, pie\u0161\u0137ir ener\u0123iju, samazina poras, aizsarg\u0101 pret kait\u012bgajiem UV stariem un nodro\u0161ina mat\u0113tu fini\u0161u. Noturas uz \u0101das l\u012bdz pat 12 stund\u0101m. Satur Benzophenone-3. K\u0101rt\u012bgi sakrat\u012bt pirms lieto\u0161anas. P\u0113c katras lieto\u0161anas cie\u0161i aizveriet v\u0101ci\u0146u. Ja [&#8230;]\n","protected":false},"featured_media":95006,"template":"","meta":[],"product_cat":[1289],"product_tag":[],"class_list":{"0":"post-77863","1":"product","2":"type-product","3":"status-publish","4":"has-post-thumbnail","6":"product_brand-top-face-tr","7":"product_cat-grima-pamats","9":"first","10":"outofstock","11":"taxable","12":"shipping-taxable","13":"product-type-simple"},"_links":{"self":[{"href":"https:\/\/e.kosmolat.eu\/lv\/wp-json\/wp\/v2\/product\/77863","targetHints":{"allow":["GET"]}}],"collection":[{"href":"https:\/\/e.kosmolat.eu\/lv\/wp-json\/wp\/v2\/product"}],"about":[{"href":"https:\/\/e.kosmolat.eu\/lv\/wp-json\/wp\/v2\/types\/product"}],"wp:featuredmedia":[{"embeddable":true,"href":"https:\/\/e.kosmolat.eu\/lv\/wp-json\/wp\/v2\/media\/95006"}],"wp:attachment":[{"href":"https:\/\/e.kosmolat.eu\/lv\/wp-json\/wp\/v2\/media?parent=77863"}],"wp:term":[{"taxonomy":"product_cat","embeddable":true,"href":"https:\/\/e.kosmolat.eu\/lv\/wp-json\/wp\/v2\/product_cat?post=77863"},{"taxonomy":"product_tag","embeddable":true,"href":"https:\/\/e.kosmolat.eu\/lv\/wp-json\/wp\/v2\/product_tag?post=77863"}],"curies":[{"name":"wp","href":"https:\/\/api.w.org\/{rel}","templated":true}]}}