{"id":77855,"date":"2025-08-26T13:21:14","date_gmt":"2025-08-26T13:21:14","guid":{"rendered":"https:\/\/e.kosmolat.eu\/?post_type=product&#038;p=77855"},"modified":"2026-03-17T13:36:29","modified_gmt":"2026-03-17T13:36:29","slug":"famirel-busteris-ar-vitaminu-kompleksu-30-ml","status":"publish","type":"product","link":"https:\/\/e.kosmolat.eu\/lv\/product\/famirel-busteris-ar-vitaminu-kompleksu-30-ml\/","title":{"rendered":"Famirel B\u016bsteris ar vitam\u012bnu kompleksu, 30 ml"},"content":{"rendered":"<p>Pie\u0161\u0137iriet savai \u0101dai mirdzumu un svaigumu. Vitam\u012bnu b\u016bsteris satur sp\u0113c\u012bgu vitam\u012bnu kompleksu, kas rad\u012bts \u0101das atjauno\u0161anai un dabisk\u0101 mirdzuma pastiprin\u0101\u0161anai. Formula ar pieciem galvenajiem vitam\u012bniem pal\u012bdz risin\u0101t da\u017e\u0101das \u0101das probl\u0113mas, nodro\u0161inot baro\u0161anu un aizsardz\u012bbu.<\/p>\n<p>Akt\u012bv\u0101s sast\u0101vda\u013cas:<br \/>\n\u2022 E vitam\u012bns \u2014 sp\u0113c\u012bgs antioksidants, aizsarg\u0101 \u0101du no apk\u0101rt\u0113j\u0101s vides ietekmes un br\u012bvajiem radik\u0101\u013ciem, mitrina un m\u012bkstina, uzlabo tekst\u016bru un elast\u012bbu.<br \/>\n\u2022 B5 vitam\u012bns \u2014 dzi\u013ci mitrina un stiprina \u0101das aizsargbarjeru, padarot to maigu un tvirtu.<br \/>\n\u2022 B3 vitam\u012bns \u2014 pal\u012bdz samazin\u0101t tum\u0161os plankumus, izl\u012bdzin\u0101t toni, mazin\u0101t aps\u0101rtumu, uzlabot tekst\u016bru un stiprin\u0101t \u0101das dabisko aizsargbarjeru.<br \/>\n\u2022 A vitam\u012bns \u2014 stimul\u0113 \u0161\u016bnu atjauno\u0161anos un kolag\u0113na sint\u0113zi, samazina smalk\u0101s krunci\u0146as un \u0101das nepiln\u012bbas, pie\u0161\u0137ir svaig\u0101ku un jaunekl\u012bg\u0101ku izskatu.<br \/>\n\u2022 C vitam\u012bns \u2014 sp\u0113c\u012bgs antioksidants, izgaismo \u0101du, samazina tum\u0161o plankumu redzam\u012bbu, izl\u012bdzina toni un veicina kolag\u0113na veido\u0161anos, padarot \u0101du tvirt\u0101ku un mirdzo\u0161\u0101ku.<\/p>\n<p>Lieto\u0161ana: Uzkl\u0101jiet uz t\u012bras, sausas \u0101das. Uzpiliniet 2\u20133 pilienus b\u016bstera uz pirkstu galiem un viegli iemas\u0113jiet, \u012bpa\u0161u uzman\u012bbu piev\u0113r\u0161ot zon\u0101m, kur\u0101m nepiecie\u0161ama izgaismo\u0161ana un atjauno\u0161ana. \u013baujiet produktam piln\u012bb\u0101 ies\u016bkties pirms kr\u0113ma vai saules aizsargl\u012bdzek\u013ca lieto\u0161anas. Lietojiet no r\u012bta un vakar\u0101.<\/p>\n<p>Br\u012bdin\u0101jums: satur A vitam\u012bnu. L\u016bgums pirms lieto\u0161anas p\u0101rdom\u0101t savu dienas devu.<\/p>\n<p>Piesardz\u012bbas pas\u0101kumi:<br \/>\n\u2022 Lietot saska\u0146\u0101 ar nor\u0101d\u012bjumiem.<br \/>\n\u2022 Nenor\u012bt.<br \/>\n\u2022 Izvair\u012bties no saskares ar ac\u012bm.<br \/>\n\u2022 Glab\u0101t b\u0113rniem nepieejam\u0101 viet\u0101.<br \/>\n\u2022 Nelietot, ja ir paaugstin\u0101ta individu\u0101la jut\u012bba pret k\u0101du no sast\u0101vda\u013c\u0101m.<br \/>\n\u2022 Nekav\u0113joties p\u0101rtraukt lieto\u0161anu, ja rodas kairin\u0101jums.<br \/>\n\u2022 Nesatur parab\u0113nus.<\/p>\n<p>Uzglab\u0101\u0161anas noteikumi: uzglab\u0101t temperat\u016br\u0101 no +5 l\u012bdz +39 \u00b0C un relat\u012bvaj\u0101 gaisa mitrum\u0101 no 55% l\u012bdz 70%.<\/p>\n","protected":false},"excerpt":{"rendered":"<p>Pie\u0161\u0137iriet savai \u0101dai mirdzumu un svaigumu. Vitam\u012bnu b\u016bsteris satur sp\u0113c\u012bgu vitam\u012bnu kompleksu, kas rad\u012bts \u0101das atjauno\u0161anai un dabisk\u0101 mirdzuma pastiprin\u0101\u0161anai. Formula ar pieciem galvenajiem vitam\u012bniem pal\u012bdz risin\u0101t da\u017e\u0101das \u0101das probl\u0113mas, nodro\u0161inot baro\u0161anu un aizsardz\u012bbu. Akt\u012bv\u0101s sast\u0101vda\u013cas: \u2022 E vitam\u012bns \u2014 sp\u0113c\u012bgs antioksidants, aizsarg\u0101 \u0101du no apk\u0101rt\u0113j\u0101s vides ietekmes un br\u012bvajiem radik\u0101\u013ciem, mitrina un m\u012bkstina, uzlabo [&#8230;]\n","protected":false},"featured_media":95894,"template":"","meta":[],"product_cat":[1325],"product_tag":[],"class_list":{"0":"post-77855","1":"product","2":"type-product","3":"status-publish","4":"has-post-thumbnail","6":"product_brand-famirel-il","7":"product_cat-serumi","9":"first","10":"instock","11":"taxable","12":"shipping-taxable","13":"product-type-simple"},"_links":{"self":[{"href":"https:\/\/e.kosmolat.eu\/lv\/wp-json\/wp\/v2\/product\/77855","targetHints":{"allow":["GET"]}}],"collection":[{"href":"https:\/\/e.kosmolat.eu\/lv\/wp-json\/wp\/v2\/product"}],"about":[{"href":"https:\/\/e.kosmolat.eu\/lv\/wp-json\/wp\/v2\/types\/product"}],"wp:featuredmedia":[{"embeddable":true,"href":"https:\/\/e.kosmolat.eu\/lv\/wp-json\/wp\/v2\/media\/95894"}],"wp:attachment":[{"href":"https:\/\/e.kosmolat.eu\/lv\/wp-json\/wp\/v2\/media?parent=77855"}],"wp:term":[{"taxonomy":"product_cat","embeddable":true,"href":"https:\/\/e.kosmolat.eu\/lv\/wp-json\/wp\/v2\/product_cat?post=77855"},{"taxonomy":"product_tag","embeddable":true,"href":"https:\/\/e.kosmolat.eu\/lv\/wp-json\/wp\/v2\/product_tag?post=77855"}],"curies":[{"name":"wp","href":"https:\/\/api.w.org\/{rel}","templated":true}]}}