{"id":77851,"date":"2025-08-26T12:51:01","date_gmt":"2025-08-26T12:51:01","guid":{"rendered":"https:\/\/e.kosmolat.eu\/?post_type=product&#038;p=77851"},"modified":"2026-03-11T08:20:58","modified_gmt":"2026-03-11T08:20:58","slug":"famirel-liftinga-busteris-30-ml","status":"publish","type":"product","link":"https:\/\/e.kosmolat.eu\/lv\/product\/famirel-liftinga-busteris-30-ml\/","title":{"rendered":"Famirel Liftinga b\u016bsteris, 30 ml"},"content":{"rendered":"<p>\u0160is inovat\u012bvais liftinga b\u016bsteris ir rad\u012bts, lai uzlabotu \u0101das elast\u012bbu un tvirtumu, atjaunojot tai jaunekl\u012bg\u0101ku un svaig\u0101ku izskatu. Sp\u0113c\u012bgais akt\u012bvo sast\u0101vda\u013cu komplekss atbalsta \u0101das dabisk\u0101s funkcijas un nodro\u0161ina redzamu rezult\u0101tu.<\/p>\n<p>Akt\u012bv\u0101s sast\u0101vda\u013cas:<br \/>\n\u2022 Pept\u012bdu komplekss \u2014 samazina krunci\u0146u redzam\u012bbu, uzlabo \u0101das elast\u012bbu un izskatu.<br \/>\n\u2022 Hialuronsk\u0101be \u2014 intens\u012bvi mitrina, notur mitrumu \u0101d\u0101, padarot to gludu un svaigu.<br \/>\n\u2022 Pantenols un smilts\u0113rk\u0161\u0137a ekstrakts \u2014 nomierina un baro \u0101du, stiprina t\u0101s aizsargbarjeru, paaugstina mitruma l\u012bmeni un uzlabo tekst\u016bru.<\/p>\n<p>Lieto\u0161ana:<br \/>\nUzkl\u0101jiet 2\u20133 pilienus b\u016bstera uz att\u012br\u012btas, sausas sejas \u0101das. Maigi iemas\u0113jiet, \u012bpa\u0161u uzman\u012bbu piev\u0113r\u0161ot zon\u0101m, kuras ir pak\u013cautas tvirtuma zudumam: vaigiem, zoda l\u012bnijai un kaklam. \u013baujiet ies\u016bkties, p\u0113c tam lietojiet mitrino\u0161u kr\u0113mu vai saules aizsargl\u012bdzekli. Maksim\u0101lam efektam b\u016bsteri lietojiet no r\u012bta un vakar\u0101.<\/p>\n<p>Piesardz\u012bbas pas\u0101kumi:<br \/>\n\u2022 Lietot saska\u0146\u0101 ar nor\u0101d\u012bjumiem.<br \/>\n\u2022 Nenor\u012bt.<br \/>\n\u2022 Izvair\u012bties no saskares ar ac\u012bm.<br \/>\n\u2022 Glab\u0101t b\u0113rniem nepieejam\u0101 viet\u0101.<br \/>\n\u2022 Nelietot, ja ir paaugstin\u0101ta individu\u0101la jut\u012bba pret k\u0101du no sast\u0101vda\u013c\u0101m.<br \/>\n\u2022 Nekav\u0113joties p\u0101rtraukt lieto\u0161anu, ja rodas kairin\u0101jums.<br \/>\n\u2022 Nesatur parab\u0113nus.<\/p>\n<p>Uzglab\u0101\u0161anas noteikumi: uzglab\u0101t temperat\u016br\u0101 no +5 l\u012bdz +39 \u00b0C un relat\u012bvaj\u0101 gaisa mitrum\u0101 no 55% l\u012bdz 70%.<\/p>\n","protected":false},"excerpt":{"rendered":"<p>\u0160is inovat\u012bvais liftinga b\u016bsteris ir rad\u012bts, lai uzlabotu \u0101das elast\u012bbu un tvirtumu, atjaunojot tai jaunekl\u012bg\u0101ku un svaig\u0101ku izskatu. Sp\u0113c\u012bgais akt\u012bvo sast\u0101vda\u013cu komplekss atbalsta \u0101das dabisk\u0101s funkcijas un nodro\u0161ina redzamu rezult\u0101tu. Akt\u012bv\u0101s sast\u0101vda\u013cas: \u2022 Pept\u012bdu komplekss \u2014 samazina krunci\u0146u redzam\u012bbu, uzlabo \u0101das elast\u012bbu un izskatu. \u2022 Hialuronsk\u0101be \u2014 intens\u012bvi mitrina, notur mitrumu \u0101d\u0101, padarot to gludu [&#8230;]\n","protected":false},"featured_media":95886,"template":"","meta":[],"product_cat":[1999],"product_tag":[],"class_list":{"0":"post-77851","1":"product","2":"type-product","3":"status-publish","4":"has-post-thumbnail","6":"product_brand-famirel-il","7":"product_cat-bez-kategorijas","9":"first","10":"instock","11":"taxable","12":"shipping-taxable","13":"product-type-simple"},"_links":{"self":[{"href":"https:\/\/e.kosmolat.eu\/lv\/wp-json\/wp\/v2\/product\/77851","targetHints":{"allow":["GET"]}}],"collection":[{"href":"https:\/\/e.kosmolat.eu\/lv\/wp-json\/wp\/v2\/product"}],"about":[{"href":"https:\/\/e.kosmolat.eu\/lv\/wp-json\/wp\/v2\/types\/product"}],"wp:featuredmedia":[{"embeddable":true,"href":"https:\/\/e.kosmolat.eu\/lv\/wp-json\/wp\/v2\/media\/95886"}],"wp:attachment":[{"href":"https:\/\/e.kosmolat.eu\/lv\/wp-json\/wp\/v2\/media?parent=77851"}],"wp:term":[{"taxonomy":"product_cat","embeddable":true,"href":"https:\/\/e.kosmolat.eu\/lv\/wp-json\/wp\/v2\/product_cat?post=77851"},{"taxonomy":"product_tag","embeddable":true,"href":"https:\/\/e.kosmolat.eu\/lv\/wp-json\/wp\/v2\/product_tag?post=77851"}],"curies":[{"name":"wp","href":"https:\/\/api.w.org\/{rel}","templated":true}]}}