{"id":77846,"date":"2025-08-26T11:50:59","date_gmt":"2025-08-26T11:50:59","guid":{"rendered":"https:\/\/e.kosmolat.eu\/?post_type=product&#038;p=77846"},"modified":"2026-03-11T08:21:11","modified_gmt":"2026-03-11T08:21:11","slug":"famirel-busteris-ar-niacinam-problem-adai-ar-noslieci-uz-izsit-30-ml","status":"publish","type":"product","link":"https:\/\/e.kosmolat.eu\/lv\/product\/famirel-busteris-ar-niacinam-problem-adai-ar-noslieci-uz-izsit-30-ml\/","title":{"rendered":"Famirel B\u016bsteris ar niacinam. problem. \u0101dai ar noslieci uz izsit., 30 ml"},"content":{"rendered":"<p>\u012apa\u0161i izstr\u0101d\u0101ts taukainai \u0101dai, kas ir pak\u013cauta izsitumiem. Pateicoties dabas sp\u0113kam, \u0161is b\u016bsteris nomierina un atjauno \u0101du.<\/p>\n<p>Akt\u012bv\u0101s sast\u0101vda\u013cas:<br \/>\n\u2022 Burvju lazda \u2014 sa\u0161aurina poras un regul\u0113 p\u0101rm\u0113r\u012bgu sebuma izdal\u012b\u0161anos, samazinot izsitumu risku.<br \/>\n\u2022 Kalam\u012bns \u2014 nomierina \u0101du un mazina aps\u0101rtumu.<br \/>\n\u2022 T\u0113jas koka e\u013c\u013ca \u2014 paz\u012bstama ar sav\u0101m unik\u0101laj\u0101m \u012bpa\u0161\u012bb\u0101m, pal\u012bdz c\u012bn\u012bties ar pump\u0101m, nodro\u0161inot t\u012br\u0101ku \u0101du.<\/p>\n<p>Lieto\u0161ana: Iek\u013caujiet b\u016bsteri ikdienas \u0101das kop\u0161anas rut\u012bn\u0101, lai stiprin\u0101tu \u0101das dabisk\u0101s aizsargsp\u0113jas un saglab\u0101tu svaigu, t\u012bru sejas toni.<\/p>\n<p>Lieto\u0161ana: Pirms lieto\u0161anas sakrat\u012bt. Uzkl\u0101t uz att\u012br\u012btas \u0101das problem\u0101tiskaj\u0101s zon\u0101s. Ieteicams lietot vakar\u0101 pirms gul\u0113tie\u0161anas. Turpin\u0101t lieto\u0161anu l\u012bdz \u0101das st\u0101vok\u013ca uzlabo\u0161anai.<\/p>\n<p>Piesardz\u012bbas pas\u0101kumi:<br \/>\n\u2022 Lietot saska\u0146\u0101 ar nor\u0101d\u012bjumiem.<br \/>\n\u2022 Nenor\u012bt.<br \/>\n\u2022 Izvair\u012bties no saskares ar ac\u012bm.<br \/>\n\u2022 Glab\u0101t b\u0113rniem nepieejam\u0101 viet\u0101.<br \/>\n\u2022 Nelietot, ja ir paaugstin\u0101ta individu\u0101la jut\u012bba pret k\u0101du no sast\u0101vda\u013c\u0101m.<br \/>\n\u2022 Nekav\u0113joties p\u0101rtraukt lieto\u0161anu, ja rodas kairin\u0101jums.<br \/>\n\u2022 Nesatur parab\u0113nus.<\/p>\n<p>Uzglab\u0101\u0161anas noteikumi: uzglab\u0101t temperat\u016br\u0101 no +5 l\u012bdz +39 \u00b0C un relat\u012bvaj\u0101 gaisa mitrum\u0101 no 55% l\u012bdz 70%.<\/p>\n","protected":false},"excerpt":{"rendered":"<p>\u012apa\u0161i izstr\u0101d\u0101ts taukainai \u0101dai, kas ir pak\u013cauta izsitumiem. Pateicoties dabas sp\u0113kam, \u0161is b\u016bsteris nomierina un atjauno \u0101du. Akt\u012bv\u0101s sast\u0101vda\u013cas: \u2022 Burvju lazda \u2014 sa\u0161aurina poras un regul\u0113 p\u0101rm\u0113r\u012bgu sebuma izdal\u012b\u0161anos, samazinot izsitumu risku. \u2022 Kalam\u012bns \u2014 nomierina \u0101du un mazina aps\u0101rtumu. \u2022 T\u0113jas koka e\u013c\u013ca \u2014 paz\u012bstama ar sav\u0101m unik\u0101laj\u0101m \u012bpa\u0161\u012bb\u0101m, pal\u012bdz c\u012bn\u012bties ar pump\u0101m, [&#8230;]\n","protected":false},"featured_media":95890,"template":"","meta":[],"product_cat":[1999],"product_tag":[],"class_list":{"0":"post-77846","1":"product","2":"type-product","3":"status-publish","4":"has-post-thumbnail","6":"product_brand-famirel-il","7":"product_cat-bez-kategorijas","9":"first","10":"instock","11":"taxable","12":"shipping-taxable","13":"product-type-simple"},"_links":{"self":[{"href":"https:\/\/e.kosmolat.eu\/lv\/wp-json\/wp\/v2\/product\/77846","targetHints":{"allow":["GET"]}}],"collection":[{"href":"https:\/\/e.kosmolat.eu\/lv\/wp-json\/wp\/v2\/product"}],"about":[{"href":"https:\/\/e.kosmolat.eu\/lv\/wp-json\/wp\/v2\/types\/product"}],"wp:featuredmedia":[{"embeddable":true,"href":"https:\/\/e.kosmolat.eu\/lv\/wp-json\/wp\/v2\/media\/95890"}],"wp:attachment":[{"href":"https:\/\/e.kosmolat.eu\/lv\/wp-json\/wp\/v2\/media?parent=77846"}],"wp:term":[{"taxonomy":"product_cat","embeddable":true,"href":"https:\/\/e.kosmolat.eu\/lv\/wp-json\/wp\/v2\/product_cat?post=77846"},{"taxonomy":"product_tag","embeddable":true,"href":"https:\/\/e.kosmolat.eu\/lv\/wp-json\/wp\/v2\/product_tag?post=77846"}],"curies":[{"name":"wp","href":"https:\/\/api.w.org\/{rel}","templated":true}]}}