{"id":77842,"date":"2025-08-26T10:06:58","date_gmt":"2025-08-26T10:06:58","guid":{"rendered":"https:\/\/e.kosmolat.eu\/product\/famirel-aloe-vera-maigas-un-nomierin-putas-intimajai-higien-250-ml\/"},"modified":"2026-02-24T10:56:13","modified_gmt":"2026-02-24T10:56:13","slug":"famirel-aloe-vera-maigas-un-nomierin-putas-intimajai-higien-250-ml","status":"publish","type":"product","link":"https:\/\/e.kosmolat.eu\/lv\/product\/famirel-aloe-vera-maigas-un-nomierin-putas-intimajai-higien-250-ml\/","title":{"rendered":"Famirel Aloe Vera Maig\u0101s un nomierin. putas int\u012bmajai higi\u0113n., 250 ml"},"content":{"rendered":"<p>Maig\u0101 un delik\u0101t\u0101 formula atsvaidzina un nomierina int\u012bmo zonu, k\u0101 ar\u012b pal\u012bdz uztur\u0113t dabisko maksts pH l\u012bmeni. Pateicoties pat\u012bkamajam arom\u0101tam un nomierino\u0161ajam alvejas ekstraktam, l\u012bdzeklis nodro\u0161ina ilgsto\u0161u svaiguma saj\u016btu visas dienas garum\u0101.<\/p>\n<p>Lieto\u0161ana: nospiest dozatoru 1\u20132 reizes, maigi iemas\u0113t int\u012bmaj\u0101 zon\u0101 un r\u016bp\u012bgi noskalot ar t\u012bru \u016bdeni.<\/p>\n<p>Piesardz\u012bbas pas\u0101kumi: lietot tikai saska\u0146\u0101 ar nor\u0101d\u012bjumiem. Nenor\u012bt. Izvair\u012bties no saskares ar ac\u012bm. Uzglab\u0101t b\u0113rniem nepieejam\u0101 viet\u0101. Nelietot, ja ir paaugstin\u0101ta jut\u012bba pret k\u0101du no sast\u0101vda\u013c\u0101m. Nekav\u0113joties p\u0101rtraukt lieto\u0161anu, ja rodas kairin\u0101jums.<\/p>\n","protected":false},"excerpt":{"rendered":"<p>Maig\u0101 un delik\u0101t\u0101 formula atsvaidzina un nomierina int\u012bmo zonu, k\u0101 ar\u012b pal\u012bdz uztur\u0113t dabisko maksts pH l\u012bmeni. Pateicoties pat\u012bkamajam arom\u0101tam un nomierino\u0161ajam alvejas ekstraktam, l\u012bdzeklis nodro\u0161ina ilgsto\u0161u svaiguma saj\u016btu visas dienas garum\u0101. Lieto\u0161ana: nospiest dozatoru 1\u20132 reizes, maigi iemas\u0113t int\u012bmaj\u0101 zon\u0101 un r\u016bp\u012bgi noskalot ar t\u012bru \u016bdeni. Piesardz\u012bbas pas\u0101kumi: lietot tikai saska\u0146\u0101 ar nor\u0101d\u012bjumiem. Nenor\u012bt. [&#8230;]\n","protected":false},"featured_media":94226,"template":"","meta":[],"product_cat":[1999],"product_tag":[],"class_list":{"0":"post-77842","1":"product","2":"type-product","3":"status-publish","4":"has-post-thumbnail","6":"product_brand-famirel-il","7":"product_cat-bez-kategorijas","9":"first","10":"instock","11":"taxable","12":"shipping-taxable","13":"product-type-simple"},"_links":{"self":[{"href":"https:\/\/e.kosmolat.eu\/lv\/wp-json\/wp\/v2\/product\/77842","targetHints":{"allow":["GET"]}}],"collection":[{"href":"https:\/\/e.kosmolat.eu\/lv\/wp-json\/wp\/v2\/product"}],"about":[{"href":"https:\/\/e.kosmolat.eu\/lv\/wp-json\/wp\/v2\/types\/product"}],"wp:featuredmedia":[{"embeddable":true,"href":"https:\/\/e.kosmolat.eu\/lv\/wp-json\/wp\/v2\/media\/94226"}],"wp:attachment":[{"href":"https:\/\/e.kosmolat.eu\/lv\/wp-json\/wp\/v2\/media?parent=77842"}],"wp:term":[{"taxonomy":"product_cat","embeddable":true,"href":"https:\/\/e.kosmolat.eu\/lv\/wp-json\/wp\/v2\/product_cat?post=77842"},{"taxonomy":"product_tag","embeddable":true,"href":"https:\/\/e.kosmolat.eu\/lv\/wp-json\/wp\/v2\/product_tag?post=77842"}],"curies":[{"name":"wp","href":"https:\/\/api.w.org\/{rel}","templated":true}]}}