{"id":77822,"date":"2025-08-26T07:17:20","date_gmt":"2025-08-26T07:17:20","guid":{"rendered":"https:\/\/e.kosmolat.eu\/product\/shampoo-for-dry-and-weakened-hair-with-dead-sea-minerals-provitamin-b5-centella-leaf-extract-kera\/"},"modified":"2026-04-17T07:44:09","modified_gmt":"2026-04-17T07:44:09","slug":"famirel-sampuns-ar-olivellu-sausiem-un-novajin-matiem-750-ml","status":"publish","type":"product","link":"https:\/\/e.kosmolat.eu\/lv\/product\/famirel-sampuns-ar-olivellu-sausiem-un-novajin-matiem-750-ml\/","title":{"rendered":"Famirel \u0160amp\u016bns ar ol\u012bve\u013c\u013cu sausiem un nov\u0101jin. matiem, 750 ml"},"content":{"rendered":"<p>\u0160amp\u016bns sausiem un nov\u0101jin\u0101tiem matiem ar N\u0101ves j\u016bras miner\u0101liem, kas dzi\u013ci att\u012bra un baro galvas \u0101du un matus. Formula ar augu ekstraktu un akt\u012bvaj\u0101m e\u013c\u013c\u0101m mitrina no sakn\u0113m l\u012bdz galiem, atjauno un aizsarg\u0101 no sausuma, l\u016b\u0161anas un nelabv\u0113l\u012bg\u0101s apk\u0101rt\u0113j\u0101s vides ietekmes, atgrie\u017eot matiem sp\u0113ku, mirdzumu un dz\u012bv\u012bgumu.<\/p>\n<p>Lieto\u0161ana: uzkl\u0101jiet \u0161amp\u016bnu uz matiem, intens\u012bvi iemas\u0113jot to galvas \u0101d\u0101. Noskalojiet ar siltu \u016bdeni. <\/p>\n<p>Piesardz\u012bbas pas\u0101kumi:<br \/>\n\u2022 Lietot saska\u0146\u0101 ar nor\u0101d\u012bjumiem.<br \/>\n\u2022 Nenor\u012bt.<br \/>\n\u2022 Izvair\u012bties no saskares ar ac\u012bm.<br \/>\n\u2022 Glab\u0101t b\u0113rniem nepieejam\u0101 viet\u0101.<br \/>\n\u2022 Nelietot, ja ir paaugstin\u0101ta individu\u0101la jut\u012bba pret k\u0101du no sast\u0101vda\u013c\u0101m.<br \/>\n\u2022 Nekav\u0113joties p\u0101rtraukt lieto\u0161anu, ja rodas kairin\u0101jums.<br \/>\n\u2022 Nesatur parab\u0113nus.<\/p>\n","protected":false},"excerpt":{"rendered":"<p>\u0160amp\u016bns sausiem un nov\u0101jin\u0101tiem matiem ar N\u0101ves j\u016bras miner\u0101liem, kas dzi\u013ci att\u012bra un baro galvas \u0101du un matus. Formula ar augu ekstraktu un akt\u012bvaj\u0101m e\u013c\u013c\u0101m mitrina no sakn\u0113m l\u012bdz galiem, atjauno un aizsarg\u0101 no sausuma, l\u016b\u0161anas un nelabv\u0113l\u012bg\u0101s apk\u0101rt\u0113j\u0101s vides ietekmes, atgrie\u017eot matiem sp\u0113ku, mirdzumu un dz\u012bv\u012bgumu. Lieto\u0161ana: uzkl\u0101jiet \u0161amp\u016bnu uz matiem, intens\u012bvi iemas\u0113jot to [&#8230;]\n","protected":false},"featured_media":94214,"template":"","meta":[],"product_cat":[1999],"product_tag":[],"class_list":{"0":"post-77822","1":"product","2":"type-product","3":"status-publish","4":"has-post-thumbnail","6":"product_brand-famirel-il","7":"product_cat-bez-kategorijas","9":"first","10":"instock","11":"taxable","12":"shipping-taxable","13":"product-type-simple"},"_links":{"self":[{"href":"https:\/\/e.kosmolat.eu\/lv\/wp-json\/wp\/v2\/product\/77822","targetHints":{"allow":["GET"]}}],"collection":[{"href":"https:\/\/e.kosmolat.eu\/lv\/wp-json\/wp\/v2\/product"}],"about":[{"href":"https:\/\/e.kosmolat.eu\/lv\/wp-json\/wp\/v2\/types\/product"}],"wp:featuredmedia":[{"embeddable":true,"href":"https:\/\/e.kosmolat.eu\/lv\/wp-json\/wp\/v2\/media\/94214"}],"wp:attachment":[{"href":"https:\/\/e.kosmolat.eu\/lv\/wp-json\/wp\/v2\/media?parent=77822"}],"wp:term":[{"taxonomy":"product_cat","embeddable":true,"href":"https:\/\/e.kosmolat.eu\/lv\/wp-json\/wp\/v2\/product_cat?post=77822"},{"taxonomy":"product_tag","embeddable":true,"href":"https:\/\/e.kosmolat.eu\/lv\/wp-json\/wp\/v2\/product_tag?post=77822"}],"curies":[{"name":"wp","href":"https:\/\/api.w.org\/{rel}","templated":true}]}}