{"id":77806,"date":"2025-08-26T04:01:09","date_gmt":"2025-08-26T04:01:09","guid":{"rendered":"https:\/\/e.kosmolat.eu\/product\/sampuns-balzams-kumelite-1-l\/"},"modified":"2026-04-22T10:09:25","modified_gmt":"2026-04-22T10:09:25","slug":"sampuns-balzams-kumelite-1-l","status":"publish","type":"product","link":"https:\/\/e.kosmolat.eu\/lv\/product\/sampuns-balzams-kumelite-1-l\/","title":{"rendered":"\u0160amp\u016bns-balzams &#8220;Kumel\u012bte&#8221;, 1 l"},"content":{"rendered":"<p>Kumel\u012b\u0161u ekstrakts satur \u0113terisk\u0101s e\u013c\u013cas, organisk\u0101s sk\u0101bes, C un PP vitam\u012bnus, piem\u012bt pretiekaisuma un m\u012bkstino\u0161a iedarb\u012bba. \u0160amp\u016bna-balzama maig\u0101s mazg\u0101jo\u0161\u0101s sast\u0101vda\u013cas lieliski att\u012bra matus, saglab\u0101jot galvas \u0101das dab\u012bgo \u016bdens-tauku apmai\u0146u.<\/p>\n<p>LIETO\u0160ANA: Nelielu daudzumu \u0161amp\u016bna &#8211; balzama uzkl\u0101t uz mitriem matiem, nomazg\u0101t ar \u016bdeni.<\/p>\n<p>UZGLAB\u0100\u0160ANAS TEMPERAT\u016aRA: +5\u00b0C l\u012bdz +25\u00b0C.<\/p>\n","protected":false},"excerpt":{"rendered":"<p>Kumel\u012b\u0161u ekstrakts satur \u0113terisk\u0101s e\u013c\u013cas, organisk\u0101s sk\u0101bes, C un PP vitam\u012bnus, piem\u012bt pretiekaisuma un m\u012bkstino\u0161a iedarb\u012bba. \u0160amp\u016bna-balzama maig\u0101s mazg\u0101jo\u0161\u0101s sast\u0101vda\u013cas lieliski att\u012bra matus, saglab\u0101jot galvas \u0101das dab\u012bgo \u016bdens-tauku apmai\u0146u. LIETO\u0160ANA: Nelielu daudzumu \u0161amp\u016bna &#8211; balzama uzkl\u0101t uz mitriem matiem, nomazg\u0101t ar \u016bdeni. UZGLAB\u0100\u0160ANAS TEMPERAT\u016aRA: +5\u00b0C l\u012bdz +25\u00b0C.<\/p>\n","protected":false},"featured_media":79230,"template":"","meta":[],"product_cat":[1999],"product_tag":[],"class_list":{"0":"post-77806","1":"product","2":"type-product","3":"status-publish","4":"has-post-thumbnail","6":"product_brand-fitodoktor_ua","7":"product_cat-bez-kategorijas","9":"first","10":"outofstock","11":"taxable","12":"shipping-taxable","13":"product-type-simple"},"_links":{"self":[{"href":"https:\/\/e.kosmolat.eu\/lv\/wp-json\/wp\/v2\/product\/77806","targetHints":{"allow":["GET"]}}],"collection":[{"href":"https:\/\/e.kosmolat.eu\/lv\/wp-json\/wp\/v2\/product"}],"about":[{"href":"https:\/\/e.kosmolat.eu\/lv\/wp-json\/wp\/v2\/types\/product"}],"wp:featuredmedia":[{"embeddable":true,"href":"https:\/\/e.kosmolat.eu\/lv\/wp-json\/wp\/v2\/media\/79230"}],"wp:attachment":[{"href":"https:\/\/e.kosmolat.eu\/lv\/wp-json\/wp\/v2\/media?parent=77806"}],"wp:term":[{"taxonomy":"product_cat","embeddable":true,"href":"https:\/\/e.kosmolat.eu\/lv\/wp-json\/wp\/v2\/product_cat?post=77806"},{"taxonomy":"product_tag","embeddable":true,"href":"https:\/\/e.kosmolat.eu\/lv\/wp-json\/wp\/v2\/product_tag?post=77806"}],"curies":[{"name":"wp","href":"https:\/\/api.w.org\/{rel}","templated":true}]}}