{"id":77802,"date":"2025-08-26T04:00:54","date_gmt":"2025-08-26T04:00:54","guid":{"rendered":"https:\/\/e.kosmolat.eu\/product\/i_shik-septitas-debesis-tualetes-ziepes-ar-apelsina-eterisko-ellu-70-g\/"},"modified":"2025-10-28T14:42:26","modified_gmt":"2025-10-28T14:42:26","slug":"i_shik-septitas-debesis-tualetes-ziepes-ar-apelsina-eterisko-ellu-70-g","status":"publish","type":"product","link":"https:\/\/e.kosmolat.eu\/lv\/product\/i_shik-septitas-debesis-tualetes-ziepes-ar-apelsina-eterisko-ellu-70-g\/","title":{"rendered":"I_Shik Sept\u012bt\u0101s debesis Tualetes ziepes ar apels\u012bna \u0113terisko e\u013c\u013cu, 70 g"},"content":{"rendered":"<p>Uzglab\u0101t saus\u0101, slegt\u0101, labi v\u0113din\u0101m\u0101 telp\u0101. Piesardz\u012bbas pas\u0101kumi: ja iek\u013c\u016bst ac\u012bs, r\u016bp\u012bgi izskalojiet ar lielu daudzumu teko\u0161a \u016bdens.<\/p>\n<p>Der\u012bguma termi\u0146\u0161: 3 gadi no izgatavo\u0161anas datuma.<\/p>\n","protected":false},"excerpt":{"rendered":"<p>Uzglab\u0101t saus\u0101, slegt\u0101, labi v\u0113din\u0101m\u0101 telp\u0101. Piesardz\u012bbas pas\u0101kumi: ja iek\u013c\u016bst ac\u012bs, r\u016bp\u012bgi izskalojiet ar lielu daudzumu teko\u0161a \u016bdens. Der\u012bguma termi\u0146\u0161: 3 gadi no izgatavo\u0161anas datuma.<\/p>\n","protected":false},"featured_media":78534,"template":"","meta":[],"product_cat":[1607],"product_tag":[],"class_list":{"0":"post-77802","1":"product","2":"type-product","3":"status-publish","4":"has-post-thumbnail","6":"product_brand-slobozanskij-milovar_ua","7":"product_cat-ziepes","9":"first","10":"outofstock","11":"taxable","12":"shipping-taxable","13":"product-type-simple"},"_links":{"self":[{"href":"https:\/\/e.kosmolat.eu\/lv\/wp-json\/wp\/v2\/product\/77802","targetHints":{"allow":["GET"]}}],"collection":[{"href":"https:\/\/e.kosmolat.eu\/lv\/wp-json\/wp\/v2\/product"}],"about":[{"href":"https:\/\/e.kosmolat.eu\/lv\/wp-json\/wp\/v2\/types\/product"}],"wp:featuredmedia":[{"embeddable":true,"href":"https:\/\/e.kosmolat.eu\/lv\/wp-json\/wp\/v2\/media\/78534"}],"wp:attachment":[{"href":"https:\/\/e.kosmolat.eu\/lv\/wp-json\/wp\/v2\/media?parent=77802"}],"wp:term":[{"taxonomy":"product_cat","embeddable":true,"href":"https:\/\/e.kosmolat.eu\/lv\/wp-json\/wp\/v2\/product_cat?post=77802"},{"taxonomy":"product_tag","embeddable":true,"href":"https:\/\/e.kosmolat.eu\/lv\/wp-json\/wp\/v2\/product_tag?post=77802"}],"curies":[{"name":"wp","href":"https:\/\/api.w.org\/{rel}","templated":true}]}}