{"id":77793,"date":"2025-08-25T10:06:42","date_gmt":"2025-08-25T10:06:42","guid":{"rendered":"https:\/\/e.kosmolat.eu\/product\/organic-mimi-fruit-wave-fortifying-and-growth-shampoo-bar-50-g\/"},"modified":"2026-04-15T12:01:26","modified_gmt":"2026-04-15T12:01:26","slug":"c-organic-mimi-fruit-wave-cietais-samp-novajin-mat-stiprinas-un-speks-50-g","status":"publish","type":"product","link":"https:\/\/e.kosmolat.eu\/lv\/product\/c-organic-mimi-fruit-wave-cietais-samp-novajin-mat-stiprinas-un-speks-50-g\/","title":{"rendered":"C Organic Mimi Fruit Wave Cietais \u0161amp. nov\u0101jin. mat. Stiprin\u0101\u0161. un sp\u0113ks, 50 g"},"content":{"rendered":"<p>Cietais \u0161amp\u016bns ar koncentr\u0113tu formulu dzi\u013ci un saudz\u012bgi att\u012bra matus un galvas \u0101du, baro, stiprina un stimul\u0113 matu aug\u0161anu. <\/p>\n<p>Rezult\u0101ts: stipri, skaisti un veseli mati.<\/p>\n<p>Akt\u012bv\u0101s sast\u0101vda\u013cas:<br \/>\n\u2022 Organisk\u0101 hohobas e\u013c\u013ca un arg\u0101na e\u013c\u013ca dzi\u013ci baro, stiprina un stimul\u0113 matu aug\u0161anu.<br \/>\n\u2022 V\u012b\u0123es ekstrakts mitrina un m\u012bkstina, atjauno matu sp\u0113ku un elast\u012bbu.<\/p>\n<p>Lieto\u0161ana: samitriniet matus un cieto \u0161amp\u016bnu ar siltu \u016bdeni, saputojiet l\u012bdz izveidojas bag\u0101t\u012bgas putas. Iemas\u0113jiet matos un galvas \u0101d\u0101, p\u0113c tam r\u016bp\u012bgi noskalojiet ar siltu \u016bdeni. Ja nepiecie\u0161ams, atk\u0101rtojiet. P\u0113c lieto\u0161anas cietais \u0161amp\u016bns j\u0101iz\u017e\u0101v\u0113 un j\u0101uzglab\u0101 sausum\u0101, sarg\u0101jot no mitruma. Tikai \u0101r\u012bgai lieto\u0161anai.<\/p>\n","protected":false},"excerpt":{"rendered":"<p>Cietais \u0161amp\u016bns ar koncentr\u0113tu formulu dzi\u013ci un saudz\u012bgi att\u012bra matus un galvas \u0101du, baro, stiprina un stimul\u0113 matu aug\u0161anu. Rezult\u0101ts: stipri, skaisti un veseli mati. Akt\u012bv\u0101s sast\u0101vda\u013cas: \u2022 Organisk\u0101 hohobas e\u013c\u013ca un arg\u0101na e\u013c\u013ca dzi\u013ci baro, stiprina un stimul\u0113 matu aug\u0161anu. \u2022 V\u012b\u0123es ekstrakts mitrina un m\u012bkstina, atjauno matu sp\u0113ku un elast\u012bbu. Lieto\u0161ana: samitriniet matus [&#8230;]\n","protected":false},"featured_media":95682,"template":"","meta":[],"product_cat":[1252],"product_tag":[],"class_list":{"0":"post-77793","1":"product","2":"type-product","3":"status-publish","4":"has-post-thumbnail","6":"product_brand-ecolab_cs","7":"product_cat-1252","9":"first","10":"instock","11":"taxable","12":"shipping-taxable","13":"product-type-simple"},"_links":{"self":[{"href":"https:\/\/e.kosmolat.eu\/lv\/wp-json\/wp\/v2\/product\/77793","targetHints":{"allow":["GET"]}}],"collection":[{"href":"https:\/\/e.kosmolat.eu\/lv\/wp-json\/wp\/v2\/product"}],"about":[{"href":"https:\/\/e.kosmolat.eu\/lv\/wp-json\/wp\/v2\/types\/product"}],"wp:featuredmedia":[{"embeddable":true,"href":"https:\/\/e.kosmolat.eu\/lv\/wp-json\/wp\/v2\/media\/95682"}],"wp:attachment":[{"href":"https:\/\/e.kosmolat.eu\/lv\/wp-json\/wp\/v2\/media?parent=77793"}],"wp:term":[{"taxonomy":"product_cat","embeddable":true,"href":"https:\/\/e.kosmolat.eu\/lv\/wp-json\/wp\/v2\/product_cat?post=77793"},{"taxonomy":"product_tag","embeddable":true,"href":"https:\/\/e.kosmolat.eu\/lv\/wp-json\/wp\/v2\/product_tag?post=77793"}],"curies":[{"name":"wp","href":"https:\/\/api.w.org\/{rel}","templated":true}]}}