{"id":77789,"date":"2025-08-25T09:51:05","date_gmt":"2025-08-25T09:51:05","guid":{"rendered":"https:\/\/e.kosmolat.eu\/product\/organic-mimi-sweet-dreams-volume-and-strength-shampoo-bar-50-g\/"},"modified":"2026-04-16T11:35:36","modified_gmt":"2026-04-16T11:35:36","slug":"c-organic-mimi-sweet-dreams-cietais-samp-plan-matiem-apjoms-un-speks-50-g","status":"publish","type":"product","link":"https:\/\/e.kosmolat.eu\/lv\/product\/c-organic-mimi-sweet-dreams-cietais-samp-plan-matiem-apjoms-un-speks-50-g\/","title":{"rendered":"C Organic Mimi Sweet Dreams Cietais \u0161amp. pl\u0101n. matiem Apjoms un sp\u0113ks, 50 g"},"content":{"rendered":"<p>Cietais \u0161amp\u016bns ar koncentr\u0113tu formulu, kas dzi\u013ci un saudz\u012bgi att\u012bra matus un galvas \u0101du, pie\u0161\u0137ir kuplumu un redzamu apjomu pl\u0101niem matiem, nenoslogojot tos.<\/p>\n<p>Rezult\u0101ts: apjom\u012bgi, kupli un stipri mati.<\/p>\n<p>Akt\u012bv\u0101s sast\u0101vda\u013cas:<br \/>\n\u2022 Organisk\u0101 avokado e\u013c\u013ca un babas\u016b e\u013c\u013ca dzi\u013ci baro matu saknes, padarot matus m\u012bkst\u0101kus un z\u012bdain\u0101kus, pie\u0161\u0137irot tiem apjomu un sp\u012bdumu.<br \/>\n\u2022 Z\u012bdkoka ekstraktam piem\u012bt antioksidanta \u012bpa\u0161\u012bbas un tas palielina matu elast\u012bbu.<\/p>\n<p>Lieto\u0161ana: samitriniet matus un cieto \u0161amp\u016bnu ar siltu \u016bdeni, saputojiet l\u012bdz izveidojas bag\u0101t\u012bgas putas. Iemas\u0113jiet matos un galvas \u0101d\u0101, p\u0113c tam r\u016bp\u012bgi noskalojiet ar siltu \u016bdeni. Ja nepiecie\u0161ams, atk\u0101rtojiet. P\u0113c lieto\u0161anas cietais \u0161amp\u016bns j\u0101iz\u017e\u0101v\u0113 un j\u0101uzglab\u0101 sausum\u0101, sarg\u0101jot no mitruma. Tikai \u0101r\u012bgai lieto\u0161anai.<\/p>\n","protected":false},"excerpt":{"rendered":"<p>Cietais \u0161amp\u016bns ar koncentr\u0113tu formulu, kas dzi\u013ci un saudz\u012bgi att\u012bra matus un galvas \u0101du, pie\u0161\u0137ir kuplumu un redzamu apjomu pl\u0101niem matiem, nenoslogojot tos. Rezult\u0101ts: apjom\u012bgi, kupli un stipri mati. Akt\u012bv\u0101s sast\u0101vda\u013cas: \u2022 Organisk\u0101 avokado e\u013c\u013ca un babas\u016b e\u013c\u013ca dzi\u013ci baro matu saknes, padarot matus m\u012bkst\u0101kus un z\u012bdain\u0101kus, pie\u0161\u0137irot tiem apjomu un sp\u012bdumu. \u2022 Z\u012bdkoka ekstraktam [&#8230;]\n","protected":false},"featured_media":95694,"template":"","meta":[],"product_cat":[2182],"product_tag":[],"class_list":{"0":"post-77789","1":"product","2":"type-product","3":"status-publish","4":"has-post-thumbnail","6":"product_brand-ecolab_cs","7":"product_cat-bez-kategorijas-ru","9":"first","10":"instock","11":"taxable","12":"shipping-taxable","13":"product-type-simple"},"_links":{"self":[{"href":"https:\/\/e.kosmolat.eu\/lv\/wp-json\/wp\/v2\/product\/77789","targetHints":{"allow":["GET"]}}],"collection":[{"href":"https:\/\/e.kosmolat.eu\/lv\/wp-json\/wp\/v2\/product"}],"about":[{"href":"https:\/\/e.kosmolat.eu\/lv\/wp-json\/wp\/v2\/types\/product"}],"wp:featuredmedia":[{"embeddable":true,"href":"https:\/\/e.kosmolat.eu\/lv\/wp-json\/wp\/v2\/media\/95694"}],"wp:attachment":[{"href":"https:\/\/e.kosmolat.eu\/lv\/wp-json\/wp\/v2\/media?parent=77789"}],"wp:term":[{"taxonomy":"product_cat","embeddable":true,"href":"https:\/\/e.kosmolat.eu\/lv\/wp-json\/wp\/v2\/product_cat?post=77789"},{"taxonomy":"product_tag","embeddable":true,"href":"https:\/\/e.kosmolat.eu\/lv\/wp-json\/wp\/v2\/product_tag?post=77789"}],"curies":[{"name":"wp","href":"https:\/\/api.w.org\/{rel}","templated":true}]}}