{"id":77785,"date":"2025-08-25T09:50:50","date_gmt":"2025-08-25T09:50:50","guid":{"rendered":"https:\/\/e.kosmolat.eu\/product\/organic-mimi-coco-star-repair-shampoo-bar-50-g\/"},"modified":"2026-04-14T06:26:17","modified_gmt":"2026-04-14T06:26:17","slug":"c-organic-mimi-coco-star-atjaun-cietais-sampuns-bojat-matiem-50-g","status":"publish","type":"product","link":"https:\/\/e.kosmolat.eu\/lv\/product\/c-organic-mimi-coco-star-atjaun-cietais-sampuns-bojat-matiem-50-g\/","title":{"rendered":"C Organic Mimi Coco Star Atjaun. cietais \u0161amp\u016bns boj\u0101t. matiem, 50 g"},"content":{"rendered":"<p>Cietajam \u0161amp\u016bnam ir koncentr\u0113ta formula, kas dzi\u013ci un saudz\u012bgi att\u012bra matus un galvas \u0101du, atjauno un stiprina matu strukt\u016bru, padarot tos gludus un m\u012bkstus.<br \/>\nRezult\u0101ts: gludi, veseli un skaisti mati.<\/p>\n<p>Akt\u012bv\u0101s sast\u0101vda\u013cas:<br \/>\n\u2022 Organisk\u0101 kokosriekstu e\u013c\u013ca un marulas e\u013c\u013ca atjauno un stiprina matus no sakn\u0113m l\u012bdz galiem, padarot tos gludus un elast\u012bgus.<br \/>\n\u2022 Moringas ekstrakts mitrina matus, pie\u0161\u0137irot tiem sp\u012bdumu un mirdzumu.<\/p>\n<p>Lieto\u0161ana: samitriniet matus un cieto \u0161amp\u016bnu ar siltu \u016bdeni, saputojiet l\u012bdz izveidojas bag\u0101t\u012bgas putas. Iemas\u0113jiet matos un galvas \u0101d\u0101, p\u0113c tam r\u016bp\u012bgi noskalojiet ar siltu \u016bdeni. Ja nepiecie\u0161ams, atk\u0101rtojiet. P\u0113c lieto\u0161anas cietais \u0161amp\u016bns j\u0101iz\u017e\u0101v\u0113 un j\u0101uzglab\u0101 sausum\u0101, sarg\u0101jot no mitruma. Tikai \u0101r\u012bgai lieto\u0161anai.<\/p>\n","protected":false},"excerpt":{"rendered":"<p>Cietajam \u0161amp\u016bnam ir koncentr\u0113ta formula, kas dzi\u013ci un saudz\u012bgi att\u012bra matus un galvas \u0101du, atjauno un stiprina matu strukt\u016bru, padarot tos gludus un m\u012bkstus. Rezult\u0101ts: gludi, veseli un skaisti mati. Akt\u012bv\u0101s sast\u0101vda\u013cas: \u2022 Organisk\u0101 kokosriekstu e\u013c\u013ca un marulas e\u013c\u013ca atjauno un stiprina matus no sakn\u0113m l\u012bdz galiem, padarot tos gludus un elast\u012bgus. \u2022 Moringas ekstrakts [&#8230;]\n","protected":false},"featured_media":95678,"template":"","meta":[],"product_cat":[1252],"product_tag":[],"class_list":{"0":"post-77785","1":"product","2":"type-product","3":"status-publish","4":"has-post-thumbnail","6":"product_brand-ecolab_cs","7":"product_cat-1252","9":"first","10":"instock","11":"taxable","12":"shipping-taxable","13":"product-type-simple"},"_links":{"self":[{"href":"https:\/\/e.kosmolat.eu\/lv\/wp-json\/wp\/v2\/product\/77785","targetHints":{"allow":["GET"]}}],"collection":[{"href":"https:\/\/e.kosmolat.eu\/lv\/wp-json\/wp\/v2\/product"}],"about":[{"href":"https:\/\/e.kosmolat.eu\/lv\/wp-json\/wp\/v2\/types\/product"}],"wp:featuredmedia":[{"embeddable":true,"href":"https:\/\/e.kosmolat.eu\/lv\/wp-json\/wp\/v2\/media\/95678"}],"wp:attachment":[{"href":"https:\/\/e.kosmolat.eu\/lv\/wp-json\/wp\/v2\/media?parent=77785"}],"wp:term":[{"taxonomy":"product_cat","embeddable":true,"href":"https:\/\/e.kosmolat.eu\/lv\/wp-json\/wp\/v2\/product_cat?post=77785"},{"taxonomy":"product_tag","embeddable":true,"href":"https:\/\/e.kosmolat.eu\/lv\/wp-json\/wp\/v2\/product_tag?post=77785"}],"curies":[{"name":"wp","href":"https:\/\/api.w.org\/{rel}","templated":true}]}}