{"id":77781,"date":"2025-08-25T09:50:35","date_gmt":"2025-08-25T09:50:35","guid":{"rendered":"https:\/\/e.kosmolat.eu\/product\/organic-mimi-sensitive-care-intimas-higien-zeleja-300-ml\/"},"modified":"2026-04-11T19:37:06","modified_gmt":"2026-04-11T19:37:06","slug":"c-organic-mimi-sensitive-care-intimas-higien-zeleja-300-ml","status":"publish","type":"product","link":"https:\/\/e.kosmolat.eu\/lv\/product\/c-organic-mimi-sensitive-care-intimas-higien-zeleja-300-ml\/","title":{"rendered":"C Organic Mimi Sensitive Care Int\u012bm\u0101s higi\u0113n. \u017eeleja, 300 ml"},"content":{"rendered":"<p>Int\u012bm\u0101s higi\u0113nas \u017eeleja nodro\u0161ina saudz\u012bgu kop\u0161anu un aizsardz\u012bbu jut\u012bgai int\u012bm\u0101s zonas \u0101dai.<\/p>\n<p>\u2022 Pantenols nomierina \u0101du, nodro\u0161ina aizsardz\u012bbu un kondicion\u0113\u0161anu.<br \/>\n\u2022 Bisabolols veicina \u0101das atjauno\u0161anos.<br \/>\n\u2022 Organiska alvejas sula mitrina un m\u012bkstina \u0101du, sniedzot svaiguma saj\u016btu.<br \/>\n\u2022 Probiotika (inul\u012bns) atbalsta un aizsarg\u0101 dab\u012bgo int\u012bm\u0101s zonas mikrofloru, nov\u0113r\u0161ot diskomfortu.<\/p>\n<p>Produktam ir hipoaler\u0123iska formula.<\/p>\n<p>Lieto\u0161ana: uzkl\u0101t \u017eeleju uz mitras int\u012bmo zonu \u0101das, saputot un noskalot ar siltu \u016bdeni. Tikai \u0101r\u012bgai lieto\u0161anai.<\/p>\n","protected":false},"excerpt":{"rendered":"<p>Int\u012bm\u0101s higi\u0113nas \u017eeleja nodro\u0161ina saudz\u012bgu kop\u0161anu un aizsardz\u012bbu jut\u012bgai int\u012bm\u0101s zonas \u0101dai. \u2022 Pantenols nomierina \u0101du, nodro\u0161ina aizsardz\u012bbu un kondicion\u0113\u0161anu. \u2022 Bisabolols veicina \u0101das atjauno\u0161anos. \u2022 Organiska alvejas sula mitrina un m\u012bkstina \u0101du, sniedzot svaiguma saj\u016btu. \u2022 Probiotika (inul\u012bns) atbalsta un aizsarg\u0101 dab\u012bgo int\u012bm\u0101s zonas mikrofloru, nov\u0113r\u0161ot diskomfortu. Produktam ir hipoaler\u0123iska formula. Lieto\u0161ana: uzkl\u0101t \u017eeleju [&#8230;]\n","protected":false},"featured_media":95710,"template":"","meta":[],"product_cat":[1375],"product_tag":[],"class_list":{"0":"post-77781","1":"product","2":"type-product","3":"status-publish","4":"has-post-thumbnail","6":"product_brand-ecolab_cs","7":"product_cat-1375","9":"first","10":"outofstock","11":"taxable","12":"shipping-taxable","13":"product-type-simple"},"_links":{"self":[{"href":"https:\/\/e.kosmolat.eu\/lv\/wp-json\/wp\/v2\/product\/77781","targetHints":{"allow":["GET"]}}],"collection":[{"href":"https:\/\/e.kosmolat.eu\/lv\/wp-json\/wp\/v2\/product"}],"about":[{"href":"https:\/\/e.kosmolat.eu\/lv\/wp-json\/wp\/v2\/types\/product"}],"wp:featuredmedia":[{"embeddable":true,"href":"https:\/\/e.kosmolat.eu\/lv\/wp-json\/wp\/v2\/media\/95710"}],"wp:attachment":[{"href":"https:\/\/e.kosmolat.eu\/lv\/wp-json\/wp\/v2\/media?parent=77781"}],"wp:term":[{"taxonomy":"product_cat","embeddable":true,"href":"https:\/\/e.kosmolat.eu\/lv\/wp-json\/wp\/v2\/product_cat?post=77781"},{"taxonomy":"product_tag","embeddable":true,"href":"https:\/\/e.kosmolat.eu\/lv\/wp-json\/wp\/v2\/product_tag?post=77781"}],"curies":[{"name":"wp","href":"https:\/\/api.w.org\/{rel}","templated":true}]}}