{"id":77777,"date":"2025-08-25T07:50:38","date_gmt":"2025-08-25T07:50:38","guid":{"rendered":"https:\/\/e.kosmolat.eu\/product\/organic-mimi-shimmer-dry-body-scrub-passion-fruit-avocado-150-g\/"},"modified":"2026-04-11T19:33:28","modified_gmt":"2026-04-11T19:33:28","slug":"organic-mimi-sausais-kerm-skrubis-ar-mirdzumu-pasiflora-un-avokado-150-g","status":"publish","type":"product","link":"https:\/\/e.kosmolat.eu\/lv\/product\/organic-mimi-sausais-kerm-skrubis-ar-mirdzumu-pasiflora-un-avokado-150-g\/","title":{"rendered":"Organic Mimi Sausais \u0137erm. skrubis ar mirdzumu Pasiflora un avokado, 150 g"},"content":{"rendered":"<p>Cukurs un j\u016bras s\u0101ls skrubja sast\u0101v\u0101 saudz\u012bgi att\u012bra un noloba \u0101du, padarot to maigu un z\u012bdainu. Organisk\u0101 avokado e\u013c\u013ca un pasifloras ekstrakts par\u016bp\u0113sies par j\u016bsu \u0101du, mitrin\u0101s un m\u012bkstin\u0101s to, bet mirdzo\u0161\u0101s da\u013ci\u0146as pie\u0161\u0137irs \u0101dai starojo\u0161u mirdzumu un acumirkl\u012b uzlabos garast\u0101vokli.<\/p>\n<p>Lieto\u0161ana: uzkl\u0101t uz mitras \u0101das, iemas\u0113t, p\u0113c tam r\u016bp\u012bgi noskalot ar siltu \u016bdeni. Tikai \u0101r\u012bgai lieto\u0161anai. Nelietot uz boj\u0101tas vai kairin\u0101tas \u0101das.<\/p>\n","protected":false},"excerpt":{"rendered":"<p>Cukurs un j\u016bras s\u0101ls skrubja sast\u0101v\u0101 saudz\u012bgi att\u012bra un noloba \u0101du, padarot to maigu un z\u012bdainu. Organisk\u0101 avokado e\u013c\u013ca un pasifloras ekstrakts par\u016bp\u0113sies par j\u016bsu \u0101du, mitrin\u0101s un m\u012bkstin\u0101s to, bet mirdzo\u0161\u0101s da\u013ci\u0146as pie\u0161\u0137irs \u0101dai starojo\u0161u mirdzumu un acumirkl\u012b uzlabos garast\u0101vokli. Lieto\u0161ana: uzkl\u0101t uz mitras \u0101das, iemas\u0113t, p\u0113c tam r\u016bp\u012bgi noskalot ar siltu \u016bdeni. Tikai [&#8230;]\n","protected":false},"featured_media":95666,"template":"","meta":[],"product_cat":[1357],"product_tag":[],"class_list":{"0":"post-77777","1":"product","2":"type-product","3":"status-publish","4":"has-post-thumbnail","6":"product_brand-ecolab_cs","7":"product_cat-skrubji-un-pilingi-kermenim","9":"first","10":"instock","11":"taxable","12":"shipping-taxable","13":"product-type-simple"},"_links":{"self":[{"href":"https:\/\/e.kosmolat.eu\/lv\/wp-json\/wp\/v2\/product\/77777","targetHints":{"allow":["GET"]}}],"collection":[{"href":"https:\/\/e.kosmolat.eu\/lv\/wp-json\/wp\/v2\/product"}],"about":[{"href":"https:\/\/e.kosmolat.eu\/lv\/wp-json\/wp\/v2\/types\/product"}],"wp:featuredmedia":[{"embeddable":true,"href":"https:\/\/e.kosmolat.eu\/lv\/wp-json\/wp\/v2\/media\/95666"}],"wp:attachment":[{"href":"https:\/\/e.kosmolat.eu\/lv\/wp-json\/wp\/v2\/media?parent=77777"}],"wp:term":[{"taxonomy":"product_cat","embeddable":true,"href":"https:\/\/e.kosmolat.eu\/lv\/wp-json\/wp\/v2\/product_cat?post=77777"},{"taxonomy":"product_tag","embeddable":true,"href":"https:\/\/e.kosmolat.eu\/lv\/wp-json\/wp\/v2\/product_tag?post=77777"}],"curies":[{"name":"wp","href":"https:\/\/api.w.org\/{rel}","templated":true}]}}