{"id":77773,"date":"2025-08-25T07:36:36","date_gmt":"2025-08-25T07:36:36","guid":{"rendered":"https:\/\/e.kosmolat.eu\/product\/organic-mimi-coconut-dry-body-scrub-pink-salt-mango-150-g\/"},"modified":"2026-04-11T19:33:00","modified_gmt":"2026-04-11T19:33:00","slug":"organic-mimi-kokosr-sausais-kerm-skrubis-roza-sals-un-mango-150-g","status":"publish","type":"product","link":"https:\/\/e.kosmolat.eu\/lv\/product\/organic-mimi-kokosr-sausais-kerm-skrubis-roza-sals-un-mango-150-g\/","title":{"rendered":"Organic Mimi Kokosr. sausais \u0137erm. skrubis Roz\u0101 s\u0101ls un mango, 150 g"},"content":{"rendered":"<p>Skrubis ar kokosriekstu pulveri un Himalaju roz\u0101 s\u0101li att\u012bra un maigi noloba \u0101du, nov\u0113r\u0161ot raupju zonu veido\u0161anos un padararot to gludu un elast\u012bgu.<\/p>\n<p>\u2022 Roz\u0101 s\u0101ls bag\u0101tina \u0101du ar miner\u0101lviel\u0101m un mikroelementiem, stimul\u0113 t\u0101s atjauno\u0161anos un sniedz toniz\u0113jo\u0161u efektu.<br \/>\n\u2022 Organiskais mango sviests un organisk\u0101 kokosriekstu e\u013c\u013ca mitrina un baro \u0101du, padarot to maigu un gludu.<\/p>\n<p>Lieto\u0161ana: uzkl\u0101t uz mitras \u0101das, iemas\u0113t, p\u0113c tam r\u016bp\u012bgi noskalot ar siltu \u016bdeni. Tikai \u0101r\u012bgai lieto\u0161anai. Nelietot uz boj\u0101tas vai kairin\u0101tas \u0101das.<\/p>\n","protected":false},"excerpt":{"rendered":"<p>Skrubis ar kokosriekstu pulveri un Himalaju roz\u0101 s\u0101li att\u012bra un maigi noloba \u0101du, nov\u0113r\u0161ot raupju zonu veido\u0161anos un padararot to gludu un elast\u012bgu. \u2022 Roz\u0101 s\u0101ls bag\u0101tina \u0101du ar miner\u0101lviel\u0101m un mikroelementiem, stimul\u0113 t\u0101s atjauno\u0161anos un sniedz toniz\u0113jo\u0161u efektu. \u2022 Organiskais mango sviests un organisk\u0101 kokosriekstu e\u013c\u013ca mitrina un baro \u0101du, padarot to maigu un [&#8230;]\n","protected":false},"featured_media":95658,"template":"","meta":[],"product_cat":[1357],"product_tag":[],"class_list":{"0":"post-77773","1":"product","2":"type-product","3":"status-publish","4":"has-post-thumbnail","6":"product_brand-ecolab_cs","7":"product_cat-skrubji-un-pilingi-kermenim","9":"first","10":"instock","11":"taxable","12":"shipping-taxable","13":"product-type-simple"},"_links":{"self":[{"href":"https:\/\/e.kosmolat.eu\/lv\/wp-json\/wp\/v2\/product\/77773","targetHints":{"allow":["GET"]}}],"collection":[{"href":"https:\/\/e.kosmolat.eu\/lv\/wp-json\/wp\/v2\/product"}],"about":[{"href":"https:\/\/e.kosmolat.eu\/lv\/wp-json\/wp\/v2\/types\/product"}],"wp:featuredmedia":[{"embeddable":true,"href":"https:\/\/e.kosmolat.eu\/lv\/wp-json\/wp\/v2\/media\/95658"}],"wp:attachment":[{"href":"https:\/\/e.kosmolat.eu\/lv\/wp-json\/wp\/v2\/media?parent=77773"}],"wp:term":[{"taxonomy":"product_cat","embeddable":true,"href":"https:\/\/e.kosmolat.eu\/lv\/wp-json\/wp\/v2\/product_cat?post=77773"},{"taxonomy":"product_tag","embeddable":true,"href":"https:\/\/e.kosmolat.eu\/lv\/wp-json\/wp\/v2\/product_tag?post=77773"}],"curies":[{"name":"wp","href":"https:\/\/api.w.org\/{rel}","templated":true}]}}