{"id":77769,"date":"2025-08-25T07:04:52","date_gmt":"2025-08-25T07:04:52","guid":{"rendered":"https:\/\/e.kosmolat.eu\/product\/organic-mimi-dry-body-scrub-chocolate-coffee-150-g\/"},"modified":"2026-04-11T19:33:14","modified_gmt":"2026-04-11T19:33:14","slug":"organic-mimi-sausais-kerm-skrubis-sokolade-un-kafija-150-g","status":"publish","type":"product","link":"https:\/\/e.kosmolat.eu\/lv\/product\/organic-mimi-sausais-kerm-skrubis-sokolade-un-kafija-150-g\/","title":{"rendered":"Organic Mimi Sausais \u0137erm. skrubis \u0161okol\u0101de un kafija, 150 g"},"content":{"rendered":"<p>Skrubis uz dab\u012bgas maltas kafijas un j\u016bras s\u0101ls b\u0101zes efekt\u012bvi noloba atmiru\u0161\u0101s \u0101das \u0161\u016bnas un att\u012bra \u0101du.<\/p>\n<p>\u2022 J\u016bras s\u0101ls dzi\u013ci att\u012bra un pies\u0101tina \u0101du ar nepiecie\u0161amajiem miner\u0101liem, stimul\u0113 asinsriti un uzlabo \u0101das elast\u012bbu.<br \/>\n\u2022 Dab\u012bg\u0101 kafija toniz\u0113 \u0101du un tai piem\u012bt pretcelul\u012bta efekts.<br \/>\n\u2022 Kakao sviests un organisk\u0101 makad\u0101mijas e\u013c\u013ca baro un mitrina \u0101du.<\/p>\n<p>Lieto\u0161ana: uzkl\u0101t uz mitras \u0101das, iemas\u0113t, p\u0113c tam r\u016bp\u012bgi noskalot ar siltu \u016bdeni. Tikai \u0101r\u012bgai lieto\u0161anai. Nelietot uz boj\u0101tas vai kairin\u0101tas \u0101das.<\/p>\n","protected":false},"excerpt":{"rendered":"<p>Skrubis uz dab\u012bgas maltas kafijas un j\u016bras s\u0101ls b\u0101zes efekt\u012bvi noloba atmiru\u0161\u0101s \u0101das \u0161\u016bnas un att\u012bra \u0101du. \u2022 J\u016bras s\u0101ls dzi\u013ci att\u012bra un pies\u0101tina \u0101du ar nepiecie\u0161amajiem miner\u0101liem, stimul\u0113 asinsriti un uzlabo \u0101das elast\u012bbu. \u2022 Dab\u012bg\u0101 kafija toniz\u0113 \u0101du un tai piem\u012bt pretcelul\u012bta efekts. \u2022 Kakao sviests un organisk\u0101 makad\u0101mijas e\u013c\u013ca baro un mitrina \u0101du. [&#8230;]\n","protected":false},"featured_media":95662,"template":"","meta":[],"product_cat":[1357],"product_tag":[],"class_list":{"0":"post-77769","1":"product","2":"type-product","3":"status-publish","4":"has-post-thumbnail","6":"product_brand-ecolab_cs","7":"product_cat-skrubji-un-pilingi-kermenim","9":"first","10":"outofstock","11":"taxable","12":"shipping-taxable","13":"product-type-simple"},"_links":{"self":[{"href":"https:\/\/e.kosmolat.eu\/lv\/wp-json\/wp\/v2\/product\/77769","targetHints":{"allow":["GET"]}}],"collection":[{"href":"https:\/\/e.kosmolat.eu\/lv\/wp-json\/wp\/v2\/product"}],"about":[{"href":"https:\/\/e.kosmolat.eu\/lv\/wp-json\/wp\/v2\/types\/product"}],"wp:featuredmedia":[{"embeddable":true,"href":"https:\/\/e.kosmolat.eu\/lv\/wp-json\/wp\/v2\/media\/95662"}],"wp:attachment":[{"href":"https:\/\/e.kosmolat.eu\/lv\/wp-json\/wp\/v2\/media?parent=77769"}],"wp:term":[{"taxonomy":"product_cat","embeddable":true,"href":"https:\/\/e.kosmolat.eu\/lv\/wp-json\/wp\/v2\/product_cat?post=77769"},{"taxonomy":"product_tag","embeddable":true,"href":"https:\/\/e.kosmolat.eu\/lv\/wp-json\/wp\/v2\/product_tag?post=77769"}],"curies":[{"name":"wp","href":"https:\/\/api.w.org\/{rel}","templated":true}]}}