{"id":77765,"date":"2025-08-25T06:34:31","date_gmt":"2025-08-25T06:34:31","guid":{"rendered":"https:\/\/e.kosmolat.eu\/product\/organic-mimi-silk-glide-skusanas-krems-300-ml\/"},"modified":"2026-04-11T19:36:55","modified_gmt":"2026-04-11T19:36:55","slug":"c-organic-mimi-silk-glide-skusanas-krems-300-ml","status":"publish","type":"product","link":"https:\/\/e.kosmolat.eu\/lv\/product\/c-organic-mimi-silk-glide-skusanas-krems-300-ml\/","title":{"rendered":"C Organic Mimi Silk Glide Sk\u016b\u0161an\u0101s kr\u0113ms, 300 ml"},"content":{"rendered":"<p>Sk\u016b\u0161an\u0101s kr\u0113ms ir rad\u012bts maigai un gludai skuvek\u013ca sl\u012bd\u0113\u0161anai pa k\u0101ju \u0101du un jut\u012bg\u0101m zon\u0101m. Tas nodro\u0161ina vieglu sk\u016b\u0161anos, acumirkl\u012b mitrina un aizsarg\u0101 \u0101du no boj\u0101jumiem. Piem\u0113rots visiem \u0101das tipiem.<\/p>\n<p>Rezult\u0101ts: gluda un kopt\u0101 \u0101da bez kairin\u0101juma.<\/p>\n<p>\u2022 Alanto\u012bns m\u012bkstina un mitrina \u0101du, atjauno un stiprina t\u0101s aizsargbarjeru, uztur hidrolip\u012bdu l\u012bdzsvaru un stimul\u0113 \u0161\u016bnu atjauno\u0161an\u0101s procesu.<br \/>\n\u2022 Kokvilnas ekstrakts intens\u012bvi nomierina \u0101du.<br \/>\n\u2022 Organiskais \u0161\u012b sviests dzi\u013ci baro \u0101du, uzlabojot t\u0101s maigumu un elast\u012bbu.<\/p>\n<p>Lieto\u0161ana: uzkl\u0101jiet kr\u0113mu uz mitras \u0101das. Noskujieties un noskalojiet ar siltu \u016bdeni. Tikai \u0101r\u012bgai lieto\u0161anai.<\/p>\n","protected":false},"excerpt":{"rendered":"<p>Sk\u016b\u0161an\u0101s kr\u0113ms ir rad\u012bts maigai un gludai skuvek\u013ca sl\u012bd\u0113\u0161anai pa k\u0101ju \u0101du un jut\u012bg\u0101m zon\u0101m. Tas nodro\u0161ina vieglu sk\u016b\u0161anos, acumirkl\u012b mitrina un aizsarg\u0101 \u0101du no boj\u0101jumiem. Piem\u0113rots visiem \u0101das tipiem. Rezult\u0101ts: gluda un kopt\u0101 \u0101da bez kairin\u0101juma. \u2022 Alanto\u012bns m\u012bkstina un mitrina \u0101du, atjauno un stiprina t\u0101s aizsargbarjeru, uztur hidrolip\u012bdu l\u012bdzsvaru un stimul\u0113 \u0161\u016bnu atjauno\u0161an\u0101s [&#8230;]\n","protected":false},"featured_media":95706,"template":"","meta":[],"product_cat":[1623],"product_tag":[],"class_list":{"0":"post-77765","1":"product","2":"type-product","3":"status-publish","4":"has-post-thumbnail","6":"product_brand-ecolab_cs","7":"product_cat-1623","9":"first","10":"instock","11":"taxable","12":"shipping-taxable","13":"product-type-simple"},"_links":{"self":[{"href":"https:\/\/e.kosmolat.eu\/lv\/wp-json\/wp\/v2\/product\/77765","targetHints":{"allow":["GET"]}}],"collection":[{"href":"https:\/\/e.kosmolat.eu\/lv\/wp-json\/wp\/v2\/product"}],"about":[{"href":"https:\/\/e.kosmolat.eu\/lv\/wp-json\/wp\/v2\/types\/product"}],"wp:featuredmedia":[{"embeddable":true,"href":"https:\/\/e.kosmolat.eu\/lv\/wp-json\/wp\/v2\/media\/95706"}],"wp:attachment":[{"href":"https:\/\/e.kosmolat.eu\/lv\/wp-json\/wp\/v2\/media?parent=77765"}],"wp:term":[{"taxonomy":"product_cat","embeddable":true,"href":"https:\/\/e.kosmolat.eu\/lv\/wp-json\/wp\/v2\/product_cat?post=77765"},{"taxonomy":"product_tag","embeddable":true,"href":"https:\/\/e.kosmolat.eu\/lv\/wp-json\/wp\/v2\/product_tag?post=77765"}],"curies":[{"name":"wp","href":"https:\/\/api.w.org\/{rel}","templated":true}]}}