{"id":77761,"date":"2025-08-25T06:18:27","date_gmt":"2025-08-25T06:18:27","guid":{"rendered":"https:\/\/e.kosmolat.eu\/product\/organic-mimi-aftershave-lotion-smooth-touch-300-ml\/"},"modified":"2026-04-11T19:33:41","modified_gmt":"2026-04-11T19:33:41","slug":"c-organic-mimi-smooth-touch-losjons-pec-skusanas-300-ml","status":"publish","type":"product","link":"https:\/\/e.kosmolat.eu\/lv\/product\/c-organic-mimi-smooth-touch-losjons-pec-skusanas-300-ml\/","title":{"rendered":"C Organic Mimi Smooth Touch Losjons p\u0113c sk\u016b\u0161an\u0101s, 300 ml"},"content":{"rendered":"<p>Losjons p\u0113c sk\u016b\u0161an\u0101s ar vieglu \u017eelejveida tekst\u016bru nodro\u0161ina t\u016bl\u012bt\u0113ju mitrin\u0101\u0161anu, nomierina, atjauno un aizsarg\u0101 \u0101du p\u0113c sk\u016b\u0161an\u0101s. Piem\u0113rots visiem \u0101das tipiem.<\/p>\n<p>Rezult\u0101ts: gluda un maiga \u0101da bez kairin\u0101juma.<\/p>\n<p>\u2022 Bisabolols mitrina un nomierina \u0101du.<br \/>\n\u2022 Kokvilnas ekstrakts un alvejas sula intens\u012bvi nomierina un toniz\u0113 \u0101du, stimul\u0113jot \u0161\u016bnu atjauno\u0161anos.<br \/>\n\u2022 Organiskais \u0161\u012b sviests dzi\u013ci baro \u0101du, padarot to maig\u0101ku un elast\u012bg\u0101ku.<\/p>\n<p>Lieto\u0161ana: p\u0113c sk\u016b\u0161an\u0101s uzkl\u0101t losjonu uz t\u012bras, sausas \u0101das ar viegl\u0101m mas\u0101\u017eas kust\u012bb\u0101m. Tikai \u0101r\u012bgai lieto\u0161anai.<\/p>\n","protected":false},"excerpt":{"rendered":"<p>Losjons p\u0113c sk\u016b\u0161an\u0101s ar vieglu \u017eelejveida tekst\u016bru nodro\u0161ina t\u016bl\u012bt\u0113ju mitrin\u0101\u0161anu, nomierina, atjauno un aizsarg\u0101 \u0101du p\u0113c sk\u016b\u0161an\u0101s. Piem\u0113rots visiem \u0101das tipiem. Rezult\u0101ts: gluda un maiga \u0101da bez kairin\u0101juma. \u2022 Bisabolols mitrina un nomierina \u0101du. \u2022 Kokvilnas ekstrakts un alvejas sula intens\u012bvi nomierina un toniz\u0113 \u0101du, stimul\u0113jot \u0161\u016bnu atjauno\u0161anos. \u2022 Organiskais \u0161\u012b sviests dzi\u013ci baro \u0101du, [&#8230;]\n","protected":false},"featured_media":95670,"template":"","meta":[],"product_cat":[1391],"product_tag":[],"class_list":{"0":"post-77761","1":"product","2":"type-product","3":"status-publish","4":"has-post-thumbnail","6":"product_brand-ecolab_cs","7":"product_cat-1391","9":"first","10":"instock","11":"taxable","12":"shipping-taxable","13":"product-type-simple"},"_links":{"self":[{"href":"https:\/\/e.kosmolat.eu\/lv\/wp-json\/wp\/v2\/product\/77761","targetHints":{"allow":["GET"]}}],"collection":[{"href":"https:\/\/e.kosmolat.eu\/lv\/wp-json\/wp\/v2\/product"}],"about":[{"href":"https:\/\/e.kosmolat.eu\/lv\/wp-json\/wp\/v2\/types\/product"}],"wp:featuredmedia":[{"embeddable":true,"href":"https:\/\/e.kosmolat.eu\/lv\/wp-json\/wp\/v2\/media\/95670"}],"wp:attachment":[{"href":"https:\/\/e.kosmolat.eu\/lv\/wp-json\/wp\/v2\/media?parent=77761"}],"wp:term":[{"taxonomy":"product_cat","embeddable":true,"href":"https:\/\/e.kosmolat.eu\/lv\/wp-json\/wp\/v2\/product_cat?post=77761"},{"taxonomy":"product_tag","embeddable":true,"href":"https:\/\/e.kosmolat.eu\/lv\/wp-json\/wp\/v2\/product_tag?post=77761"}],"curies":[{"name":"wp","href":"https:\/\/api.w.org\/{rel}","templated":true}]}}