{"id":77755,"date":"2025-08-22T13:06:19","date_gmt":"2025-08-22T13:06:19","guid":{"rendered":"https:\/\/e.kosmolat.eu\/product\/organic-mimi-mango-mania-barojoss-kermena-losjons-300-ml\/"},"modified":"2026-04-14T16:03:12","modified_gmt":"2026-04-14T16:03:12","slug":"c-organic-mimi-mango-mania-barojoss-kermena-losjons-300-ml","status":"publish","type":"product","link":"https:\/\/e.kosmolat.eu\/lv\/product\/c-organic-mimi-mango-mania-barojoss-kermena-losjons-300-ml\/","title":{"rendered":"C Organic Mimi Mango Mania Barojo\u0161s \u0137erme\u0146a losjons, 300 ml"},"content":{"rendered":"<p>Pateicoties maigajai tekst\u016brai un mango uzmundrino\u0161ajam arom\u0101tam, \u0161is \u0137erme\u0146a losjons mitrina un baro \u0101du, padarot to gludu un elast\u012bgu.<\/p>\n<p>Rezult\u0101ts: intens\u012bva kop\u0161ana un ener\u0123ijas l\u0101di\u0146\u0161!<\/p>\n<p>\u2022 Makad\u0101mijas e\u013c\u013ca un organiskais mango sviests baro, mitrina un m\u012bkstina \u0101du, nov\u0113r\u0161 sausumu, k\u0101 ar\u012b stimul\u0113 kolag\u0113na sint\u0113zi un padara \u0101du elast\u012bg\u0101ku.<br \/>\n\u2022 \u0160\u012b sviests (karite) m\u012bkstina, atjauno \u0101du un uzlabo t\u0101s elast\u012bbu.<br \/>\n\u2022 Alanto\u012bns nomierina un m\u012bkstina \u0101du.<\/p>\n<p>Lieto\u0161ana: uzkl\u0101jiet losjonu uz t\u012bras, sausas \u0101das ar viegl\u0101m mas\u0101\u017eas kust\u012bb\u0101m.<\/p>\n","protected":false},"excerpt":{"rendered":"<p>Pateicoties maigajai tekst\u016brai un mango uzmundrino\u0161ajam arom\u0101tam, \u0161is \u0137erme\u0146a losjons mitrina un baro \u0101du, padarot to gludu un elast\u012bgu. Rezult\u0101ts: intens\u012bva kop\u0161ana un ener\u0123ijas l\u0101di\u0146\u0161! \u2022 Makad\u0101mijas e\u013c\u013ca un organiskais mango sviests baro, mitrina un m\u012bkstina \u0101du, nov\u0113r\u0161 sausumu, k\u0101 ar\u012b stimul\u0113 kolag\u0113na sint\u0113zi un padara \u0101du elast\u012bg\u0101ku. \u2022 \u0160\u012b sviests (karite) m\u012bkstina, atjauno \u0101du [&#8230;]\n","protected":false},"featured_media":95674,"template":"","meta":[],"product_cat":[1391],"product_tag":[],"class_list":{"0":"post-77755","1":"product","2":"type-product","3":"status-publish","4":"has-post-thumbnail","6":"product_brand-ecolab_cs","7":"product_cat-1391","9":"first","10":"instock","11":"taxable","12":"shipping-taxable","13":"product-type-simple"},"_links":{"self":[{"href":"https:\/\/e.kosmolat.eu\/lv\/wp-json\/wp\/v2\/product\/77755","targetHints":{"allow":["GET"]}}],"collection":[{"href":"https:\/\/e.kosmolat.eu\/lv\/wp-json\/wp\/v2\/product"}],"about":[{"href":"https:\/\/e.kosmolat.eu\/lv\/wp-json\/wp\/v2\/types\/product"}],"wp:featuredmedia":[{"embeddable":true,"href":"https:\/\/e.kosmolat.eu\/lv\/wp-json\/wp\/v2\/media\/95674"}],"wp:attachment":[{"href":"https:\/\/e.kosmolat.eu\/lv\/wp-json\/wp\/v2\/media?parent=77755"}],"wp:term":[{"taxonomy":"product_cat","embeddable":true,"href":"https:\/\/e.kosmolat.eu\/lv\/wp-json\/wp\/v2\/product_cat?post=77755"},{"taxonomy":"product_tag","embeddable":true,"href":"https:\/\/e.kosmolat.eu\/lv\/wp-json\/wp\/v2\/product_tag?post=77755"}],"curies":[{"name":"wp","href":"https:\/\/api.w.org\/{rel}","templated":true}]}}