{"id":77747,"date":"2025-08-22T12:06:19","date_gmt":"2025-08-22T12:06:19","guid":{"rendered":"https:\/\/e.kosmolat.eu\/product\/organic-mimi-shower-gel-matcha-lover-400-ml\/"},"modified":"2026-04-16T06:08:38","modified_gmt":"2026-04-16T06:08:38","slug":"c-organic-mimi-matcha-lover-dusas-zeleja-400-ml","status":"publish","type":"product","link":"https:\/\/e.kosmolat.eu\/lv\/product\/c-organic-mimi-matcha-lover-dusas-zeleja-400-ml\/","title":{"rendered":"C Organic Mimi Matcha Lover Du\u0161as \u017eeleja, 400 ml"},"content":{"rendered":"<p>Pateicoties maigajai att\u012bro\u0161ajai formulai un smalkajam nomierino\u0161ajam arom\u0101tam, \u0161\u012b du\u0161as \u017eeleja saudz\u012bgi att\u012bra \u0101du, nesaboj\u0101jot t\u0101s dabisko pH l\u012bdzsvaru, vienlaikus mitrinot un pies\u0101tinot to ar barojo\u0161\u0101m viel\u0101m. Saj\u016bti patieso harmoniju!<\/p>\n<p>Rezult\u0101ts: gluda, maiga un elast\u012bga \u0101da.<\/p>\n<p>\u2022 Organiskais ma\u010das za\u013c\u0101s t\u0113jas ekstrakts stiprina \u0101das aizsargbarjeru, toniz\u0113 un veicina \u0161\u016bnu atjauno\u0161anos.<br \/>\n\u2022 Organiskais verbenas ekstrakts mitrina un baro \u0101du, pie\u0161\u0137irot tai maigumu un elast\u012bbu.<br \/>\n\u2022 Probiotika (inul\u012bns) pal\u012bdz uztur\u0113t \u0101das mitrumu un vesel\u012bgu mikrobiomu.<\/p>\n<p>Lieto\u0161ana: uzkl\u0101jiet du\u0161as \u017eeleju uz mitras \u0101das ar rok\u0101m vai s\u016bkli, iemas\u0113jiet l\u012bdz veidojas putas un noskalojiet ar siltu \u016bdeni. Tikai \u0101r\u012bgai lieto\u0161anai.<\/p>\n","protected":false},"excerpt":{"rendered":"<p>Pateicoties maigajai att\u012bro\u0161ajai formulai un smalkajam nomierino\u0161ajam arom\u0101tam, \u0161\u012b du\u0161as \u017eeleja saudz\u012bgi att\u012bra \u0101du, nesaboj\u0101jot t\u0101s dabisko pH l\u012bdzsvaru, vienlaikus mitrinot un pies\u0101tinot to ar barojo\u0161\u0101m viel\u0101m. Saj\u016bti patieso harmoniju! Rezult\u0101ts: gluda, maiga un elast\u012bga \u0101da. \u2022 Organiskais ma\u010das za\u013c\u0101s t\u0113jas ekstrakts stiprina \u0101das aizsargbarjeru, toniz\u0113 un veicina \u0161\u016bnu atjauno\u0161anos. \u2022 Organiskais verbenas ekstrakts mitrina [&#8230;]\n","protected":false},"featured_media":95722,"template":"","meta":[],"product_cat":[2182],"product_tag":[],"class_list":{"0":"post-77747","1":"product","2":"type-product","3":"status-publish","4":"has-post-thumbnail","6":"product_brand-ecolab_cs","7":"product_cat-bez-kategorijas-ru","9":"first","10":"instock","11":"taxable","12":"shipping-taxable","13":"product-type-simple"},"_links":{"self":[{"href":"https:\/\/e.kosmolat.eu\/lv\/wp-json\/wp\/v2\/product\/77747","targetHints":{"allow":["GET"]}}],"collection":[{"href":"https:\/\/e.kosmolat.eu\/lv\/wp-json\/wp\/v2\/product"}],"about":[{"href":"https:\/\/e.kosmolat.eu\/lv\/wp-json\/wp\/v2\/types\/product"}],"wp:featuredmedia":[{"embeddable":true,"href":"https:\/\/e.kosmolat.eu\/lv\/wp-json\/wp\/v2\/media\/95722"}],"wp:attachment":[{"href":"https:\/\/e.kosmolat.eu\/lv\/wp-json\/wp\/v2\/media?parent=77747"}],"wp:term":[{"taxonomy":"product_cat","embeddable":true,"href":"https:\/\/e.kosmolat.eu\/lv\/wp-json\/wp\/v2\/product_cat?post=77747"},{"taxonomy":"product_tag","embeddable":true,"href":"https:\/\/e.kosmolat.eu\/lv\/wp-json\/wp\/v2\/product_tag?post=77747"}],"curies":[{"name":"wp","href":"https:\/\/api.w.org\/{rel}","templated":true}]}}