{"id":77743,"date":"2025-08-22T09:20:18","date_gmt":"2025-08-22T09:20:18","guid":{"rendered":"https:\/\/e.kosmolat.eu\/product\/organic-mimi-shower-gel-coco-splash-400-ml\/"},"modified":"2026-04-13T15:01:07","modified_gmt":"2026-04-13T15:01:07","slug":"c-organic-mimi-coco-splash-dusas-zeleja-400-ml","status":"publish","type":"product","link":"https:\/\/e.kosmolat.eu\/lv\/product\/c-organic-mimi-coco-splash-dusas-zeleja-400-ml\/","title":{"rendered":"C Organic Mimi Coco Splash Du\u0161as \u017eeleja, 400 ml"},"content":{"rendered":"<p>Pateicoties maigajai att\u012bro\u0161ajai formulai un sul\u012bgajam tropisk\u0101 kokosrieksta arom\u0101tam, \u0161\u012b du\u0161as \u017eeleja saudz\u012bgi att\u012bra \u0101du, saglab\u0101jot t\u0101s dabisko pH l\u012bdzsvaru, mitrina un baro. Ienirstiet \u012bsto tropu noska\u0146\u0101!<\/p>\n<p>Rezult\u0101ts: gluda, maiga un elast\u012bga \u0101da.<\/p>\n<p>\u2022 Organisk\u0101 kokosriekstu e\u013c\u013ca baro un m\u012bkstina \u0101du, pies\u0101tina to ar vitam\u012bniem, toniz\u0113 un atsvaidzina.<br \/>\n\u2022 Papaijas ekstrakts ar antioksidanta \u012bpa\u0161\u012bb\u0101m pie\u0161\u0137ir \u0101dai starojumu, padarot to gludu un tvirtu.<br \/>\n\u2022 Probiotika (inul\u012bns) pal\u012bdz uztur\u0113t \u0101das mitrumu un vesel\u012bgu mikrobiomu.<\/p>\n<p>Lieto\u0161ana: uzkl\u0101jiet du\u0161as \u017eeleju uz mitras \u0101das ar rok\u0101m vai s\u016bkli, iemas\u0113jiet l\u012bdz veidojas putas un noskalojiet ar siltu \u016bdeni. Tikai \u0101r\u012bgai lieto\u0161anai.<\/p>\n","protected":false},"excerpt":{"rendered":"<p>Pateicoties maigajai att\u012bro\u0161ajai formulai un sul\u012bgajam tropisk\u0101 kokosrieksta arom\u0101tam, \u0161\u012b du\u0161as \u017eeleja saudz\u012bgi att\u012bra \u0101du, saglab\u0101jot t\u0101s dabisko pH l\u012bdzsvaru, mitrina un baro. Ienirstiet \u012bsto tropu noska\u0146\u0101! Rezult\u0101ts: gluda, maiga un elast\u012bga \u0101da. \u2022 Organisk\u0101 kokosriekstu e\u013c\u013ca baro un m\u012bkstina \u0101du, pies\u0101tina to ar vitam\u012bniem, toniz\u0113 un atsvaidzina. \u2022 Papaijas ekstrakts ar antioksidanta \u012bpa\u0161\u012bb\u0101m pie\u0161\u0137ir [&#8230;]\n","protected":false},"featured_media":95714,"template":"","meta":[],"product_cat":[1283],"product_tag":[],"class_list":{"0":"post-77743","1":"product","2":"type-product","3":"status-publish","4":"has-post-thumbnail","6":"product_brand-ecolab_cs","7":"product_cat-1283","9":"first","10":"instock","11":"taxable","12":"shipping-taxable","13":"product-type-simple"},"_links":{"self":[{"href":"https:\/\/e.kosmolat.eu\/lv\/wp-json\/wp\/v2\/product\/77743","targetHints":{"allow":["GET"]}}],"collection":[{"href":"https:\/\/e.kosmolat.eu\/lv\/wp-json\/wp\/v2\/product"}],"about":[{"href":"https:\/\/e.kosmolat.eu\/lv\/wp-json\/wp\/v2\/types\/product"}],"wp:featuredmedia":[{"embeddable":true,"href":"https:\/\/e.kosmolat.eu\/lv\/wp-json\/wp\/v2\/media\/95714"}],"wp:attachment":[{"href":"https:\/\/e.kosmolat.eu\/lv\/wp-json\/wp\/v2\/media?parent=77743"}],"wp:term":[{"taxonomy":"product_cat","embeddable":true,"href":"https:\/\/e.kosmolat.eu\/lv\/wp-json\/wp\/v2\/product_cat?post=77743"},{"taxonomy":"product_tag","embeddable":true,"href":"https:\/\/e.kosmolat.eu\/lv\/wp-json\/wp\/v2\/product_tag?post=77743"}],"curies":[{"name":"wp","href":"https:\/\/api.w.org\/{rel}","templated":true}]}}