{"id":77739,"date":"2025-08-21T14:36:35","date_gmt":"2025-08-21T14:36:35","guid":{"rendered":"https:\/\/e.kosmolat.eu\/product\/organic-mimi-blond-storm-anti-yellow-samp-balinatiem-un-izgaism-matiem-400-ml\/"},"modified":"2026-04-16T11:35:20","modified_gmt":"2026-04-16T11:35:20","slug":"c-organic-mimi-blond-storm-anti-yellow-samp-balinatiem-un-izgaism-matiem-400-ml","status":"publish","type":"product","link":"https:\/\/e.kosmolat.eu\/lv\/product\/c-organic-mimi-blond-storm-anti-yellow-samp-balinatiem-un-izgaism-matiem-400-ml\/","title":{"rendered":"C Organic Mimi Blond Storm Anti-Yellow \u0160amp. balin\u0101tiem un izgaism. matiem, 400 ml"},"content":{"rendered":"<p>\u0160amp\u016bns ar maigu formulu saudz\u012bgi att\u012bra matus un galvas \u0101du. Tas neitraliz\u0113 nev\u0113lamo dzelteno matu toni, mitrina, baro un atjauno to mirdzumu.<\/p>\n<p>Rezult\u0101ts: stipri, sp\u012bd\u012bgi un elast\u012bgi mati.<\/p>\n<p>\u2022 Kolag\u0113ns un kukui riekstu e\u013c\u013ca stiprina matu strukt\u016bru vis\u0101 garum\u0101, mitrina un baro sausus un trauslus matus.<br \/>\n\u2022 Organiskais ol\u012bvu ekstrakts ar antioksidanta \u012bpa\u0161\u012bb\u0101m atjauno matu sp\u0113ku un sp\u012bdumu, nov\u0113r\u0161 galu \u0161\u0137el\u0161anos un nodro\u0161ina ilgsto\u0161u kop\u0161anu.<br \/>\n\u2022 Speci\u0101ls violets pigments neitraliz\u0113 nev\u0113lamo dzelteno toni un pal\u012bdz ilg\u0101k saglab\u0101t sudrabaino nokr\u0101su.<\/p>\n<p>Lieto\u0161ana: uzkl\u0101jiet \u0161amp\u016bnu uz mitriem matiem, saputojiet un izskalojiet ar siltu \u016bdeni. Ja nepiecie\u0161ams, atk\u0101rtojiet. Tikai \u0101r\u012bgai lieto\u0161anai.<\/p>\n","protected":false},"excerpt":{"rendered":"<p>\u0160amp\u016bns ar maigu formulu saudz\u012bgi att\u012bra matus un galvas \u0101du. Tas neitraliz\u0113 nev\u0113lamo dzelteno matu toni, mitrina, baro un atjauno to mirdzumu. Rezult\u0101ts: stipri, sp\u012bd\u012bgi un elast\u012bgi mati. \u2022 Kolag\u0113ns un kukui riekstu e\u013c\u013ca stiprina matu strukt\u016bru vis\u0101 garum\u0101, mitrina un baro sausus un trauslus matus. \u2022 Organiskais ol\u012bvu ekstrakts ar antioksidanta \u012bpa\u0161\u012bb\u0101m atjauno matu [&#8230;]\n","protected":false},"featured_media":78413,"template":"","meta":[],"product_cat":[1999],"product_tag":[],"class_list":{"0":"post-77739","1":"product","2":"type-product","3":"status-publish","4":"has-post-thumbnail","6":"product_brand-ecolab_cs","7":"product_cat-bez-kategorijas","9":"first","10":"instock","11":"taxable","12":"shipping-taxable","13":"product-type-simple"},"_links":{"self":[{"href":"https:\/\/e.kosmolat.eu\/lv\/wp-json\/wp\/v2\/product\/77739","targetHints":{"allow":["GET"]}}],"collection":[{"href":"https:\/\/e.kosmolat.eu\/lv\/wp-json\/wp\/v2\/product"}],"about":[{"href":"https:\/\/e.kosmolat.eu\/lv\/wp-json\/wp\/v2\/types\/product"}],"wp:featuredmedia":[{"embeddable":true,"href":"https:\/\/e.kosmolat.eu\/lv\/wp-json\/wp\/v2\/media\/78413"}],"wp:attachment":[{"href":"https:\/\/e.kosmolat.eu\/lv\/wp-json\/wp\/v2\/media?parent=77739"}],"wp:term":[{"taxonomy":"product_cat","embeddable":true,"href":"https:\/\/e.kosmolat.eu\/lv\/wp-json\/wp\/v2\/product_cat?post=77739"},{"taxonomy":"product_tag","embeddable":true,"href":"https:\/\/e.kosmolat.eu\/lv\/wp-json\/wp\/v2\/product_tag?post=77739"}],"curies":[{"name":"wp","href":"https:\/\/api.w.org\/{rel}","templated":true}]}}