{"id":77735,"date":"2025-08-21T13:50:31","date_gmt":"2025-08-21T13:50:31","guid":{"rendered":"https:\/\/e.kosmolat.eu\/product\/organic-mimi-shampoo-anti-frizz-loco-loco-400-ml\/"},"modified":"2026-04-22T09:07:53","modified_gmt":"2026-04-22T09:07:53","slug":"c-organic-mimi-loco-coco-sampuns-pret-matu-pukosanos-400-ml","status":"publish","type":"product","link":"https:\/\/e.kosmolat.eu\/lv\/product\/c-organic-mimi-loco-coco-sampuns-pret-matu-pukosanos-400-ml\/","title":{"rendered":"C Organic Mimi Loco-Coco \u0160amp\u016bns pret matu p\u016bko\u0161anos, 400 ml"},"content":{"rendered":"<p>\u0160amp\u016bns vi\u013c\u0146ainiem un p\u016bkainiem matiem ar maigu formulu saudz\u012bgi att\u012bra matus un galvas \u0101du. Tas samazina matu p\u016bko\u0161anos, efekt\u012bvi mitrina un baro vi\u013c\u0146ainu matu strukt\u016bru, padarot tos elast\u012bgus, gludus un pak\u013c\u0101v\u012bgus.<\/p>\n<p>\u2022 Aminosk\u0101bes mitrina un atjauno matu strukt\u016bru, nov\u0113r\u0161 galu \u0161\u0137el\u0161anos un paaugstina matu elast\u012bbu.<br \/>\n\u2022 Organisk\u0101 hohobas e\u013c\u013ca stiprina, baro un m\u012bkstina matus, nov\u0113r\u0161 l\u016b\u0161anu un pie\u0161\u0137ir vesel\u012bgu sp\u012bdumu.<br \/>\n\u2022 Mandar\u012bna ekstrakts normaliz\u0113 galvas \u0101das sebuma izstr\u0101di, padara matus viegl\u0101k pak\u013c\u0101v\u012bgus un samazina p\u016bko\u0161anos.<\/p>\n<p>Lieto\u0161ana: uzkl\u0101jiet \u0161amp\u016bnu uz mitriem matiem, saputojiet un izskalojiet ar siltu \u016bdeni. Ja nepiecie\u0161ams, atk\u0101rtojiet. Tikai \u0101r\u012bgai lieto\u0161anai.<\/p>\n","protected":false},"excerpt":{"rendered":"<p>\u0160amp\u016bns vi\u013c\u0146ainiem un p\u016bkainiem matiem ar maigu formulu saudz\u012bgi att\u012bra matus un galvas \u0101du. Tas samazina matu p\u016bko\u0161anos, efekt\u012bvi mitrina un baro vi\u013c\u0146ainu matu strukt\u016bru, padarot tos elast\u012bgus, gludus un pak\u013c\u0101v\u012bgus. \u2022 Aminosk\u0101bes mitrina un atjauno matu strukt\u016bru, nov\u0113r\u0161 galu \u0161\u0137el\u0161anos un paaugstina matu elast\u012bbu. \u2022 Organisk\u0101 hohobas e\u013c\u013ca stiprina, baro un m\u012bkstina matus, nov\u0113r\u0161 [&#8230;]\n","protected":false},"featured_media":78075,"template":"","meta":[],"product_cat":[1999],"product_tag":[],"class_list":{"0":"post-77735","1":"product","2":"type-product","3":"status-publish","4":"has-post-thumbnail","6":"product_brand-ecolab_cs","7":"product_cat-bez-kategorijas","9":"first","10":"instock","11":"taxable","12":"shipping-taxable","13":"product-type-simple"},"_links":{"self":[{"href":"https:\/\/e.kosmolat.eu\/lv\/wp-json\/wp\/v2\/product\/77735","targetHints":{"allow":["GET"]}}],"collection":[{"href":"https:\/\/e.kosmolat.eu\/lv\/wp-json\/wp\/v2\/product"}],"about":[{"href":"https:\/\/e.kosmolat.eu\/lv\/wp-json\/wp\/v2\/types\/product"}],"wp:featuredmedia":[{"embeddable":true,"href":"https:\/\/e.kosmolat.eu\/lv\/wp-json\/wp\/v2\/media\/78075"}],"wp:attachment":[{"href":"https:\/\/e.kosmolat.eu\/lv\/wp-json\/wp\/v2\/media?parent=77735"}],"wp:term":[{"taxonomy":"product_cat","embeddable":true,"href":"https:\/\/e.kosmolat.eu\/lv\/wp-json\/wp\/v2\/product_cat?post=77735"},{"taxonomy":"product_tag","embeddable":true,"href":"https:\/\/e.kosmolat.eu\/lv\/wp-json\/wp\/v2\/product_tag?post=77735"}],"curies":[{"name":"wp","href":"https:\/\/api.w.org\/{rel}","templated":true}]}}