{"id":77729,"date":"2025-08-21T12:20:47","date_gmt":"2025-08-21T12:20:47","guid":{"rendered":"https:\/\/e.kosmolat.eu\/product\/organic-mimi-super-booster-apjomu-pieskiross-kondic-planiem-mat-400-ml\/"},"modified":"2025-09-22T06:01:19","modified_gmt":"2025-09-22T06:01:19","slug":"organic-mimi-super-booster-apjomu-pieskiross-kondic-planiem-mat-400-ml","status":"publish","type":"product","link":"https:\/\/e.kosmolat.eu\/lv\/product\/organic-mimi-super-booster-apjomu-pieskiross-kondic-planiem-mat-400-ml\/","title":{"rendered":"Organic Mimi Super Booster Apjomu pie\u0161\u0137iro\u0161s kondic. pl\u0101niem mat., 400 ml"},"content":{"rendered":"<p>Kondicionieris atvieglo matu \u0137emm\u0113\u0161anu, nov\u0113r\u0161 matu sap\u012b\u0161anos un statisko elektr\u012bbu. Tas pie\u0161\u0137ir matiem apjomu, maigumu un elast\u012bbu, barojot un stiprinot tos.<\/p>\n<p>Rezult\u0101ts: kupli, stipri un sp\u012bd\u012bgi mati.<\/p>\n<p>\u2022 Augu prote\u012bni pie\u0161\u0137ir matiem biezumu un apjomu, atjauno to strukt\u016bru, padara tos bl\u012bv\u0101kus un elast\u012bg\u0101kus.<br \/>\n\u2022 Organisk\u0101 arg\u0101na e\u013c\u013ca stiprina un baro matus, nov\u0113r\u0161 galvas \u0101das sausumu.<br \/>\n\u2022 Me\u017eroz\u012b\u0161u ekstrakts pie\u0161\u0137ir matiem vesel\u012bgu mirdzumu un z\u012bdainumu, padarot tos glud\u0101kus un viegl\u0101k ieveidojamus.<\/p>\n<p>Lieto\u0161ana: uzkl\u0101jiet kondicionieri uz t\u012briem, mitriem matiem, atst\u0101jiet uz 1\u20132 min\u016bt\u0113m, p\u0113c tam noskalojiet ar siltu \u016bdeni. Tikai \u0101r\u012bgai lieto\u0161anai.<\/p>\n","protected":false},"excerpt":{"rendered":"<p>Kondicionieris atvieglo matu \u0137emm\u0113\u0161anu, nov\u0113r\u0161 matu sap\u012b\u0161anos un statisko elektr\u012bbu. Tas pie\u0161\u0137ir matiem apjomu, maigumu un elast\u012bbu, barojot un stiprinot tos. Rezult\u0101ts: kupli, stipri un sp\u012bd\u012bgi mati. \u2022 Augu prote\u012bni pie\u0161\u0137ir matiem biezumu un apjomu, atjauno to strukt\u016bru, padara tos bl\u012bv\u0101kus un elast\u012bg\u0101kus. \u2022 Organisk\u0101 arg\u0101na e\u013c\u013ca stiprina un baro matus, nov\u0113r\u0161 galvas \u0101das sausumu. [&#8230;]\n","protected":false},"featured_media":95702,"template":"","meta":[],"product_cat":[1638],"product_tag":[],"class_list":{"0":"post-77729","1":"product","2":"type-product","3":"status-publish","4":"has-post-thumbnail","6":"product_brand-ecolab_cs","7":"product_cat-balzami","9":"first","10":"outofstock","11":"taxable","12":"shipping-taxable","13":"product-type-simple"},"_links":{"self":[{"href":"https:\/\/e.kosmolat.eu\/lv\/wp-json\/wp\/v2\/product\/77729","targetHints":{"allow":["GET"]}}],"collection":[{"href":"https:\/\/e.kosmolat.eu\/lv\/wp-json\/wp\/v2\/product"}],"about":[{"href":"https:\/\/e.kosmolat.eu\/lv\/wp-json\/wp\/v2\/types\/product"}],"wp:featuredmedia":[{"embeddable":true,"href":"https:\/\/e.kosmolat.eu\/lv\/wp-json\/wp\/v2\/media\/95702"}],"wp:attachment":[{"href":"https:\/\/e.kosmolat.eu\/lv\/wp-json\/wp\/v2\/media?parent=77729"}],"wp:term":[{"taxonomy":"product_cat","embeddable":true,"href":"https:\/\/e.kosmolat.eu\/lv\/wp-json\/wp\/v2\/product_cat?post=77729"},{"taxonomy":"product_tag","embeddable":true,"href":"https:\/\/e.kosmolat.eu\/lv\/wp-json\/wp\/v2\/product_tag?post=77729"}],"curies":[{"name":"wp","href":"https:\/\/api.w.org\/{rel}","templated":true}]}}