{"id":77724,"date":"2025-08-21T12:07:49","date_gmt":"2025-08-21T12:07:49","guid":{"rendered":"https:\/\/e.kosmolat.eu\/product\/organic-mimi-gold-set-atjaunojoss-kondic-bojatiem-matiem-300-ml\/"},"modified":"2025-09-20T08:18:44","modified_gmt":"2025-09-20T08:18:44","slug":"organic-mimi-gold-set-atjaunojoss-kondic-bojatiem-matiem-300-ml","status":"publish","type":"product","link":"https:\/\/e.kosmolat.eu\/lv\/product\/organic-mimi-gold-set-atjaunojoss-kondic-bojatiem-matiem-300-ml\/","title":{"rendered":"Organic Mimi Gold Set Atjaunojo\u0161s kondic. boj\u0101tiem matiem, 300 ml"},"content":{"rendered":"<p>Kondicionieris atvieglo matu \u0137emm\u0113\u0161anu, nov\u0113r\u0161 to sap\u012b\u0161anos un samazina statisko elektr\u012bbu.<\/p>\n<p>\u2022 Kerat\u012bns atjauno un stiprina boj\u0101tu un nov\u0101jin\u0101tu matu strukt\u016bru, atgrie\u017eot tiem elast\u012bbu un mirdzumu.<br \/>\n\u2022 Organisk\u0101 kokosriekstu e\u013c\u013ca un kokvilnas ekstrakts nov\u0113r\u0161 matu izkri\u0161anu un stimul\u0113 to aug\u0161anu, padarot matus gludus, z\u012bdainus, dzi\u013ci mitrin\u0101tus, barotus un m\u012bkstus.<\/p>\n<p>Lieto\u0161ana: uzkl\u0101jiet kondicionieri uz t\u012briem, mitriem matiem, atst\u0101jiet uz 1\u20132 min\u016bt\u0113m, p\u0113c tam noskalojiet ar siltu \u016bdeni. Tikai \u0101r\u012bgai lieto\u0161anai.<\/p>\n","protected":false},"excerpt":{"rendered":"<p>Kondicionieris atvieglo matu \u0137emm\u0113\u0161anu, nov\u0113r\u0161 to sap\u012b\u0161anos un samazina statisko elektr\u012bbu. \u2022 Kerat\u012bns atjauno un stiprina boj\u0101tu un nov\u0101jin\u0101tu matu strukt\u016bru, atgrie\u017eot tiem elast\u012bbu un mirdzumu. \u2022 Organisk\u0101 kokosriekstu e\u013c\u013ca un kokvilnas ekstrakts nov\u0113r\u0161 matu izkri\u0161anu un stimul\u0113 to aug\u0161anu, padarot matus gludus, z\u012bdainus, dzi\u013ci mitrin\u0101tus, barotus un m\u012bkstus. Lieto\u0161ana: uzkl\u0101jiet kondicionieri uz t\u012briem, mitriem [&#8230;]\n","protected":false},"featured_media":78510,"template":"","meta":[],"product_cat":[1638],"product_tag":[],"class_list":{"0":"post-77724","1":"product","2":"type-product","3":"status-publish","4":"has-post-thumbnail","6":"product_brand-ecolab_cs","7":"product_cat-balzami","9":"first","10":"outofstock","11":"taxable","12":"shipping-taxable","13":"product-type-simple"},"_links":{"self":[{"href":"https:\/\/e.kosmolat.eu\/lv\/wp-json\/wp\/v2\/product\/77724","targetHints":{"allow":["GET"]}}],"collection":[{"href":"https:\/\/e.kosmolat.eu\/lv\/wp-json\/wp\/v2\/product"}],"about":[{"href":"https:\/\/e.kosmolat.eu\/lv\/wp-json\/wp\/v2\/types\/product"}],"wp:featuredmedia":[{"embeddable":true,"href":"https:\/\/e.kosmolat.eu\/lv\/wp-json\/wp\/v2\/media\/78510"}],"wp:attachment":[{"href":"https:\/\/e.kosmolat.eu\/lv\/wp-json\/wp\/v2\/media?parent=77724"}],"wp:term":[{"taxonomy":"product_cat","embeddable":true,"href":"https:\/\/e.kosmolat.eu\/lv\/wp-json\/wp\/v2\/product_cat?post=77724"},{"taxonomy":"product_tag","embeddable":true,"href":"https:\/\/e.kosmolat.eu\/lv\/wp-json\/wp\/v2\/product_tag?post=77724"}],"curies":[{"name":"wp","href":"https:\/\/api.w.org\/{rel}","templated":true}]}}