{"id":77720,"date":"2025-08-21T10:06:30","date_gmt":"2025-08-21T10:06:30","guid":{"rendered":"https:\/\/e.kosmolat.eu\/product\/organic-mimi-shampoo-restoring-gold-set-400-ml\/"},"modified":"2026-04-23T05:58:10","modified_gmt":"2026-04-23T05:58:10","slug":"c-organic-mimi-gold-set-atjaun-samp-bojatiem-matiem-400-ml","status":"publish","type":"product","link":"https:\/\/e.kosmolat.eu\/lv\/product\/c-organic-mimi-gold-set-atjaun-samp-bojatiem-matiem-400-ml\/","title":{"rendered":"C Organic Mimi Gold Set Atjaun. \u0161amp. boj\u0101tiem matiem, 400 ml"},"content":{"rendered":"<p>\u0160amp\u016bns ar maigu formulu saudz\u012bgi att\u012bra matus un galvas \u0101du. Tas baro, mitrina un m\u012bkstina boj\u0101tus matus.<\/p>\n<p>Rezult\u0101ts \u2013 gludi, sp\u012bd\u012bgi un vesel\u012bgi mati.<\/p>\n<p>\u2022 Kerat\u012bns atjauno un stiprina boj\u0101tu un nov\u0101jin\u0101tu matu strukt\u016bru, atgrie\u017eot tiem elast\u012bbu un mirdzumu.<br \/>\n\u2022 Organisk\u0101 kokosriekstu e\u013c\u013ca un kokvilnas ekstrakts pal\u012bdz nov\u0113rst matu izkri\u0161anu un stimul\u0113 to aug\u0161anu, padarot matus gludus, z\u012bdainus, dzi\u013ci mitrin\u0101tus, barotus un maigus.<\/p>\n<p>Lieto\u0161ana: uzkl\u0101jiet \u0161amp\u016bnu uz mitriem matiem, saputojiet un izskalojiet ar siltu \u016bdeni. Ja nepiecie\u0161ams, atk\u0101rtojiet. Tikai \u0101r\u012bgai lieto\u0161anai.<\/p>\n","protected":false},"excerpt":{"rendered":"<p>\u0160amp\u016bns ar maigu formulu saudz\u012bgi att\u012bra matus un galvas \u0101du. Tas baro, mitrina un m\u012bkstina boj\u0101tus matus. Rezult\u0101ts \u2013 gludi, sp\u012bd\u012bgi un vesel\u012bgi mati. \u2022 Kerat\u012bns atjauno un stiprina boj\u0101tu un nov\u0101jin\u0101tu matu strukt\u016bru, atgrie\u017eot tiem elast\u012bbu un mirdzumu. \u2022 Organisk\u0101 kokosriekstu e\u013c\u013ca un kokvilnas ekstrakts pal\u012bdz nov\u0113rst matu izkri\u0161anu un stimul\u0113 to aug\u0161anu, padarot [&#8230;]\n","protected":false},"featured_media":78506,"template":"","meta":[],"product_cat":[1248],"product_tag":[],"class_list":{"0":"post-77720","1":"product","2":"type-product","3":"status-publish","4":"has-post-thumbnail","6":"product_brand-ecolab_cs","7":"product_cat-sampuni","9":"first","10":"instock","11":"taxable","12":"shipping-taxable","13":"product-type-simple"},"_links":{"self":[{"href":"https:\/\/e.kosmolat.eu\/lv\/wp-json\/wp\/v2\/product\/77720","targetHints":{"allow":["GET"]}}],"collection":[{"href":"https:\/\/e.kosmolat.eu\/lv\/wp-json\/wp\/v2\/product"}],"about":[{"href":"https:\/\/e.kosmolat.eu\/lv\/wp-json\/wp\/v2\/types\/product"}],"wp:featuredmedia":[{"embeddable":true,"href":"https:\/\/e.kosmolat.eu\/lv\/wp-json\/wp\/v2\/media\/78506"}],"wp:attachment":[{"href":"https:\/\/e.kosmolat.eu\/lv\/wp-json\/wp\/v2\/media?parent=77720"}],"wp:term":[{"taxonomy":"product_cat","embeddable":true,"href":"https:\/\/e.kosmolat.eu\/lv\/wp-json\/wp\/v2\/product_cat?post=77720"},{"taxonomy":"product_tag","embeddable":true,"href":"https:\/\/e.kosmolat.eu\/lv\/wp-json\/wp\/v2\/product_tag?post=77720"}],"curies":[{"name":"wp","href":"https:\/\/api.w.org\/{rel}","templated":true}]}}