{"id":77716,"date":"2025-08-21T08:36:30","date_gmt":"2025-08-21T08:36:30","guid":{"rendered":"https:\/\/e.kosmolat.eu\/product\/ua%d0%bc%d0%bf%d1%83%d0%bdu-%d1%82%d0%bc-shik-%d0%b2-%d0%bf%d0%beec%d0%bc%d0%b5s%d0%bd%d0%be%d0%b9-i%d1%83%d1%82ue%d0%ba%d0%b5-%d0%bca%d1%81%d1%81a-%d0%bd%d0%b5%d1%82%d1%82%d0%be-04-%d0%ban-o\/"},"modified":"2026-04-23T05:48:28","modified_gmt":"2026-04-23T05:48:28","slug":"shik-sampuns-skuju-400-g","status":"publish","type":"product","link":"https:\/\/e.kosmolat.eu\/lv\/product\/shik-sampuns-skuju-400-g\/","title":{"rendered":"Shik \u0160amp\u016bns Skuju, 400 g"},"content":{"rendered":"<p>\u0160amp\u016bns apvieno priedes ekstrakta sp\u0113ku un moringas mikroprote\u012bnu ener\u0123iju visaptvero\u0161ai matu kop\u0161anai.<\/p>\n<p>Satur komponentus, kas veicina:<br \/>\n\u2022 aizsardz\u012bbu pret br\u012bvajiem radik\u0101\u013ciem un UV starojuma izrais\u012btiem boj\u0101jumiem;<br \/>\n\u2022 matu stiprin\u0101\u0161anu;<br \/>\n\u2022 aizsardz\u012bbu pret pies\u0101r\u0146ojumu.<\/p>\n<p>Lieto\u0161ana: uzkl\u0101t uz mitriem matiem, saputot, izskalot ar \u016bdeni. Ja nepiecie\u0161ams, atk\u0101rtot. Lai sasniegtu vislab\u0101ko rezult\u0101tu, ieteicams lietot \u0161amp\u016bnu divreiz: pirmo reizi \u2013 lai no\u0146emtu net\u012brumus un veido\u0161anas l\u012bdzek\u013cus, otro reizi \u2013 dzi\u013c\u0101kai att\u012br\u012b\u0161anai un akt\u012bvo komponentu iedarb\u012bbai.<\/p>\n<p>Rezult\u0101ts: t\u012bri un svaigi mati ar pat\u012bkamu skuju arom\u0101tu.<\/p>\n<p>Piesardz\u012bbas pas\u0101kumi: tikai \u0101r\u012bgai lieto\u0161anai. Ja nok\u013c\u016bst ac\u012bs, r\u016bp\u012bgi izskalot ar lielu daudzumu \u016bdens.<\/p>\n<p>Uzglab\u0101\u0161anas noteikumi: uzglab\u0101t temperat\u016br\u0101 no +5 \u00b0C l\u012bdz +25 \u00b0C, sarg\u0101jot no tie\u0161iem saules stariem un apkures ier\u012bc\u0113m.<\/p>\n<p>Der\u012bguma termi\u0146\u0161: 36 m\u0113ne\u0161i.<\/p>\n","protected":false},"excerpt":{"rendered":"<p>\u0160amp\u016bns apvieno priedes ekstrakta sp\u0113ku un moringas mikroprote\u012bnu ener\u0123iju visaptvero\u0161ai matu kop\u0161anai. Satur komponentus, kas veicina: \u2022 aizsardz\u012bbu pret br\u012bvajiem radik\u0101\u013ciem un UV starojuma izrais\u012btiem boj\u0101jumiem; \u2022 matu stiprin\u0101\u0161anu; \u2022 aizsardz\u012bbu pret pies\u0101r\u0146ojumu. Lieto\u0161ana: uzkl\u0101t uz mitriem matiem, saputot, izskalot ar \u016bdeni. Ja nepiecie\u0161ams, atk\u0101rtot. Lai sasniegtu vislab\u0101ko rezult\u0101tu, ieteicams lietot \u0161amp\u016bnu divreiz: pirmo reizi [&#8230;]\n","protected":false},"featured_media":96338,"template":"","meta":[],"product_cat":[1248],"product_tag":[],"class_list":{"0":"post-77716","1":"product","2":"type-product","3":"status-publish","4":"has-post-thumbnail","6":"product_brand-slobozanskij-milovar_ua","7":"product_cat-sampuni","9":"first","10":"instock","11":"taxable","12":"shipping-taxable","13":"product-type-simple"},"_links":{"self":[{"href":"https:\/\/e.kosmolat.eu\/lv\/wp-json\/wp\/v2\/product\/77716","targetHints":{"allow":["GET"]}}],"collection":[{"href":"https:\/\/e.kosmolat.eu\/lv\/wp-json\/wp\/v2\/product"}],"about":[{"href":"https:\/\/e.kosmolat.eu\/lv\/wp-json\/wp\/v2\/types\/product"}],"wp:featuredmedia":[{"embeddable":true,"href":"https:\/\/e.kosmolat.eu\/lv\/wp-json\/wp\/v2\/media\/96338"}],"wp:attachment":[{"href":"https:\/\/e.kosmolat.eu\/lv\/wp-json\/wp\/v2\/media?parent=77716"}],"wp:term":[{"taxonomy":"product_cat","embeddable":true,"href":"https:\/\/e.kosmolat.eu\/lv\/wp-json\/wp\/v2\/product_cat?post=77716"},{"taxonomy":"product_tag","embeddable":true,"href":"https:\/\/e.kosmolat.eu\/lv\/wp-json\/wp\/v2\/product_tag?post=77716"}],"curies":[{"name":"wp","href":"https:\/\/api.w.org\/{rel}","templated":true}]}}