{"id":77703,"date":"2025-08-20T07:20:34","date_gmt":"2025-08-20T07:20:34","guid":{"rendered":"https:\/\/e.kosmolat.eu\/product\/organic-mimi-conditioner-strengthening-long-strong-300-ml\/"},"modified":"2026-04-16T10:43:39","modified_gmt":"2026-04-16T10:43:39","slug":"c-organic-mimi-long-strong-stiprin-matu-kondic-trausl-matiem-300-ml","status":"publish","type":"product","link":"https:\/\/e.kosmolat.eu\/lv\/product\/c-organic-mimi-long-strong-stiprin-matu-kondic-trausl-matiem-300-ml\/","title":{"rendered":"C Organic Mimi Long Strong Stiprin. matu kondic. trausl. matiem, 300 ml"},"content":{"rendered":"<p>Kondicionieris atvieglo matu \u0137emm\u0113\u0161anu, nov\u0113r\u0161 matu sap\u012b\u0161anos un statisko elektr\u012bbu. Tas stiprina matu strukt\u016bru, stimul\u0113 to aug\u0161anu un uzlabo elast\u012bbu.<\/p>\n<p>Rezult\u0101ts: mati k\u013c\u016bst stipri, bet boj\u0101ti un trausli mati tiek atjaunoti.<\/p>\n<p>\u2022 Argin\u012bns stiprina un atjauno matu strukt\u016bru, nov\u0113r\u0161 to izkri\u0161anu un atgrie\u017e matiem sp\u0113ku un iztur\u012bbu.<br \/>\n\u2022 Organisk\u0101 makad\u0101mijas e\u013c\u013ca un alvejas sula veicina matu aug\u0161anu, padara tos gludus un m\u012bkstus, mitrina un baro, uzlabo elast\u012bbu un pie\u0161\u0137ir matiem mirdzumu un sp\u012bdumu.<\/p>\n<p>Lieto\u0161ana: uzkl\u0101jiet kondicionieri uz t\u012briem, mitriem matiem, atst\u0101jiet uz 1\u20132 min\u016bt\u0113m, p\u0113c tam noskalojiet ar siltu \u016bdeni. Tikai \u0101r\u012bgai lieto\u0161anai.<\/p>\n","protected":false},"excerpt":{"rendered":"<p>Kondicionieris atvieglo matu \u0137emm\u0113\u0161anu, nov\u0113r\u0161 matu sap\u012b\u0161anos un statisko elektr\u012bbu. Tas stiprina matu strukt\u016bru, stimul\u0113 to aug\u0161anu un uzlabo elast\u012bbu. Rezult\u0101ts: mati k\u013c\u016bst stipri, bet boj\u0101ti un trausli mati tiek atjaunoti. \u2022 Argin\u012bns stiprina un atjauno matu strukt\u016bru, nov\u0113r\u0161 to izkri\u0161anu un atgrie\u017e matiem sp\u0113ku un iztur\u012bbu. \u2022 Organisk\u0101 makad\u0101mijas e\u013c\u013ca un alvejas sula veicina [&#8230;]\n","protected":false},"featured_media":95698,"template":"","meta":[],"product_cat":[1639],"product_tag":[],"class_list":{"0":"post-77703","1":"product","2":"type-product","3":"status-publish","4":"has-post-thumbnail","6":"product_brand-ecolab_cs","7":"product_cat-1639","9":"first","10":"outofstock","11":"taxable","12":"shipping-taxable","13":"product-type-simple"},"_links":{"self":[{"href":"https:\/\/e.kosmolat.eu\/lv\/wp-json\/wp\/v2\/product\/77703","targetHints":{"allow":["GET"]}}],"collection":[{"href":"https:\/\/e.kosmolat.eu\/lv\/wp-json\/wp\/v2\/product"}],"about":[{"href":"https:\/\/e.kosmolat.eu\/lv\/wp-json\/wp\/v2\/types\/product"}],"wp:featuredmedia":[{"embeddable":true,"href":"https:\/\/e.kosmolat.eu\/lv\/wp-json\/wp\/v2\/media\/95698"}],"wp:attachment":[{"href":"https:\/\/e.kosmolat.eu\/lv\/wp-json\/wp\/v2\/media?parent=77703"}],"wp:term":[{"taxonomy":"product_cat","embeddable":true,"href":"https:\/\/e.kosmolat.eu\/lv\/wp-json\/wp\/v2\/product_cat?post=77703"},{"taxonomy":"product_tag","embeddable":true,"href":"https:\/\/e.kosmolat.eu\/lv\/wp-json\/wp\/v2\/product_tag?post=77703"}],"curies":[{"name":"wp","href":"https:\/\/api.w.org\/{rel}","templated":true}]}}