{"id":77691,"date":"2025-08-20T04:02:50","date_gmt":"2025-08-20T04:02:50","guid":{"rendered":"https:\/\/e.kosmolat.eu\/product\/mill-berlin-velas-mikstinatajs-480-ml\/"},"modified":"2026-04-18T06:35:38","modified_gmt":"2026-04-18T06:35:38","slug":"mill-berlin-velas-mikstinatajs-480-ml","status":"publish","type":"product","link":"https:\/\/e.kosmolat.eu\/lv\/product\/mill-berlin-velas-mikstinatajs-480-ml\/","title":{"rendered":"Mill Berlin Ve\u013cas m\u012bkstin\u0101t\u0101js, 480 ml"},"content":{"rendered":"<p>Pateicoties inovat\u012bvajai mikrokapsulu tehnolo\u0123ijai, ve\u013cas m\u012bkstin\u0101t\u0101js ne tikai pie&scaron;\u0137ir ap\u0123\u0113rbam \u012bpa&scaron;u arom\u0101tu, bet ar\u012b nodro&scaron;ina ilgsto&scaron;u svaigumu, m\u012bkstumu un gludumu, vienlaikus nov\u0113r&scaron;ot audumu elektriz\u0113&scaron;anos. Unik\u0101l\u0101 arom\u0101ta kompoz\u012bcija ar saldu ziedu not\u012bm apvij telpu un d\u0101v\u0101 mieru. L\u012bdzeklis saglab\u0101 savu iedarb\u012bbu ilgu laiku.<\/p>\n<p>Lai sasniegtu lab\u0101ku rezult\u0101tu, lietojiet katr\u0101 mazg\u0101&scaron;anas reiz\u0113.<\/p>\n<p><strong>Lieto&scaron;ana:<br \/>\nMazg\u0101jot ve\u013cas ma&scaron;\u012bn\u0101:<\/strong> ieliet apm\u0113ram 19 ml l\u012bdzek\u013ca nodal\u012bjum\u0101 ve\u013cas m\u012bkstin\u0101t\u0101jam.<br \/>\n<strong>Mazg\u0101jot ar rok\u0101m:<\/strong> pievienot apm\u0113ram 19 ml l\u012bdzek\u013ca \u016bdenim pirms p\u0113d\u0113j\u0101s skalo&scaron;anas.<\/p>\n<p>Dermatolo\u0123iski p\u0101rbaud\u012bts.<\/p>\n<p><strong>Der\u012bguma termi\u0146&scaron;:<\/strong> 3 gadi no izgatavo&scaron;anas datuma.<\/p>\n<p><strong>Sast\u0101v\u0101:<\/strong> maz\u0101k par 5 %&nbsp; katjonu virsmakt\u012bvo vielu. Smar\u017eas un arom\u0101tisk\u0101s kompoz\u012bcijas\/ Benzyl Salicylate, Citronellol, Eugenol, Geraniol, Hexyl Cinnamal, Limonene, Linalool. Konservanti: Methylchloroisothiazolinone\/ Methylisothiazolinone.<\/p>\n<p><strong>EUH208<\/strong> Satur: reakcijas masa: 5-hlor-2-metil- 2H-izotiazol-3-ons; 2-metil-2H- izotiazol-3-ons (3:1), benzilsalicil\u0101ts, geraniols, limon\u0113ns, linalools, hexyl cinnamal. Var izrais\u012bt aler\u0123isku reakciju.&nbsp;&nbsp;&nbsp;&nbsp;&nbsp;<\/p>\n<p>Dro&scaron;\u012bbas pras\u012bbu apz\u012bm\u0113jumi:<\/p>\n<p>P102 Sarg\u0101t no b\u0113rniem.<\/p>\n<p>P264 P\u0113c izmanto&scaron;anas rokas k\u0101rt\u012bgi nomazg\u0101t.<\/p>\n<p>P305+P351+P338 SASKAR\u0112 AR AC\u012aM: Uzman\u012bgi izskalot ar \u016bdeni vair\u0101kas min\u016btes. Iz\u0146emt kontaktl\u0113cas, ja t\u0101s ir ievietotas un ja to var vienk\u0101r&scaron;i izdar\u012bt. Turpin\u0101t skalot.<\/p>\n<p>P337+P313 Ja acu iekaisums nep\u0101riet: l\u016bdziet medi\u0137u pal\u012bdz\u012bbu<\/p>\n<p>P332+P313 Ja rodas \u0101das iekaisums: l\u016bdziet medi\u0137u pal\u012bdz\u012bbu.<\/p>\n","protected":false},"excerpt":{"rendered":"<p>Pateicoties inovat\u012bvajai mikrokapsulu tehnolo\u0123ijai, ve\u013cas m\u012bkstin\u0101t\u0101js ne tikai pie&scaron;\u0137ir ap\u0123\u0113rbam \u012bpa&scaron;u arom\u0101tu, bet ar\u012b nodro&scaron;ina ilgsto&scaron;u svaigumu, m\u012bkstumu un gludumu, vienlaikus nov\u0113r&scaron;ot audumu elektriz\u0113&scaron;anos. Unik\u0101l\u0101 arom\u0101ta kompoz\u012bcija ar saldu ziedu not\u012bm apvij telpu un d\u0101v\u0101 mieru. L\u012bdzeklis saglab\u0101 savu iedarb\u012bbu ilgu laiku. Lai sasniegtu lab\u0101ku rezult\u0101tu, lietojiet katr\u0101 mazg\u0101&scaron;anas reiz\u0113. Lieto&scaron;ana: Mazg\u0101jot ve\u013cas ma&scaron;\u012bn\u0101: ieliet [&#8230;]\n","protected":false},"featured_media":96158,"template":"","meta":[],"product_cat":[1710],"product_tag":[],"class_list":{"0":"post-77691","1":"product","2":"type-product","3":"status-publish","4":"has-post-thumbnail","6":"product_brand-madonis_pl","7":"product_cat-velas-kondicionieri","9":"first","10":"instock","11":"taxable","12":"shipping-taxable","13":"product-type-simple"},"_links":{"self":[{"href":"https:\/\/e.kosmolat.eu\/lv\/wp-json\/wp\/v2\/product\/77691","targetHints":{"allow":["GET"]}}],"collection":[{"href":"https:\/\/e.kosmolat.eu\/lv\/wp-json\/wp\/v2\/product"}],"about":[{"href":"https:\/\/e.kosmolat.eu\/lv\/wp-json\/wp\/v2\/types\/product"}],"wp:featuredmedia":[{"embeddable":true,"href":"https:\/\/e.kosmolat.eu\/lv\/wp-json\/wp\/v2\/media\/96158"}],"wp:attachment":[{"href":"https:\/\/e.kosmolat.eu\/lv\/wp-json\/wp\/v2\/media?parent=77691"}],"wp:term":[{"taxonomy":"product_cat","embeddable":true,"href":"https:\/\/e.kosmolat.eu\/lv\/wp-json\/wp\/v2\/product_cat?post=77691"},{"taxonomy":"product_tag","embeddable":true,"href":"https:\/\/e.kosmolat.eu\/lv\/wp-json\/wp\/v2\/product_tag?post=77691"}],"curies":[{"name":"wp","href":"https:\/\/api.w.org\/{rel}","templated":true}]}}