{"id":77682,"date":"2025-08-19T13:20:39","date_gmt":"2025-08-19T13:20:39","guid":{"rendered":"https:\/\/e.kosmolat.eu\/product\/whiteday-72-pcs-antibacterial-wet-wipes-17x15-cm-38-gsm\/"},"modified":"2026-04-08T14:01:23","modified_gmt":"2026-04-08T14:01:23","slug":"white-day-attirosas-mitr-salvetes-rokam-antibakt-72-gab","status":"publish","type":"product","link":"https:\/\/e.kosmolat.eu\/lv\/product\/white-day-attirosas-mitr-salvetes-rokam-antibakt-72-gab\/","title":{"rendered":"White Day Att\u012bro\u0161\u0101s mitr. salvetes rok\u0101m Antibakt., 72 gab."},"content":{"rendered":"<p>Paredz\u0113tas roku t\u012br\u012b\u0161anai. P\u0113c nepiecie\u0161am\u012bbas noslaukiet rokas ar salvet\u0113m, iek\u013caujot ar\u012b pirkstu galus.<\/p>\n<p>Sarg\u0101t no b\u0113rniem nepieejam\u0101 viet\u0101. Uzglab\u0101t t\u0101l\u0101k no p\u0101rtikas produktiem, dz\u0113rieniem un dz\u012bvnieku bar\u012bbas. Izvair\u012bties no saskares ar ac\u012bm. Nenor\u012bt.<\/p>\n<p>Der\u012bguma termi\u0146\u0161 sl\u0113gt\u0101 iepakojum\u0101 \u2014 3 gadi. P\u0113c atv\u0113r\u0161anas izlietot 3 m\u0113ne\u0161u laik\u0101. Sl\u0113gtu iepakojumu uzglab\u0101t saus\u0101, v\u0113s\u0101 viet\u0101.<\/p>\n","protected":false},"excerpt":{"rendered":"<p>Paredz\u0113tas roku t\u012br\u012b\u0161anai. P\u0113c nepiecie\u0161am\u012bbas noslaukiet rokas ar salvet\u0113m, iek\u013caujot ar\u012b pirkstu galus. Sarg\u0101t no b\u0113rniem nepieejam\u0101 viet\u0101. Uzglab\u0101t t\u0101l\u0101k no p\u0101rtikas produktiem, dz\u0113rieniem un dz\u012bvnieku bar\u012bbas. Izvair\u012bties no saskares ar ac\u012bm. Nenor\u012bt. Der\u012bguma termi\u0146\u0161 sl\u0113gt\u0101 iepakojum\u0101 \u2014 3 gadi. P\u0113c atv\u0113r\u0161anas izlietot 3 m\u0113ne\u0161u laik\u0101. Sl\u0113gtu iepakojumu uzglab\u0101t saus\u0101, v\u0113s\u0101 viet\u0101.<\/p>\n","protected":false},"featured_media":96302,"template":"","meta":[],"product_cat":[1999],"product_tag":[],"class_list":{"0":"post-77682","1":"product","2":"type-product","3":"status-publish","4":"has-post-thumbnail","6":"product_brand-salvor-wet-wiper-tr","7":"product_cat-bez-kategorijas","9":"first","10":"instock","11":"taxable","12":"shipping-taxable","13":"product-type-simple"},"_links":{"self":[{"href":"https:\/\/e.kosmolat.eu\/lv\/wp-json\/wp\/v2\/product\/77682","targetHints":{"allow":["GET"]}}],"collection":[{"href":"https:\/\/e.kosmolat.eu\/lv\/wp-json\/wp\/v2\/product"}],"about":[{"href":"https:\/\/e.kosmolat.eu\/lv\/wp-json\/wp\/v2\/types\/product"}],"wp:featuredmedia":[{"embeddable":true,"href":"https:\/\/e.kosmolat.eu\/lv\/wp-json\/wp\/v2\/media\/96302"}],"wp:attachment":[{"href":"https:\/\/e.kosmolat.eu\/lv\/wp-json\/wp\/v2\/media?parent=77682"}],"wp:term":[{"taxonomy":"product_cat","embeddable":true,"href":"https:\/\/e.kosmolat.eu\/lv\/wp-json\/wp\/v2\/product_cat?post=77682"},{"taxonomy":"product_tag","embeddable":true,"href":"https:\/\/e.kosmolat.eu\/lv\/wp-json\/wp\/v2\/product_tag?post=77682"}],"curies":[{"name":"wp","href":"https:\/\/api.w.org\/{rel}","templated":true}]}}