{"id":77677,"date":"2025-08-19T12:06:37","date_gmt":"2025-08-19T12:06:37","guid":{"rendered":"https:\/\/e.kosmolat.eu\/product\/vigor-zimulis-gludekla-tirisanai-1-gab\/"},"modified":"2026-04-24T05:58:52","modified_gmt":"2026-04-24T05:58:52","slug":"vigor-zimulis-gludekla-tirisanai-1-gab","status":"publish","type":"product","link":"https:\/\/e.kosmolat.eu\/lv\/product\/vigor-zimulis-gludekla-tirisanai-1-gab\/","title":{"rendered":"Vigor Z\u012bmulis gludek\u013ca t\u012br\u012b\u0161anai, 1 gab."},"content":{"rendered":"<p>Efekt\u012bvi no\u0146em net\u012brumus no gludek\u013ca virsmas, nopul\u0113 un aizsarg\u0101. Piem\u0113rots visu veidu gludek\u013ciem.<\/p>\n<p>Lieto\u0161anas instrukcija: Pievienojiet gludekli elektrot\u012bklam un iestatiet temperat\u016bru 110\u2013130 \u00b0C (zems\/vid\u0113js re\u017e\u012bms). Kad gludeklis ir uzkarsis, atvienojiet to no elektrot\u012bkla. Novietojiet gludekli uz auduma. Pa\u0146emiet z\u012bmuli un viegli paberz\u0113jiet to pret karsto gludek\u013ca zoli. L\u012bdzeklis s\u0101ks kust un izdal\u012bt att\u012bro\u0161o sast\u0101vu. Noslaukiet gludek\u013ca zoli ar t\u012bru dr\u0101nu. T\u0101 k\u013c\u016bs gluda un sp\u012bd\u012bga. Tvaika gludek\u013ciem: atk\u0101rtoti pievienojiet gludekli elektrot\u012bklam, iesl\u0113dziet tvaika padevi un \u013caujiet atliku\u0161ajam l\u012bdzeklim izpl\u016bst no atver\u0113m.<\/p>\n","protected":false},"excerpt":{"rendered":"<p>Efekt\u012bvi no\u0146em net\u012brumus no gludek\u013ca virsmas, nopul\u0113 un aizsarg\u0101. Piem\u0113rots visu veidu gludek\u013ciem. Lieto\u0161anas instrukcija: Pievienojiet gludekli elektrot\u012bklam un iestatiet temperat\u016bru 110\u2013130 \u00b0C (zems\/vid\u0113js re\u017e\u012bms). Kad gludeklis ir uzkarsis, atvienojiet to no elektrot\u012bkla. Novietojiet gludekli uz auduma. Pa\u0146emiet z\u012bmuli un viegli paberz\u0113jiet to pret karsto gludek\u013ca zoli. L\u012bdzeklis s\u0101ks kust un izdal\u012bt att\u012bro\u0161o sast\u0101vu. Noslaukiet [&#8230;]\n","protected":false},"featured_media":96342,"template":"","meta":[],"product_cat":[1461],"product_tag":[],"class_list":{"0":"post-77677","1":"product","2":"type-product","3":"status-publish","4":"has-post-thumbnail","6":"product_brand-private-label","7":"product_cat-kitos-valymo-priemones","9":"first","10":"instock","11":"taxable","12":"shipping-taxable","13":"product-type-simple"},"_links":{"self":[{"href":"https:\/\/e.kosmolat.eu\/lv\/wp-json\/wp\/v2\/product\/77677","targetHints":{"allow":["GET"]}}],"collection":[{"href":"https:\/\/e.kosmolat.eu\/lv\/wp-json\/wp\/v2\/product"}],"about":[{"href":"https:\/\/e.kosmolat.eu\/lv\/wp-json\/wp\/v2\/types\/product"}],"wp:featuredmedia":[{"embeddable":true,"href":"https:\/\/e.kosmolat.eu\/lv\/wp-json\/wp\/v2\/media\/96342"}],"wp:attachment":[{"href":"https:\/\/e.kosmolat.eu\/lv\/wp-json\/wp\/v2\/media?parent=77677"}],"wp:term":[{"taxonomy":"product_cat","embeddable":true,"href":"https:\/\/e.kosmolat.eu\/lv\/wp-json\/wp\/v2\/product_cat?post=77677"},{"taxonomy":"product_tag","embeddable":true,"href":"https:\/\/e.kosmolat.eu\/lv\/wp-json\/wp\/v2\/product_tag?post=77677"}],"curies":[{"name":"wp","href":"https:\/\/api.w.org\/{rel}","templated":true}]}}