{"id":77668,"date":"2025-08-14T04:02:50","date_gmt":"2025-08-14T04:02:50","guid":{"rendered":"https:\/\/e.kosmolat.eu\/product\/dr-herbal-hidrofil-cukura-sals-skrubis-kerm-ar-piparm-un-rozmarina-eter-ellam-3\/"},"modified":"2026-04-22T05:42:21","modified_gmt":"2026-04-22T05:42:21","slug":"dr-herbal-hidrofil-cukura-sals-skrubis-kerm-ar-piparm-un-rozmarina-eter-ellam-3","status":"publish","type":"product","link":"https:\/\/e.kosmolat.eu\/lv\/product\/dr-herbal-hidrofil-cukura-sals-skrubis-kerm-ar-piparm-un-rozmarina-eter-ellam-3\/","title":{"rendered":"Dr. Herbal Hidrof\u012bl. cukura-s\u0101ls skrubis \u0137erm. ar piparm. un rozmar\u012bna \u0113ter. e\u013c\u013c\u0101m, 3"},"content":{"rendered":"<p>Ar makad\u0101mijas un arg\u0101na e\u013c\u013c\u0101m, sarkan\u0101 pipara un j\u016bras k\u0101postu ekstraktiem. Saskar\u0113 ar \u016bdeni p\u0101rv\u0113r\u0161as maig\u0101 pieni\u0146\u0101, kas bag\u0101tin\u0101ts ar dab\u012bgo e\u013c\u013cu kompleksu, kas intens\u012bvi baro un mitrina \u0101du, piepildot \u0161\u016bnas ar v\u0113rt\u012bg\u0101m bar\u012bbas viel\u0101m. Piparm\u0113tru un rozmar\u012bna \u0113terisk\u0101s e\u013c\u013cas toniz\u0113 un dezodor\u0113, piem\u0113rotas sausas un problem\u0101tiskas \u0101das kop\u0161anai. Mas\u0101\u017eas kust\u012bbas skrubja lieto\u0161anas laik\u0101 stimul\u0113 asinsriti, uzlabo \u0101das toni un izskatu. <\/p>\n<p>Lieto\u0161ana: nelielu daudzumu skrubja uzkl\u0101t uz iepriek\u0161 samitrin\u0101tas \u0101das, maigi iemas\u0113t un noskalot ar \u016bdeni.<\/p>\n<p>Uzglab\u0101\u0161anas noteikumi: uzglab\u0101t cie\u0161i nosl\u0113gt\u0101 ra\u017eot\u0101ja iepakojum\u0101 temperat\u016br\u0101 no 0 \u00b0C l\u012bdz 25 \u00b0C un relat\u012bvaj\u0101 gaisa mitrum\u0101, kas nep\u0101rsniedz 70 %, vismaz 1 m att\u0101lum\u0101 no siltuma avotiem, izvairoties no tie\u0161iem saules stariem.<\/p>\n<p>Piesardz\u012bbas pas\u0101kumi: neizmantot uz boj\u0101tas vai iekaisu\u0161as \u0101das. Izvair\u012bties no saskares ar ac\u012bm. Ja nok\u013c\u016bst ac\u012bs, r\u016bp\u012bgi izskalot ar \u016bdeni. Uzglab\u0101t b\u0113rniem nepieejam\u0101 viet\u0101.<\/p>\n<p>Br\u012bdin\u0101jums: satur A vitam\u012bnu. Pirms lieto\u0161anas \u0146emt v\u0113r\u0101 diennakts devu.<\/p>\n<p>Der\u012bguma termi\u0146\u0161: 30 m\u0113ne\u0161i no izgatavo\u0161anas datuma.<\/p>\n","protected":false},"excerpt":{"rendered":"<p>Ar makad\u0101mijas un arg\u0101na e\u013c\u013c\u0101m, sarkan\u0101 pipara un j\u016bras k\u0101postu ekstraktiem. Saskar\u0113 ar \u016bdeni p\u0101rv\u0113r\u0161as maig\u0101 pieni\u0146\u0101, kas bag\u0101tin\u0101ts ar dab\u012bgo e\u013c\u013cu kompleksu, kas intens\u012bvi baro un mitrina \u0101du, piepildot \u0161\u016bnas ar v\u0113rt\u012bg\u0101m bar\u012bbas viel\u0101m. Piparm\u0113tru un rozmar\u012bna \u0113terisk\u0101s e\u013c\u013cas toniz\u0113 un dezodor\u0113, piem\u0113rotas sausas un problem\u0101tiskas \u0101das kop\u0161anai. Mas\u0101\u017eas kust\u012bbas skrubja lieto\u0161anas laik\u0101 stimul\u0113 [&#8230;]\n","protected":false},"featured_media":96298,"template":"","meta":[],"product_cat":[1360],"product_tag":[],"class_list":{"0":"post-77668","1":"product","2":"type-product","3":"status-publish","4":"has-post-thumbnail","6":"product_brand-aqua-cosmetics_ua","7":"product_cat-1360","9":"first","10":"instock","11":"taxable","12":"shipping-taxable","13":"product-type-simple"},"_links":{"self":[{"href":"https:\/\/e.kosmolat.eu\/lv\/wp-json\/wp\/v2\/product\/77668","targetHints":{"allow":["GET"]}}],"collection":[{"href":"https:\/\/e.kosmolat.eu\/lv\/wp-json\/wp\/v2\/product"}],"about":[{"href":"https:\/\/e.kosmolat.eu\/lv\/wp-json\/wp\/v2\/types\/product"}],"wp:featuredmedia":[{"embeddable":true,"href":"https:\/\/e.kosmolat.eu\/lv\/wp-json\/wp\/v2\/media\/96298"}],"wp:attachment":[{"href":"https:\/\/e.kosmolat.eu\/lv\/wp-json\/wp\/v2\/media?parent=77668"}],"wp:term":[{"taxonomy":"product_cat","embeddable":true,"href":"https:\/\/e.kosmolat.eu\/lv\/wp-json\/wp\/v2\/product_cat?post=77668"},{"taxonomy":"product_tag","embeddable":true,"href":"https:\/\/e.kosmolat.eu\/lv\/wp-json\/wp\/v2\/product_tag?post=77668"}],"curies":[{"name":"wp","href":"https:\/\/api.w.org\/{rel}","templated":true}]}}