{"id":77659,"date":"2025-08-13T04:00:42","date_gmt":"2025-08-13T04:00:42","guid":{"rendered":"https:\/\/e.kosmolat.eu\/product\/blyskavka-krems-krasa-adas-apaviem-ar-svammiti-bruna-60-ml\/"},"modified":"2025-09-19T20:37:26","modified_gmt":"2025-09-19T20:37:26","slug":"blyskavka-krems-krasa-adas-apaviem-ar-svammiti-bruna-60-ml","status":"publish","type":"product","link":"https:\/\/e.kosmolat.eu\/lv\/product\/blyskavka-krems-krasa-adas-apaviem-ar-svammiti-bruna-60-ml\/","title":{"rendered":"Blyskavka Kr\u0113ms-kr\u0101sa \u0101das apaviem ar \u0161vamm\u012bti, br\u016bna, 60 ml"},"content":{"rendered":"<p>Pie\u0161\u0137ir dab\u012bgu sp\u012bdumu, nav j\u0101pul\u0113. Aizsarg\u0101 pret mitrumu, \u0113rti lietojama.<\/p>\n<p>Lieto\u0161ana: ar \u0161vamm\u012bti uzkl\u0101jiet pl\u0101nu kr\u0113mkr\u0101sas k\u0101rtu uz t\u012bras un sausas virsmas, \u013caujiet no\u017e\u016bt. Nepul\u0113jiet. Ja nepiecie\u0161ams atk\u0101rtojiet uzkl\u0101\u0161anu. P\u0113c lieto\u0161anas cie\u0161i aizveriet abus v\u0101kus.<\/p>\n<p>Uzglab\u0101\u0161anas noteikumi: uzglab\u0101t saus\u0101, labi v\u0113din\u0101m\u0101 telp\u0101, temperat\u016br\u0101 no 0\u00b0C l\u012bdz +35\u00b0C. Lietot p\u0113c nor\u0101d\u012bjumiem.<\/p>\n<p>Der\u012bguma termi\u0146\u0161: 5 gadi no izgatavo\u0161anas datuma, kas nor\u0101d\u012bts uz iepakojuma.<\/p>\n<p>Sast\u0101v\u0101: 30 % un vair\u0101k  paraf\u012bna vaska b\u0101zes. Smar\u017eas un arom\u0101tisk\u0101s kompoz\u012bcijas. Konservanti: Benzyl Alcohol\/ Methylchloroisothiazolinone\/ Methylisothiazolinone. Kr\u0101svielas.<\/p>\n<p>EUH208 Satur: reakcijas masa: 5-hlor-2-metil- 2H-izotiazol-3-ons; 2-metil-2H- izotiazol-3-ons (3:1). Var izrais\u012bt aler\u0123isku reakciju.<br \/>\nP102 Sarg\u0101t no b\u0113rniem.<br \/>\nP305+P351+P338 SASKAR\u0112 AR AC\u012aM: Uzman\u012bgi izskalot ar \u016bdeni vair\u0101kas min\u016btes. Iz\u0146emt kontaktl\u0113cas, ja t\u0101s ir ievietotas un ja to var vienk\u0101r\u0161i izdar\u012bt. Turpin\u0101t skalot.<br \/>\nP337+P313 Ja acu iekaisums nep\u0101riet: l\u016bdziet medi\u0137u pal\u012bdz\u012bbu.<br \/>\nP402+P403 Glab\u0101t saus\u0101 viet\u0101. Glab\u0101t labi v\u0113din\u0101m\u0101s telp\u0101s.<\/p>\n","protected":false},"excerpt":{"rendered":"<p>Pie\u0161\u0137ir dab\u012bgu sp\u012bdumu, nav j\u0101pul\u0113. Aizsarg\u0101 pret mitrumu, \u0113rti lietojama. Lieto\u0161ana: ar \u0161vamm\u012bti uzkl\u0101jiet pl\u0101nu kr\u0113mkr\u0101sas k\u0101rtu uz t\u012bras un sausas virsmas, \u013caujiet no\u017e\u016bt. Nepul\u0113jiet. Ja nepiecie\u0161ams atk\u0101rtojiet uzkl\u0101\u0161anu. P\u0113c lieto\u0161anas cie\u0161i aizveriet abus v\u0101kus. Uzglab\u0101\u0161anas noteikumi: uzglab\u0101t saus\u0101, labi v\u0113din\u0101m\u0101 telp\u0101, temperat\u016br\u0101 no 0\u00b0C l\u012bdz +35\u00b0C. Lietot p\u0113c nor\u0101d\u012bjumiem. Der\u012bguma termi\u0146\u0161: 5 gadi no [&#8230;]\n","protected":false},"featured_media":84146,"template":"","meta":[],"product_cat":[1729],"product_tag":[],"class_list":{"0":"post-77659","1":"product","2":"type-product","3":"status-publish","4":"has-post-thumbnail","6":"product_brand-blyskavka_ua","7":"product_cat-apavu-kopsanas-lidzekli-un-aksesuari","9":"first","10":"outofstock","11":"taxable","12":"shipping-taxable","13":"product-type-simple"},"_links":{"self":[{"href":"https:\/\/e.kosmolat.eu\/lv\/wp-json\/wp\/v2\/product\/77659","targetHints":{"allow":["GET"]}}],"collection":[{"href":"https:\/\/e.kosmolat.eu\/lv\/wp-json\/wp\/v2\/product"}],"about":[{"href":"https:\/\/e.kosmolat.eu\/lv\/wp-json\/wp\/v2\/types\/product"}],"wp:featuredmedia":[{"embeddable":true,"href":"https:\/\/e.kosmolat.eu\/lv\/wp-json\/wp\/v2\/media\/84146"}],"wp:attachment":[{"href":"https:\/\/e.kosmolat.eu\/lv\/wp-json\/wp\/v2\/media?parent=77659"}],"wp:term":[{"taxonomy":"product_cat","embeddable":true,"href":"https:\/\/e.kosmolat.eu\/lv\/wp-json\/wp\/v2\/product_cat?post=77659"},{"taxonomy":"product_tag","embeddable":true,"href":"https:\/\/e.kosmolat.eu\/lv\/wp-json\/wp\/v2\/product_tag?post=77659"}],"curies":[{"name":"wp","href":"https:\/\/api.w.org\/{rel}","templated":true}]}}