{"id":77643,"date":"2025-08-12T14:37:22","date_gmt":"2025-08-12T14:37:22","guid":{"rendered":"https:\/\/e.kosmolat.eu\/?post_type=product&#038;p=77643"},"modified":"2026-04-21T06:43:48","modified_gmt":"2026-04-21T06:43:48","slug":"violet-pastel-apala-suka-matu-veidos-34-mm-1295","status":"publish","type":"product","link":"https:\/\/e.kosmolat.eu\/lv\/product\/violet-pastel-apala-suka-matu-veidos-34-mm-1295\/","title":{"rendered":"Violet Pastel Apa\u013ca suka matu veido\u0161., 34 mm, 1295"},"content":{"rendered":"<p>Matu suka ar keramikas p\u0101rkl\u0101jumu, ide\u0101li piem\u0113rota matu veido\u0161anai.<\/p>\n","protected":false},"excerpt":{"rendered":"<p>Matu suka ar keramikas p\u0101rkl\u0101jumu, ide\u0101li piem\u0113rota matu veido\u0161anai.<\/p>\n","protected":false},"featured_media":78314,"template":"","meta":[],"product_cat":[1999],"product_tag":[],"class_list":{"0":"post-77643","1":"product","2":"type-product","3":"status-publish","4":"has-post-thumbnail","6":"product_brand-donegal-sp-zo-o-_pl","7":"product_cat-bez-kategorijas","9":"first","10":"outofstock","11":"taxable","12":"shipping-taxable","13":"product-type-simple"},"_links":{"self":[{"href":"https:\/\/e.kosmolat.eu\/lv\/wp-json\/wp\/v2\/product\/77643","targetHints":{"allow":["GET"]}}],"collection":[{"href":"https:\/\/e.kosmolat.eu\/lv\/wp-json\/wp\/v2\/product"}],"about":[{"href":"https:\/\/e.kosmolat.eu\/lv\/wp-json\/wp\/v2\/types\/product"}],"wp:featuredmedia":[{"embeddable":true,"href":"https:\/\/e.kosmolat.eu\/lv\/wp-json\/wp\/v2\/media\/78314"}],"wp:attachment":[{"href":"https:\/\/e.kosmolat.eu\/lv\/wp-json\/wp\/v2\/media?parent=77643"}],"wp:term":[{"taxonomy":"product_cat","embeddable":true,"href":"https:\/\/e.kosmolat.eu\/lv\/wp-json\/wp\/v2\/product_cat?post=77643"},{"taxonomy":"product_tag","embeddable":true,"href":"https:\/\/e.kosmolat.eu\/lv\/wp-json\/wp\/v2\/product_tag?post=77643"}],"curies":[{"name":"wp","href":"https:\/\/api.w.org\/{rel}","templated":true}]}}