{"id":77635,"date":"2025-08-12T14:21:08","date_gmt":"2025-08-12T14:21:08","guid":{"rendered":"https:\/\/e.kosmolat.eu\/?post_type=product&#038;p=77635"},"modified":"2026-04-17T06:12:17","modified_gmt":"2026-04-17T06:12:17","slug":"safira-nagu-vile-dabigiem-nagiem-2073","status":"publish","type":"product","link":"https:\/\/e.kosmolat.eu\/lv\/product\/safira-nagu-vile-dabigiem-nagiem-2073\/","title":{"rendered":"Saf\u012bra nagu v\u012ble dab\u012bgiem nagiem 2073"},"content":{"rendered":"","protected":false},"excerpt":{"rendered":"","protected":false},"featured_media":95866,"template":"","meta":[],"product_cat":[1999],"product_tag":[],"class_list":{"0":"post-77635","1":"product","2":"type-product","3":"status-publish","4":"has-post-thumbnail","6":"product_brand-donegal-sp-zo-o-_pl","7":"product_cat-bez-kategorijas","9":"first","10":"instock","11":"taxable","12":"shipping-taxable","13":"product-type-simple"},"_links":{"self":[{"href":"https:\/\/e.kosmolat.eu\/lv\/wp-json\/wp\/v2\/product\/77635","targetHints":{"allow":["GET"]}}],"collection":[{"href":"https:\/\/e.kosmolat.eu\/lv\/wp-json\/wp\/v2\/product"}],"about":[{"href":"https:\/\/e.kosmolat.eu\/lv\/wp-json\/wp\/v2\/types\/product"}],"wp:featuredmedia":[{"embeddable":true,"href":"https:\/\/e.kosmolat.eu\/lv\/wp-json\/wp\/v2\/media\/95866"}],"wp:attachment":[{"href":"https:\/\/e.kosmolat.eu\/lv\/wp-json\/wp\/v2\/media?parent=77635"}],"wp:term":[{"taxonomy":"product_cat","embeddable":true,"href":"https:\/\/e.kosmolat.eu\/lv\/wp-json\/wp\/v2\/product_cat?post=77635"},{"taxonomy":"product_tag","embeddable":true,"href":"https:\/\/e.kosmolat.eu\/lv\/wp-json\/wp\/v2\/product_tag?post=77635"}],"curies":[{"name":"wp","href":"https:\/\/api.w.org\/{rel}","templated":true}]}}