{"id":77619,"date":"2025-08-12T12:36:53","date_gmt":"2025-08-12T12:36:53","guid":{"rendered":"https:\/\/e.kosmolat.eu\/?post_type=product&#038;p=77619"},"modified":"2026-04-22T07:07:02","modified_gmt":"2026-04-22T07:07:02","slug":"shik-tualetes-ziepes-skuju-180-g","status":"publish","type":"product","link":"https:\/\/e.kosmolat.eu\/lv\/product\/shik-tualetes-ziepes-skuju-180-g\/","title":{"rendered":"Shik Tualetes ziepes Skuju, 180 g"},"content":{"rendered":"<p>Ziepes satur prie\u017eu pumpuru ekstraktu, kam piem\u012bt atsvaidzino\u0161as un toniz\u0113jo\u0161as \u012bpa\u0161\u012bbas, satur vitam\u012bnus un antioksidantus, pal\u012bdz uztur\u0113t \u0101du lab\u0101 st\u0101vokl\u012b.<\/p>\n<p>Uzglab\u0101t saus\u0101, slegt\u0101, labi v\u0113din\u0101m\u0101 telp\u0101. Piesardz\u012bbas pas\u0101kumi: ja iek\u013c\u016bst ac\u012bs, r\u016bp\u012bgi izskalojiet ar lielu daudzumu teko\u0161a \u016bdens.<\/p>\n<p>Der\u012bguma termi\u0146\u0161: 5 gadi no izgatavo\u0161anas datuma.<\/p>\n","protected":false},"excerpt":{"rendered":"<p>Ziepes satur prie\u017eu pumpuru ekstraktu, kam piem\u012bt atsvaidzino\u0161as un toniz\u0113jo\u0161as \u012bpa\u0161\u012bbas, satur vitam\u012bnus un antioksidantus, pal\u012bdz uztur\u0113t \u0101du lab\u0101 st\u0101vokl\u012b. Uzglab\u0101t saus\u0101, slegt\u0101, labi v\u0113din\u0101m\u0101 telp\u0101. Piesardz\u012bbas pas\u0101kumi: ja iek\u013c\u016bst ac\u012bs, r\u016bp\u012bgi izskalojiet ar lielu daudzumu teko\u0161a \u016bdens. Der\u012bguma termi\u0146\u0161: 5 gadi no izgatavo\u0161anas datuma.<\/p>\n","protected":false},"featured_media":96330,"template":"","meta":[],"product_cat":[1749],"product_tag":[],"class_list":{"0":"post-77619","1":"product","2":"type-product","3":"status-publish","4":"has-post-thumbnail","6":"product_brand-slobozanskij-milovar_ua","7":"product_cat-kosmetiskas-ziepes","9":"first","10":"instock","11":"taxable","12":"shipping-taxable","13":"product-type-simple"},"_links":{"self":[{"href":"https:\/\/e.kosmolat.eu\/lv\/wp-json\/wp\/v2\/product\/77619","targetHints":{"allow":["GET"]}}],"collection":[{"href":"https:\/\/e.kosmolat.eu\/lv\/wp-json\/wp\/v2\/product"}],"about":[{"href":"https:\/\/e.kosmolat.eu\/lv\/wp-json\/wp\/v2\/types\/product"}],"wp:featuredmedia":[{"embeddable":true,"href":"https:\/\/e.kosmolat.eu\/lv\/wp-json\/wp\/v2\/media\/96330"}],"wp:attachment":[{"href":"https:\/\/e.kosmolat.eu\/lv\/wp-json\/wp\/v2\/media?parent=77619"}],"wp:term":[{"taxonomy":"product_cat","embeddable":true,"href":"https:\/\/e.kosmolat.eu\/lv\/wp-json\/wp\/v2\/product_cat?post=77619"},{"taxonomy":"product_tag","embeddable":true,"href":"https:\/\/e.kosmolat.eu\/lv\/wp-json\/wp\/v2\/product_tag?post=77619"}],"curies":[{"name":"wp","href":"https:\/\/api.w.org\/{rel}","templated":true}]}}