{"id":77611,"date":"2025-08-12T08:06:51","date_gmt":"2025-08-12T08:06:51","guid":{"rendered":"https:\/\/e.kosmolat.eu\/?post_type=product&#038;p=77611"},"modified":"2026-04-02T14:01:02","modified_gmt":"2026-04-02T14:01:02","slug":"i_blyskavka-sport-zelejveida-apavu-un-zolu-tirisanas-lidz-75-ml","status":"publish","type":"product","link":"https:\/\/e.kosmolat.eu\/lv\/product\/i_blyskavka-sport-zelejveida-apavu-un-zolu-tirisanas-lidz-75-ml\/","title":{"rendered":"I_Blyskavka Sport \u017delejveida apavu un zo\u013cu t\u012br\u012b\u0161anas l\u012bdz., 75 ml"},"content":{"rendered":"<p>Univers\u0101ls l\u012bdzeklis apavu un zo\u013cu t\u012br\u012b\u0161anai no gludas dab\u012bg\u0101s un eko \u0101das, zam\u0161\u0101das, nubuka un tekstila. No\u0146em putek\u013cus, traipus un s\u0101ls nos\u0113dumus, k\u0101 ar\u012b iepriek\u0161 izmantoto apavu kop\u0161anas l\u012bdzek\u013cu paliekas. Nav piem\u0113rots lakotiem apaviem.<\/p>\n<p>Lieto\u0161anas instrukcija: sakratiet pudel\u012bti, saspiediet to un uzkl\u0101jiet l\u012bdzekli uz birstes un uz apaviem, r\u016bp\u012bgi not\u012briet, p\u0113c tam no\u0146emiet l\u012bdzek\u013ca atlikumus ar mitru dr\u0101nu. Ja nepiecie\u0161ams, atk\u0101rtojiet apstr\u0101di. Neizmantojiet karstumu apavu \u017e\u0101v\u0113\u0161anai, jo tas var saboj\u0101t materi\u0101lu.<\/p>\n<p>Uzglab\u0101\u0161anas noteikumi: uzglab\u0101t saus\u0101 telp\u0101 temperat\u016br\u0101 no 0 \u00b0C l\u012bdz +35 \u00b0C.<\/p>\n<p>Der\u012bguma termi\u0146\u0161: 5 gadi no izgatavo\u0161anas datuma.<\/p>\n<p>Sast\u0101v\u0101: maz\u0101k par 5% anjonu virsmakt\u012bvo vielu, maz\u0101k par 5 % amfot\u0113ro virsmakt\u012bvo vielu, maz\u0101k par 5 % nejonu virsmakt\u012bvo vielu\u044e Smar\u017eas un arom\u0101tisk\u0101s kompoz\u012bcijas. Konservanti: Benzyl Alcohol\/ Methylchloroisothiazolinone\/ Methylisothiazolinone.<\/p>\n<p>EUH208 Satur: reakcijas masa: 5-hlor-2-metil- 2H-izotiazol-3-ons; 2-metil-2H- izotiazol-3-ons (3:1). Var izrais\u012bt aler\u0123isku reakciju.<br \/>\nP102 Sarg\u0101t no b\u0113rniem.<br \/>\nP305+P351+P338 SASKAR\u0112 AR AC\u012aM: Uzman\u012bgi izskalot ar \u016bdeni vair\u0101kas min\u016btes. Iz\u0146emt kontaktl\u0113cas, ja t\u0101s ir ievietotas un ja to var vienk\u0101r\u0161i izdar\u012bt. Turpin\u0101t skalot.<br \/>\nP337+P313 Ja acu iekaisums nep\u0101riet: l\u016bdziet medi\u0137u pal\u012bdz\u012bbu.<\/p>\n","protected":false},"excerpt":{"rendered":"<p>Univers\u0101ls l\u012bdzeklis apavu un zo\u013cu t\u012br\u012b\u0161anai no gludas dab\u012bg\u0101s un eko \u0101das, zam\u0161\u0101das, nubuka un tekstila. No\u0146em putek\u013cus, traipus un s\u0101ls nos\u0113dumus, k\u0101 ar\u012b iepriek\u0161 izmantoto apavu kop\u0161anas l\u012bdzek\u013cu paliekas. Nav piem\u0113rots lakotiem apaviem. Lieto\u0161anas instrukcija: sakratiet pudel\u012bti, saspiediet to un uzkl\u0101jiet l\u012bdzekli uz birstes un uz apaviem, r\u016bp\u012bgi not\u012briet, p\u0113c tam no\u0146emiet l\u012bdzek\u013ca atlikumus [&#8230;]\n","protected":false},"featured_media":96290,"template":"","meta":[],"product_cat":[1729],"product_tag":[],"class_list":{"0":"post-77611","1":"product","2":"type-product","3":"status-publish","4":"has-post-thumbnail","6":"product_brand-blyskavka_ua","7":"product_cat-apavu-kopsanas-lidzekli-un-aksesuari","9":"first","10":"instock","11":"taxable","12":"shipping-taxable","13":"product-type-simple"},"_links":{"self":[{"href":"https:\/\/e.kosmolat.eu\/lv\/wp-json\/wp\/v2\/product\/77611","targetHints":{"allow":["GET"]}}],"collection":[{"href":"https:\/\/e.kosmolat.eu\/lv\/wp-json\/wp\/v2\/product"}],"about":[{"href":"https:\/\/e.kosmolat.eu\/lv\/wp-json\/wp\/v2\/types\/product"}],"wp:featuredmedia":[{"embeddable":true,"href":"https:\/\/e.kosmolat.eu\/lv\/wp-json\/wp\/v2\/media\/96290"}],"wp:attachment":[{"href":"https:\/\/e.kosmolat.eu\/lv\/wp-json\/wp\/v2\/media?parent=77611"}],"wp:term":[{"taxonomy":"product_cat","embeddable":true,"href":"https:\/\/e.kosmolat.eu\/lv\/wp-json\/wp\/v2\/product_cat?post=77611"},{"taxonomy":"product_tag","embeddable":true,"href":"https:\/\/e.kosmolat.eu\/lv\/wp-json\/wp\/v2\/product_tag?post=77611"}],"curies":[{"name":"wp","href":"https:\/\/api.w.org\/{rel}","templated":true}]}}