{"id":77603,"date":"2025-08-12T04:02:33","date_gmt":"2025-08-12T04:02:33","guid":{"rendered":"https:\/\/e.kosmolat.eu\/product\/milo-dabigas-saimniec-ziepes-velas-mazg-ar-rokam-175-g\/"},"modified":"2026-04-07T05:47:31","modified_gmt":"2026-04-07T05:47:31","slug":"milo-dabigas-saimniec-ziepes-velas-mazg-ar-rokam-175-g","status":"publish","type":"product","link":"https:\/\/e.kosmolat.eu\/lv\/product\/milo-dabigas-saimniec-ziepes-velas-mazg-ar-rokam-175-g\/","title":{"rendered":"MILO Dab\u012bg\u0101s saimniec. ziepes ve\u013cas mazg. ar rok\u0101m, 175 g"},"content":{"rendered":"<p>100% t\u012bras dab\u012bgas ziepes. Nesatur \u0137\u012bmisk\u0101s vielas un smar\u017evielas. Iesp\u0113jam\u0101 smar\u017ea nav kait\u012bga. Aizsarg\u0101 \u0161\u0137iedras un kr\u0101sas, efekt\u012bvi no\u0146em traipus un net\u012brumus, nepies\u0101r\u0146o notek\u016bde\u0146us. Dermatolo\u0123iski p\u0101rbaud\u012btas. Nekairina \u0101du.<\/p>\n<p>Uzglab\u0101t saus\u0101 viet\u0101 temperat\u016br\u0101 no \u20135 \u00b0C l\u012bdz +30 \u00b0C labi v\u0113din\u0101m\u0101 telp\u0101. Sarg\u0101t no \u016bdens un mitruma.<\/p>\n<p>Sast\u0101v\u0101: 30 % un vair\u0101k ziepju.<\/p>\n<p>Dro\u0161\u012bbas pras\u012bbu apz\u012bm\u0113jumi:<br \/>\nP102 Sarg\u0101t no b\u0113rniem.<br \/>\nP305+P351+P338 SASKAR\u0112 AR AC\u012aM: Uzman\u012bgi izskalot ar \u016bdeni vair\u0101kas min\u016btes. Iz\u0146emt kontaktl\u0113cas, ja t\u0101s ir ievietotas un ja to var vienk\u0101r\u0161i izdar\u012bt. Turpin\u0101t skalot.<br \/>\nP337+P313 Ja acu iekaisums nep\u0101riet: l\u016bdziet medi\u0137u pal\u012bdz\u012bbu.<\/p>\n","protected":false},"excerpt":{"rendered":"<p>100% t\u012bras dab\u012bgas ziepes. Nesatur \u0137\u012bmisk\u0101s vielas un smar\u017evielas. Iesp\u0113jam\u0101 smar\u017ea nav kait\u012bga. Aizsarg\u0101 \u0161\u0137iedras un kr\u0101sas, efekt\u012bvi no\u0146em traipus un net\u012brumus, nepies\u0101r\u0146o notek\u016bde\u0146us. Dermatolo\u0123iski p\u0101rbaud\u012btas. Nekairina \u0101du. Uzglab\u0101t saus\u0101 viet\u0101 temperat\u016br\u0101 no \u20135 \u00b0C l\u012bdz +30 \u00b0C labi v\u0113din\u0101m\u0101 telp\u0101. Sarg\u0101t no \u016bdens un mitruma. Sast\u0101v\u0101: 30 % un vair\u0101k ziepju. Dro\u0161\u012bbas pras\u012bbu apz\u012bm\u0113jumi: [&#8230;]\n","protected":false},"featured_media":91602,"template":"","meta":[],"product_cat":[1481],"product_tag":[],"class_list":{"0":"post-77603","1":"product","2":"type-product","3":"status-publish","4":"has-post-thumbnail","6":"product_brand-mattes_pl","7":"product_cat-velas-mazgasanas-lidzekli","9":"first","10":"instock","11":"taxable","12":"shipping-taxable","13":"product-type-simple"},"_links":{"self":[{"href":"https:\/\/e.kosmolat.eu\/lv\/wp-json\/wp\/v2\/product\/77603","targetHints":{"allow":["GET"]}}],"collection":[{"href":"https:\/\/e.kosmolat.eu\/lv\/wp-json\/wp\/v2\/product"}],"about":[{"href":"https:\/\/e.kosmolat.eu\/lv\/wp-json\/wp\/v2\/types\/product"}],"wp:featuredmedia":[{"embeddable":true,"href":"https:\/\/e.kosmolat.eu\/lv\/wp-json\/wp\/v2\/media\/91602"}],"wp:attachment":[{"href":"https:\/\/e.kosmolat.eu\/lv\/wp-json\/wp\/v2\/media?parent=77603"}],"wp:term":[{"taxonomy":"product_cat","embeddable":true,"href":"https:\/\/e.kosmolat.eu\/lv\/wp-json\/wp\/v2\/product_cat?post=77603"},{"taxonomy":"product_tag","embeddable":true,"href":"https:\/\/e.kosmolat.eu\/lv\/wp-json\/wp\/v2\/product_tag?post=77603"}],"curies":[{"name":"wp","href":"https:\/\/api.w.org\/{rel}","templated":true}]}}