{"id":77599,"date":"2025-08-11T13:23:43","date_gmt":"2025-08-11T13:23:43","guid":{"rendered":"https:\/\/e.kosmolat.eu\/product\/hp-phyto-line-shampo-balm-2-in-1-green-tea-and-aloe-510-ml\/"},"modified":"2026-04-21T09:32:53","modified_gmt":"2026-04-21T09:32:53","slug":"hp-fito-linija-samp-balz-2-in-1-zala-teja-un-alveja-mitrinas-500-ml","status":"publish","type":"product","link":"https:\/\/e.kosmolat.eu\/lv\/product\/hp-fito-linija-samp-balz-2-in-1-zala-teja-un-alveja-mitrinas-500-ml\/","title":{"rendered":"HP Fito L\u012bnija \u0160amp.-balz. 2 in 1 Za\u013c\u0101 t\u0113ja un alveja Mitrin\u0101\u0161., 500 ml"},"content":{"rendered":"<p>\u0160amp\u016bns-balzams saudz\u012bgi att\u012bra galvas \u0101du un matus vis\u0101 garum\u0101 no net\u012brumiem. Satur za\u013c\u0101s t\u0113jas un alvejas ekstraktus ar mitrino\u0161\u0101m \u012bpa\u0161\u012bb\u0101m. Nesatur silikonus.<\/p>\n<p>Lieto\u0161ana: uzkl\u0101jiet uz mitriem matiem, saputojiet, noskalojiet ar siltu \u016bdeni.<\/p>\n<p>Piesardz\u012bbas pas\u0101kumi: tikai \u0101r\u012bgai lieto\u0161anai. Ja nok\u013c\u016bst ac\u012bs, nekav\u0113joties izskalojiet t\u0101s ar \u016bdeni. Iesp\u0113jama individu\u0101la jut\u012bba pret atsevi\u0161\u0137\u0101m sast\u0101vda\u013c\u0101m.<\/p>\n<p>Uzglab\u0101\u0161anas noteikumi: uzglab\u0101t temperat\u016br\u0101 no +5\u202f\u00b0C l\u012bdz +25\u202f\u00b0C, sarg\u0101jot no tie\u0161iem saules stariem un ne tuv\u0101k k\u0101 0,5 m no iesl\u0113gt\u0101m apkures ier\u012bc\u0113m. Utiliz\u0113t iepakojumu k\u0101 sadz\u012bves atkritumus.<\/p>\n<p>Der\u012bguma termi\u0146\u0161: 30 m\u0113ne\u0161i no izgatavo\u0161anas datuma.<\/p>\n","protected":false},"excerpt":{"rendered":"<p>\u0160amp\u016bns-balzams saudz\u012bgi att\u012bra galvas \u0101du un matus vis\u0101 garum\u0101 no net\u012brumiem. Satur za\u013c\u0101s t\u0113jas un alvejas ekstraktus ar mitrino\u0161\u0101m \u012bpa\u0161\u012bb\u0101m. Nesatur silikonus. Lieto\u0161ana: uzkl\u0101jiet uz mitriem matiem, saputojiet, noskalojiet ar siltu \u016bdeni. Piesardz\u012bbas pas\u0101kumi: tikai \u0101r\u012bgai lieto\u0161anai. Ja nok\u013c\u016bst ac\u012bs, nekav\u0113joties izskalojiet t\u0101s ar \u016bdeni. Iesp\u0113jama individu\u0101la jut\u012bba pret atsevi\u0161\u0137\u0101m sast\u0101vda\u013c\u0101m. Uzglab\u0101\u0161anas noteikumi: uzglab\u0101t temperat\u016br\u0101 [&#8230;]\n","protected":false},"featured_media":96202,"template":"","meta":[],"product_cat":[1999],"product_tag":[],"class_list":{"0":"post-77599","1":"product","2":"type-product","3":"status-publish","4":"has-post-thumbnail","6":"product_brand-supermash_ua","7":"product_cat-bez-kategorijas","9":"first","10":"instock","11":"taxable","12":"shipping-taxable","13":"product-type-simple"},"_links":{"self":[{"href":"https:\/\/e.kosmolat.eu\/lv\/wp-json\/wp\/v2\/product\/77599","targetHints":{"allow":["GET"]}}],"collection":[{"href":"https:\/\/e.kosmolat.eu\/lv\/wp-json\/wp\/v2\/product"}],"about":[{"href":"https:\/\/e.kosmolat.eu\/lv\/wp-json\/wp\/v2\/types\/product"}],"wp:featuredmedia":[{"embeddable":true,"href":"https:\/\/e.kosmolat.eu\/lv\/wp-json\/wp\/v2\/media\/96202"}],"wp:attachment":[{"href":"https:\/\/e.kosmolat.eu\/lv\/wp-json\/wp\/v2\/media?parent=77599"}],"wp:term":[{"taxonomy":"product_cat","embeddable":true,"href":"https:\/\/e.kosmolat.eu\/lv\/wp-json\/wp\/v2\/product_cat?post=77599"},{"taxonomy":"product_tag","embeddable":true,"href":"https:\/\/e.kosmolat.eu\/lv\/wp-json\/wp\/v2\/product_tag?post=77599"}],"curies":[{"name":"wp","href":"https:\/\/api.w.org\/{rel}","templated":true}]}}