{"id":77591,"date":"2025-08-11T10:21:13","date_gmt":"2025-08-11T10:21:13","guid":{"rendered":"https:\/\/e.kosmolat.eu\/product\/hp-phyto-line-shower-cream-gel-berry-mix-510-ml\/"},"modified":"2026-04-22T10:07:26","modified_gmt":"2026-04-22T10:07:26","slug":"hp-fito-linija-dusas-zel-ogu-maisijums-svaigums-un-kops-510-ml","status":"publish","type":"product","link":"https:\/\/e.kosmolat.eu\/lv\/product\/hp-fito-linija-dusas-zel-ogu-maisijums-svaigums-un-kops-510-ml\/","title":{"rendered":"HP Fito L\u012bnija Du\u0161as \u017eel. Ogu mais\u012bjums Svaigums un kop\u0161., 510 ml"},"content":{"rendered":"<p>Du\u0161as \u017eeleja ar upe\u0146u un \u0137ir\u0161u ekstraktiem maigi att\u012bra \u0101du, atst\u0101j t\u012br\u012bbas un svaiguma saj\u016btu, pie\u0161\u0137ir \u0101dai saldu ogu arom\u0101tu.<\/p>\n<p>Lieto\u0161ana: uzkl\u0101jiet du\u0161as \u017eeleju uz mitras \u0101das, saputojiet, noskalojiet ar siltu \u016bdeni.<\/p>\n<p>Piesardz\u012bbas pas\u0101kumi: tikai \u0101r\u012bgai lieto\u0161anai. Ja nok\u013c\u016bst ac\u012bs, nekav\u0113joties izskalojiet t\u0101s ar \u016bdeni. Iesp\u0113jama individu\u0101la jut\u012bba pret atsevi\u0161\u0137\u0101m sast\u0101vda\u013c\u0101m.<\/p>\n<p>Uzglab\u0101\u0161anas noteikumi: uzglab\u0101t temperat\u016br\u0101 no +5\u202f\u00b0C l\u012bdz +25\u202f\u00b0C, sarg\u0101jot no tie\u0161iem saules stariem un ne tuv\u0101k k\u0101 0,5 m no iesl\u0113gt\u0101m apkures ier\u012bc\u0113m. Utiliz\u0113t iepakojumu k\u0101 sadz\u012bves atkritumus.<\/p>\n<p>Der\u012bguma termi\u0146\u0161: 30 m\u0113ne\u0161i no izgatavo\u0161anas datuma.<\/p>\n","protected":false},"excerpt":{"rendered":"<p>Du\u0161as \u017eeleja ar upe\u0146u un \u0137ir\u0161u ekstraktiem maigi att\u012bra \u0101du, atst\u0101j t\u012br\u012bbas un svaiguma saj\u016btu, pie\u0161\u0137ir \u0101dai saldu ogu arom\u0101tu. Lieto\u0161ana: uzkl\u0101jiet du\u0161as \u017eeleju uz mitras \u0101das, saputojiet, noskalojiet ar siltu \u016bdeni. Piesardz\u012bbas pas\u0101kumi: tikai \u0101r\u012bgai lieto\u0161anai. Ja nok\u013c\u016bst ac\u012bs, nekav\u0113joties izskalojiet t\u0101s ar \u016bdeni. Iesp\u0113jama individu\u0101la jut\u012bba pret atsevi\u0161\u0137\u0101m sast\u0101vda\u013c\u0101m. Uzglab\u0101\u0161anas noteikumi: uzglab\u0101t temperat\u016br\u0101 [&#8230;]\n","protected":false},"featured_media":96210,"template":"","meta":[],"product_cat":[1999],"product_tag":[],"class_list":{"0":"post-77591","1":"product","2":"type-product","3":"status-publish","4":"has-post-thumbnail","6":"product_brand-supermash_ua","7":"product_cat-bez-kategorijas","9":"first","10":"instock","11":"taxable","12":"shipping-taxable","13":"product-type-simple"},"_links":{"self":[{"href":"https:\/\/e.kosmolat.eu\/lv\/wp-json\/wp\/v2\/product\/77591","targetHints":{"allow":["GET"]}}],"collection":[{"href":"https:\/\/e.kosmolat.eu\/lv\/wp-json\/wp\/v2\/product"}],"about":[{"href":"https:\/\/e.kosmolat.eu\/lv\/wp-json\/wp\/v2\/types\/product"}],"wp:featuredmedia":[{"embeddable":true,"href":"https:\/\/e.kosmolat.eu\/lv\/wp-json\/wp\/v2\/media\/96210"}],"wp:attachment":[{"href":"https:\/\/e.kosmolat.eu\/lv\/wp-json\/wp\/v2\/media?parent=77591"}],"wp:term":[{"taxonomy":"product_cat","embeddable":true,"href":"https:\/\/e.kosmolat.eu\/lv\/wp-json\/wp\/v2\/product_cat?post=77591"},{"taxonomy":"product_tag","embeddable":true,"href":"https:\/\/e.kosmolat.eu\/lv\/wp-json\/wp\/v2\/product_tag?post=77591"}],"curies":[{"name":"wp","href":"https:\/\/api.w.org\/{rel}","templated":true}]}}