{"id":77587,"date":"2025-08-11T08:20:52","date_gmt":"2025-08-11T08:20:52","guid":{"rendered":"https:\/\/e.kosmolat.eu\/product\/dsc-body-oil-retinol-4fl-oz-120ml-bottlebox\/"},"modified":"2026-04-17T06:14:59","modified_gmt":"2026-04-17T06:14:59","slug":"dsc-kermena-ella-ar-retinolu-120-ml","status":"publish","type":"product","link":"https:\/\/e.kosmolat.eu\/lv\/product\/dsc-kermena-ella-ar-retinolu-120-ml\/","title":{"rendered":"DSC \u0136erme\u0146a e\u013cla ar retinolu, 120 ml"},"content":{"rendered":"<p>\u0100das kop\u0161anas l\u012bdzeklis ar retinolu. Pateicoties unik\u0101lajai formulai, kas bag\u0101ta ar A un E vitam\u012bniem, e\u013c\u013ca baro un m\u012bkstina \u0101du, pal\u012bdz aizsarg\u0101t to no br\u012bvajiem radik\u0101\u013ciem, aizkav\u0113 noveco\u0161an\u0101s paz\u012bmju par\u0101d\u012b\u0161anos un pie\u0161\u0137ir \u0101dai jaunekl\u012bgu un svaigu izskatu.<\/p>\n<p>Lieto\u0161ana: bag\u0101t\u012bgi uzkl\u0101jiet uz visa \u0137erme\u0146a un iemas\u0113jiet ar ap\u013cveida kust\u012bb\u0101m. Izvairieties no saskares ar ac\u012bm. Izmantojiet tikai paredz\u0113tajam m\u0113r\u0137im, iev\u0113rojot nor\u0101d\u012bjumus. Tikai \u0101r\u012bgai lieto\u0161anai. Nelietot uz boj\u0101tas vai kairin\u0101tas \u0101das.<\/p>\n<p>Satur A vitam\u012bnu. L\u016bgums pirms lieto\u0161anas p\u0101rdom\u0101t savu dienas devu.<\/p>\n","protected":false},"excerpt":{"rendered":"<p>\u0100das kop\u0161anas l\u012bdzeklis ar retinolu. Pateicoties unik\u0101lajai formulai, kas bag\u0101ta ar A un E vitam\u012bniem, e\u013c\u013ca baro un m\u012bkstina \u0101du, pal\u012bdz aizsarg\u0101t to no br\u012bvajiem radik\u0101\u013ciem, aizkav\u0113 noveco\u0161an\u0101s paz\u012bmju par\u0101d\u012b\u0161anos un pie\u0161\u0137ir \u0101dai jaunekl\u012bgu un svaigu izskatu. Lieto\u0161ana: bag\u0101t\u012bgi uzkl\u0101jiet uz visa \u0137erme\u0146a un iemas\u0113jiet ar ap\u013cveida kust\u012bb\u0101m. Izvairieties no saskares ar ac\u012bm. Izmantojiet tikai [&#8230;]\n","protected":false},"featured_media":93950,"template":"","meta":[],"product_cat":[1999],"product_tag":[],"class_list":{"0":"post-77587","1":"product","2":"type-product","3":"status-publish","4":"has-post-thumbnail","6":"product_brand-dead-sea_il","7":"product_cat-bez-kategorijas","9":"first","10":"instock","11":"taxable","12":"shipping-taxable","13":"product-type-simple"},"_links":{"self":[{"href":"https:\/\/e.kosmolat.eu\/lv\/wp-json\/wp\/v2\/product\/77587","targetHints":{"allow":["GET"]}}],"collection":[{"href":"https:\/\/e.kosmolat.eu\/lv\/wp-json\/wp\/v2\/product"}],"about":[{"href":"https:\/\/e.kosmolat.eu\/lv\/wp-json\/wp\/v2\/types\/product"}],"wp:featuredmedia":[{"embeddable":true,"href":"https:\/\/e.kosmolat.eu\/lv\/wp-json\/wp\/v2\/media\/93950"}],"wp:attachment":[{"href":"https:\/\/e.kosmolat.eu\/lv\/wp-json\/wp\/v2\/media?parent=77587"}],"wp:term":[{"taxonomy":"product_cat","embeddable":true,"href":"https:\/\/e.kosmolat.eu\/lv\/wp-json\/wp\/v2\/product_cat?post=77587"},{"taxonomy":"product_tag","embeddable":true,"href":"https:\/\/e.kosmolat.eu\/lv\/wp-json\/wp\/v2\/product_tag?post=77587"}],"curies":[{"name":"wp","href":"https:\/\/api.w.org\/{rel}","templated":true}]}}