{"id":77583,"date":"2025-08-11T07:36:26","date_gmt":"2025-08-11T07:36:26","guid":{"rendered":"https:\/\/e.kosmolat.eu\/product\/dsc-naves-juras-sals-vannam-ar-eikalipta-ellu-970-g\/"},"modified":"2026-04-10T09:15:47","modified_gmt":"2026-04-10T09:15:47","slug":"dsc-naves-juras-sals-vannam-ar-eikalipta-ellu-970-g","status":"publish","type":"product","link":"https:\/\/e.kosmolat.eu\/lv\/product\/dsc-naves-juras-sals-vannam-ar-eikalipta-ellu-970-g\/","title":{"rendered":"DSC N\u0101ves j\u016bras s\u0101ls vann\u0101m ar eikalipta e\u013clu, 970 g"},"content":{"rendered":"<p>N\u0101ves j\u016bras s\u0101ls vann\u0101m ar eikalipta e\u013c\u013cu bag\u0101tina \u0101du un pal\u012bdz mazin\u0101t nogurumu. Izbaudiet pilnv\u0113rt\u012bgu SPA kop\u0161anu sav\u0101s m\u0101j\u0101s.<\/p>\n<p>Lieto\u0161ana: iz\u0161\u0137\u012bdiniet 1\/4 burci\u0146as silt\u0101 \u016bden\u012b. Vannojieties 20 min\u016btes, p\u0113c tam noskalojieties ar siltu \u016bdeni. Atp\u016btieties 30\u201360 min\u016btes.<\/p>\n<p>Piesardz\u012bbas pas\u0101kumi: Tikai \u0101r\u012bgai lieto\u0161anai. Izvair\u012bties no saskares ar ac\u012bm. Sarg\u0101t no b\u0113rniem.<\/p>\n","protected":false},"excerpt":{"rendered":"<p>N\u0101ves j\u016bras s\u0101ls vann\u0101m ar eikalipta e\u013c\u013cu bag\u0101tina \u0101du un pal\u012bdz mazin\u0101t nogurumu. Izbaudiet pilnv\u0113rt\u012bgu SPA kop\u0161anu sav\u0101s m\u0101j\u0101s. Lieto\u0161ana: iz\u0161\u0137\u012bdiniet 1\/4 burci\u0146as silt\u0101 \u016bden\u012b. Vannojieties 20 min\u016btes, p\u0113c tam noskalojieties ar siltu \u016bdeni. Atp\u016btieties 30\u201360 min\u016btes. Piesardz\u012bbas pas\u0101kumi: Tikai \u0101r\u012bgai lieto\u0161anai. Izvair\u012bties no saskares ar ac\u012bm. Sarg\u0101t no b\u0113rniem.<\/p>\n","protected":false},"featured_media":93922,"template":"","meta":[],"product_cat":[1610],"product_tag":[],"class_list":{"0":"post-77583","1":"product","2":"type-product","3":"status-publish","4":"has-post-thumbnail","6":"product_brand-dead-sea_il","7":"product_cat-vannas-putas-sali-bumbas","9":"first","10":"instock","11":"taxable","12":"shipping-taxable","13":"product-type-simple"},"_links":{"self":[{"href":"https:\/\/e.kosmolat.eu\/lv\/wp-json\/wp\/v2\/product\/77583","targetHints":{"allow":["GET"]}}],"collection":[{"href":"https:\/\/e.kosmolat.eu\/lv\/wp-json\/wp\/v2\/product"}],"about":[{"href":"https:\/\/e.kosmolat.eu\/lv\/wp-json\/wp\/v2\/types\/product"}],"wp:featuredmedia":[{"embeddable":true,"href":"https:\/\/e.kosmolat.eu\/lv\/wp-json\/wp\/v2\/media\/93922"}],"wp:attachment":[{"href":"https:\/\/e.kosmolat.eu\/lv\/wp-json\/wp\/v2\/media?parent=77583"}],"wp:term":[{"taxonomy":"product_cat","embeddable":true,"href":"https:\/\/e.kosmolat.eu\/lv\/wp-json\/wp\/v2\/product_cat?post=77583"},{"taxonomy":"product_tag","embeddable":true,"href":"https:\/\/e.kosmolat.eu\/lv\/wp-json\/wp\/v2\/product_tag?post=77583"}],"curies":[{"name":"wp","href":"https:\/\/api.w.org\/{rel}","templated":true}]}}