{"id":77579,"date":"2025-08-11T07:20:27","date_gmt":"2025-08-11T07:20:27","guid":{"rendered":"https:\/\/e.kosmolat.eu\/product\/dsc-kermena-skrubis-ar-himalaju-sali-660-g\/"},"modified":"2026-04-23T09:29:18","modified_gmt":"2026-04-23T09:29:18","slug":"dsc-kermena-skrubis-ar-himalaju-sali-660-g","status":"publish","type":"product","link":"https:\/\/e.kosmolat.eu\/lv\/product\/dsc-kermena-skrubis-ar-himalaju-sali-660-g\/","title":{"rendered":"DSC \u0136erme\u0146a skrubis ar Himalaju s\u0101li, 660 g"},"content":{"rendered":"<p>\u0160is barojo\u0161ais skrubis, kas bag\u0101tin\u0101ts ar Himalaju s\u0101li, N\u0101ves j\u016bras miner\u0101liem un arom\u0101tiskaj\u0101m e\u013c\u013c\u0101m, maigi eksfoli\u0113 \u0101du.<\/p>\n<p>Lieto\u0161ana: Uzkl\u0101jiet pietiekamu daudzumu l\u012bdzek\u013ca uz mitras \u0101das, iemas\u0113jiet ar ap\u013cveida kust\u012bb\u0101m 1\u20132 min\u016btes, p\u0113c tam noskalojiet ar siltu \u016bdeni.<\/p>\n<p>Piesardz\u012bbas pas\u0101kumi: Tikai \u0101r\u012bgai lieto\u0161anai. Izvair\u012bties no saskares ar ac\u012bm. Uzglab\u0101t b\u0113rniem nepieejam\u0101 viet\u0101.<\/p>\n","protected":false},"excerpt":{"rendered":"<p>\u0160is barojo\u0161ais skrubis, kas bag\u0101tin\u0101ts ar Himalaju s\u0101li, N\u0101ves j\u016bras miner\u0101liem un arom\u0101tiskaj\u0101m e\u013c\u013c\u0101m, maigi eksfoli\u0113 \u0101du. Lieto\u0161ana: Uzkl\u0101jiet pietiekamu daudzumu l\u012bdzek\u013ca uz mitras \u0101das, iemas\u0113jiet ar ap\u013cveida kust\u012bb\u0101m 1\u20132 min\u016btes, p\u0113c tam noskalojiet ar siltu \u016bdeni. Piesardz\u012bbas pas\u0101kumi: Tikai \u0101r\u012bgai lieto\u0161anai. Izvair\u012bties no saskares ar ac\u012bm. Uzglab\u0101t b\u0113rniem nepieejam\u0101 viet\u0101.<\/p>\n","protected":false},"featured_media":93906,"template":"","meta":[],"product_cat":[1357],"product_tag":[],"class_list":{"0":"post-77579","1":"product","2":"type-product","3":"status-publish","4":"has-post-thumbnail","6":"product_brand-dead-sea_il","7":"product_cat-skrubji-un-pilingi-kermenim","9":"first","10":"instock","11":"taxable","12":"shipping-taxable","13":"product-type-simple"},"_links":{"self":[{"href":"https:\/\/e.kosmolat.eu\/lv\/wp-json\/wp\/v2\/product\/77579","targetHints":{"allow":["GET"]}}],"collection":[{"href":"https:\/\/e.kosmolat.eu\/lv\/wp-json\/wp\/v2\/product"}],"about":[{"href":"https:\/\/e.kosmolat.eu\/lv\/wp-json\/wp\/v2\/types\/product"}],"wp:featuredmedia":[{"embeddable":true,"href":"https:\/\/e.kosmolat.eu\/lv\/wp-json\/wp\/v2\/media\/93906"}],"wp:attachment":[{"href":"https:\/\/e.kosmolat.eu\/lv\/wp-json\/wp\/v2\/media?parent=77579"}],"wp:term":[{"taxonomy":"product_cat","embeddable":true,"href":"https:\/\/e.kosmolat.eu\/lv\/wp-json\/wp\/v2\/product_cat?post=77579"},{"taxonomy":"product_tag","embeddable":true,"href":"https:\/\/e.kosmolat.eu\/lv\/wp-json\/wp\/v2\/product_tag?post=77579"}],"curies":[{"name":"wp","href":"https:\/\/api.w.org\/{rel}","templated":true}]}}