{"id":77574,"date":"2025-08-08T14:20:52","date_gmt":"2025-08-08T14:20:52","guid":{"rendered":"https:\/\/e.kosmolat.eu\/product\/skin-care-mitr-un-baroj-kr-sejai-kakl-un-rokam-ar-hialuronsk-500-ml\/"},"modified":"2026-04-17T07:38:41","modified_gmt":"2026-04-17T07:38:41","slug":"skin-care-mitr-un-baroj-kr-sejai-kakl-un-rokam-ar-hialuronsk-500-ml","status":"publish","type":"product","link":"https:\/\/e.kosmolat.eu\/lv\/product\/skin-care-mitr-un-baroj-kr-sejai-kakl-un-rokam-ar-hialuronsk-500-ml\/","title":{"rendered":"SKIN CARE Mitr. un baroj. kr. sejai, kakl. un rok\u0101m ar hialuronsk., 500 ml"},"content":{"rendered":"<p>Maigs un viegli uzs\u016bco\u0161s kr\u0113ms ir bag\u0101tin\u0101ts ar hialuronsk\u0101bi. Kr\u0113ms mitrina un baro j\u016bsu \u0101du, padarot to maigu, elast\u012bgu un atjaunotu.<\/p>\n<p>Lieto\u0161ana: Uzkl\u0101jiet pietiekamu kr\u0113ma daudzumu uz att\u012br\u012btas sejas, kakla vai roku \u0101das. Maigi iemas\u0113jiet ar ap\u013cveida kust\u012bb\u0101m, l\u012bdz piln\u012bb\u0101 uzs\u016bcas.<\/p>\n","protected":false},"excerpt":{"rendered":"<p>Maigs un viegli uzs\u016bco\u0161s kr\u0113ms ir bag\u0101tin\u0101ts ar hialuronsk\u0101bi. Kr\u0113ms mitrina un baro j\u016bsu \u0101du, padarot to maigu, elast\u012bgu un atjaunotu. Lieto\u0161ana: Uzkl\u0101jiet pietiekamu kr\u0113ma daudzumu uz att\u012br\u012btas sejas, kakla vai roku \u0101das. Maigi iemas\u0113jiet ar ap\u013cveida kust\u012bb\u0101m, l\u012bdz piln\u012bb\u0101 uzs\u016bcas.<\/p>\n","protected":false},"featured_media":93926,"template":"","meta":[],"product_cat":[2181],"product_tag":[],"class_list":{"0":"post-77574","1":"product","2":"type-product","3":"status-publish","4":"has-post-thumbnail","6":"product_brand-dead-sea_il","7":"product_cat-bez-kategorijas-lt","9":"first","10":"instock","11":"taxable","12":"shipping-taxable","13":"product-type-simple"},"_links":{"self":[{"href":"https:\/\/e.kosmolat.eu\/lv\/wp-json\/wp\/v2\/product\/77574","targetHints":{"allow":["GET"]}}],"collection":[{"href":"https:\/\/e.kosmolat.eu\/lv\/wp-json\/wp\/v2\/product"}],"about":[{"href":"https:\/\/e.kosmolat.eu\/lv\/wp-json\/wp\/v2\/types\/product"}],"wp:featuredmedia":[{"embeddable":true,"href":"https:\/\/e.kosmolat.eu\/lv\/wp-json\/wp\/v2\/media\/93926"}],"wp:attachment":[{"href":"https:\/\/e.kosmolat.eu\/lv\/wp-json\/wp\/v2\/media?parent=77574"}],"wp:term":[{"taxonomy":"product_cat","embeddable":true,"href":"https:\/\/e.kosmolat.eu\/lv\/wp-json\/wp\/v2\/product_cat?post=77574"},{"taxonomy":"product_tag","embeddable":true,"href":"https:\/\/e.kosmolat.eu\/lv\/wp-json\/wp\/v2\/product_tag?post=77574"}],"curies":[{"name":"wp","href":"https:\/\/api.w.org\/{rel}","templated":true}]}}