{"id":77570,"date":"2025-08-08T13:22:01","date_gmt":"2025-08-08T13:22:01","guid":{"rendered":"https:\/\/e.kosmolat.eu\/product\/skincare-vitamin-c-serum\/"},"modified":"2026-04-21T05:57:49","modified_gmt":"2026-04-21T05:57:49","slug":"skin-care-sejas-serums-c-vitamins-50-ml","status":"publish","type":"product","link":"https:\/\/e.kosmolat.eu\/lv\/product\/skin-care-sejas-serums-c-vitamins-50-ml\/","title":{"rendered":"SKIN CARE Sejas serums C vitam\u012bns, 50 ml"},"content":{"rendered":"<p>C vitam\u012bns ir paz\u012bstams k\u0101 sp\u0113c\u012bgs antioksidants, kas stimul\u0113 kolag\u0113na sint\u0113zi. \u0160\u012b bag\u0101t\u012bg\u0101 un intens\u012bv\u0101 formula, kas bag\u0101tin\u0101ta ar N\u0101ves j\u016bras miner\u0101liem un vitam\u012bniem, pal\u012bdz uzlabot \u0101das izskatu, padarot to tvirt\u0101ku un glud\u0101ku.<\/p>\n<p>Lieto\u0161ana: Uzkl\u0101jiet no r\u012bta un vakar\u0101 pirms dienas vai nakts kr\u0113ma. Maigi iemas\u0113jiet \u0101d\u0101.<\/p>\n<p>Br\u012bdin\u0101jums: satur A vitam\u012bnu. L\u016bgums pirms lieto\u0161anas p\u0101rdom\u0101t savu dienas devu.<\/p>\n","protected":false},"excerpt":{"rendered":"<p>C vitam\u012bns ir paz\u012bstams k\u0101 sp\u0113c\u012bgs antioksidants, kas stimul\u0113 kolag\u0113na sint\u0113zi. \u0160\u012b bag\u0101t\u012bg\u0101 un intens\u012bv\u0101 formula, kas bag\u0101tin\u0101ta ar N\u0101ves j\u016bras miner\u0101liem un vitam\u012bniem, pal\u012bdz uzlabot \u0101das izskatu, padarot to tvirt\u0101ku un glud\u0101ku. Lieto\u0161ana: Uzkl\u0101jiet no r\u012bta un vakar\u0101 pirms dienas vai nakts kr\u0113ma. Maigi iemas\u0113jiet \u0101d\u0101. Br\u012bdin\u0101jums: satur A vitam\u012bnu. L\u016bgums pirms lieto\u0161anas p\u0101rdom\u0101t [&#8230;]\n","protected":false},"featured_media":96026,"template":"","meta":[],"product_cat":[1325],"product_tag":[],"class_list":{"0":"post-77570","1":"product","2":"type-product","3":"status-publish","4":"has-post-thumbnail","6":"product_brand-dead-sea_il","7":"product_cat-serumi","9":"first","10":"instock","11":"taxable","12":"shipping-taxable","13":"product-type-simple"},"_links":{"self":[{"href":"https:\/\/e.kosmolat.eu\/lv\/wp-json\/wp\/v2\/product\/77570","targetHints":{"allow":["GET"]}}],"collection":[{"href":"https:\/\/e.kosmolat.eu\/lv\/wp-json\/wp\/v2\/product"}],"about":[{"href":"https:\/\/e.kosmolat.eu\/lv\/wp-json\/wp\/v2\/types\/product"}],"wp:featuredmedia":[{"embeddable":true,"href":"https:\/\/e.kosmolat.eu\/lv\/wp-json\/wp\/v2\/media\/96026"}],"wp:attachment":[{"href":"https:\/\/e.kosmolat.eu\/lv\/wp-json\/wp\/v2\/media?parent=77570"}],"wp:term":[{"taxonomy":"product_cat","embeddable":true,"href":"https:\/\/e.kosmolat.eu\/lv\/wp-json\/wp\/v2\/product_cat?post=77570"},{"taxonomy":"product_tag","embeddable":true,"href":"https:\/\/e.kosmolat.eu\/lv\/wp-json\/wp\/v2\/product_tag?post=77570"}],"curies":[{"name":"wp","href":"https:\/\/api.w.org\/{rel}","templated":true}]}}