{"id":77566,"date":"2025-08-08T13:06:50","date_gmt":"2025-08-08T13:06:50","guid":{"rendered":"https:\/\/e.kosmolat.eu\/product\/dsc-collagen-facial-serum-1-69fl-oz-50ml-bottleic\/"},"modified":"2026-04-23T09:28:25","modified_gmt":"2026-04-23T09:28:25","slug":"skin-care-sejas-serums-kolagens-50-ml","status":"publish","type":"product","link":"https:\/\/e.kosmolat.eu\/lv\/product\/skin-care-sejas-serums-kolagens-50-ml\/","title":{"rendered":"SKIN CARE Sejas serums Kolag\u0113ns, 50 ml"},"content":{"rendered":"<p>Bag\u0101t\u012bg\u0101 un intens\u012bv\u0101 kolag\u0113na seruma koncentr\u0113t\u0101 formula ir izstr\u0101d\u0101ta, lai stimul\u0113tu \u0161\u012b struktur\u0101l\u0101 prote\u012bna \u2013 kolag\u0113na \u2013 veido\u0161anos, kas atbild par \u0101das jaun\u012bbu un elast\u012bbu, k\u0101 ar\u012b pal\u012bdz c\u012bn\u012bties ar grumb\u0101m. Pateicoties efekt\u012bvaj\u0101m sast\u0101vda\u013c\u0101m, N\u0101ves j\u016bras miner\u0101li un kolag\u0113ns veicina \u0101das gludumu un jaunekl\u012bgu izskatu.<\/p>\n<p>Lieto\u0161ana: Uzkl\u0101jiet no r\u012bta un vakar\u0101 pirms dienas vai nakts kr\u0113ma. Maigi iemas\u0113jiet \u0101d\u0101.<\/p>\n<p>Br\u012bdin\u0101jums: satur A vitam\u012bnu. L\u016bgums pirms lieto\u0161anas p\u0101rdom\u0101t savu dienas devu.<\/p>\n","protected":false},"excerpt":{"rendered":"<p>Bag\u0101t\u012bg\u0101 un intens\u012bv\u0101 kolag\u0113na seruma koncentr\u0113t\u0101 formula ir izstr\u0101d\u0101ta, lai stimul\u0113tu \u0161\u012b struktur\u0101l\u0101 prote\u012bna \u2013 kolag\u0113na \u2013 veido\u0161anos, kas atbild par \u0101das jaun\u012bbu un elast\u012bbu, k\u0101 ar\u012b pal\u012bdz c\u012bn\u012bties ar grumb\u0101m. Pateicoties efekt\u012bvaj\u0101m sast\u0101vda\u013c\u0101m, N\u0101ves j\u016bras miner\u0101li un kolag\u0113ns veicina \u0101das gludumu un jaunekl\u012bgu izskatu. Lieto\u0161ana: Uzkl\u0101jiet no r\u012bta un vakar\u0101 pirms dienas vai nakts [&#8230;]\n","protected":false},"featured_media":93874,"template":"","meta":[],"product_cat":[1325],"product_tag":[],"class_list":{"0":"post-77566","1":"product","2":"type-product","3":"status-publish","4":"has-post-thumbnail","6":"product_brand-dead-sea_il","7":"product_cat-serumi","9":"first","10":"instock","11":"taxable","12":"shipping-taxable","13":"product-type-simple"},"_links":{"self":[{"href":"https:\/\/e.kosmolat.eu\/lv\/wp-json\/wp\/v2\/product\/77566","targetHints":{"allow":["GET"]}}],"collection":[{"href":"https:\/\/e.kosmolat.eu\/lv\/wp-json\/wp\/v2\/product"}],"about":[{"href":"https:\/\/e.kosmolat.eu\/lv\/wp-json\/wp\/v2\/types\/product"}],"wp:featuredmedia":[{"embeddable":true,"href":"https:\/\/e.kosmolat.eu\/lv\/wp-json\/wp\/v2\/media\/93874"}],"wp:attachment":[{"href":"https:\/\/e.kosmolat.eu\/lv\/wp-json\/wp\/v2\/media?parent=77566"}],"wp:term":[{"taxonomy":"product_cat","embeddable":true,"href":"https:\/\/e.kosmolat.eu\/lv\/wp-json\/wp\/v2\/product_cat?post=77566"},{"taxonomy":"product_tag","embeddable":true,"href":"https:\/\/e.kosmolat.eu\/lv\/wp-json\/wp\/v2\/product_tag?post=77566"}],"curies":[{"name":"wp","href":"https:\/\/api.w.org\/{rel}","templated":true}]}}