{"id":77562,"date":"2025-08-08T11:50:49","date_gmt":"2025-08-08T11:50:49","guid":{"rendered":"https:\/\/e.kosmolat.eu\/product\/dsc-almond-vanilla-body-wash-33-8fl-oz-1000ml\/"},"modified":"2026-04-16T10:18:08","modified_gmt":"2026-04-16T10:18:08","slug":"dsc-nomierin-un-atjaun-mand-vanil-dusas-zeleja-1-l","status":"publish","type":"product","link":"https:\/\/e.kosmolat.eu\/lv\/product\/dsc-nomierin-un-atjaun-mand-vanil-dusas-zeleja-1-l\/","title":{"rendered":"DSC Nomierin. un atjaun. mand.-vani\u013c. du\u0161as \u017eeleja, 1 l"},"content":{"rendered":"<p>Maiga du\u0161as \u017eeleja ar barojo\u0161iem N\u0101ves j\u016bras miner\u0101liem un mande\u013cu un vani\u013cas ekstraktiem atdz\u012bvina \u0101du un atjauno t\u0101s maigumu. Maigi att\u012bra \u0101du no net\u012brumiem, nesausinot to, un atst\u0101j vieglu, pat\u012bkamu arom\u0101tu.<\/p>\n<p>Lieto\u0161ana: Lietojiet vann\u0101 vai du\u0161\u0101. Noskalojiet ar siltu \u016bdeni.<\/p>\n","protected":false},"excerpt":{"rendered":"<p>Maiga du\u0161as \u017eeleja ar barojo\u0161iem N\u0101ves j\u016bras miner\u0101liem un mande\u013cu un vani\u013cas ekstraktiem atdz\u012bvina \u0101du un atjauno t\u0101s maigumu. Maigi att\u012bra \u0101du no net\u012brumiem, nesausinot to, un atst\u0101j vieglu, pat\u012bkamu arom\u0101tu. Lieto\u0161ana: Lietojiet vann\u0101 vai du\u0161\u0101. Noskalojiet ar siltu \u016bdeni.<\/p>\n","protected":false},"featured_media":93942,"template":"","meta":[],"product_cat":[1280],"product_tag":[],"class_list":{"0":"post-77562","1":"product","2":"type-product","3":"status-publish","4":"has-post-thumbnail","6":"product_brand-dead-sea_il","7":"product_cat-dusas-zelejas-un-dusas-ellas","9":"first","10":"instock","11":"taxable","12":"shipping-taxable","13":"product-type-simple"},"_links":{"self":[{"href":"https:\/\/e.kosmolat.eu\/lv\/wp-json\/wp\/v2\/product\/77562","targetHints":{"allow":["GET"]}}],"collection":[{"href":"https:\/\/e.kosmolat.eu\/lv\/wp-json\/wp\/v2\/product"}],"about":[{"href":"https:\/\/e.kosmolat.eu\/lv\/wp-json\/wp\/v2\/types\/product"}],"wp:featuredmedia":[{"embeddable":true,"href":"https:\/\/e.kosmolat.eu\/lv\/wp-json\/wp\/v2\/media\/93942"}],"wp:attachment":[{"href":"https:\/\/e.kosmolat.eu\/lv\/wp-json\/wp\/v2\/media?parent=77562"}],"wp:term":[{"taxonomy":"product_cat","embeddable":true,"href":"https:\/\/e.kosmolat.eu\/lv\/wp-json\/wp\/v2\/product_cat?post=77562"},{"taxonomy":"product_tag","embeddable":true,"href":"https:\/\/e.kosmolat.eu\/lv\/wp-json\/wp\/v2\/product_tag?post=77562"}],"curies":[{"name":"wp","href":"https:\/\/api.w.org\/{rel}","templated":true}]}}